{"id":4078,"date":"2020-11-09T15:42:31","date_gmt":"2020-11-09T14:42:31","guid":{"rendered":"https:\/\/test.hellodude.it\/compendio\/home\/"},"modified":"2020-12-16T20:16:21","modified_gmt":"2020-12-16T19:16:21","slug":"home","status":"publish","type":"page","link":"https:\/\/entradit.it\/de\/","title":{"rendered":"Startseite"},"content":{"rendered":"\t\t<div data-elementor-type=\"wp-page\" data-elementor-id=\"4078\" class=\"elementor elementor-4078 elementor-3931\">\n\t\t\t\t\t\t<div class=\"elementor-inner\">\n\t\t\t\t<div class=\"elementor-section-wrap\">\n\t\t\t\t\t\t\t\t\t<section class=\"elementor-section elementor-top-section elementor-element elementor-element-dc83bdb elementor-section-full_width qodef-elementor-content-grid elementor-section-height-default elementor-section-height-default\" data-id=\"dc83bdb\" data-element_type=\"section\" data-settings=\"{&quot;animation&quot;:&quot;none&quot;}\">\n\t\t\t\t\t\t<div class=\"elementor-container elementor-column-gap-no\">\n\t\t\t\t\t\t\t<div class=\"elementor-row\">\n\t\t\t\t\t<div class=\"elementor-column elementor-col-100 elementor-top-column elementor-element elementor-element-d06dc6e\" data-id=\"d06dc6e\" data-element_type=\"column\">\n\t\t\t<div class=\"elementor-column-wrap elementor-element-populated\">\n\t\t\t\t\t\t\t<div class=\"elementor-widget-wrap\">\n\t\t\t\t\t\t<div class=\"elementor-element elementor-element-e0e41e4 elementor-invisible elementor-widget elementor-widget-olema_core_section_title\" data-id=\"e0e41e4\" data-element_type=\"widget\" data-settings=\"{&quot;_animation&quot;:&quot;slideInUp&quot;}\" data-widget_type=\"olema_core_section_title.default\">\n\t\t\t\t<div class=\"elementor-widget-container\">\n\t\t\t<div class=\"qodef-shortcode qodef-m  qodef-section-title qodef-alignment--left  qodef--has-appear\"  style=\"max-width: 1080px\">\n\t\t\t<h1 class=\"qodef-m-title\" >\n\t\t\t\t\tDie Nationalausgabe des Kompendiums der italienischen \u00dcbersetzungen in der Welt - Entradit\t\t\t<\/h1>\n\t<\/div>\t\t<\/div>\n\t\t\t\t<\/div>\n\t\t\t\t<div class=\"elementor-element elementor-element-66bf897 elementor-widget elementor-widget-image\" data-id=\"66bf897\" data-element_type=\"widget\" data-widget_type=\"image.default\">\n\t\t\t\t<div class=\"elementor-widget-container\">\n\t\t\t\t\t\t\t\t<div class=\"elementor-image\">\n\t\t\t\t\t\t\t\t\t\t\t\t<img src=\"https:\/\/entradit.it\/wp-content\/uploads\/elementor\/thumbs\/home-ozv2x6dok1ixketvw7nr7ke3n0r82q1ggi68ohd954.jpg\" title=\"home\" alt=\"home\" \/>\t\t\t\t\t\t\t\t\t\t\t\t\t\t<\/div>\n\t\t\t\t\t\t<\/div>\n\t\t\t\t<\/div>\n\t\t\t\t<div class=\"elementor-element elementor-element-69d37fc elementor-widget elementor-widget-text-editor\" data-id=\"69d37fc\" data-element_type=\"widget\" data-widget_type=\"text-editor.default\">\n\t\t\t\t<div class=\"elementor-widget-container\">\n\t\t\t\t\t\t\t\t<div class=\"elementor-text-editor elementor-clearfix\">\n\t\t\t\t<p class=\"p1\">Die <i>Nationalausgabe des Kompendiums der italienischen \u00dcbersetzungen in der Welt <\/i>&#8211; <i>Entradit <\/i>wird vom Ministerium f\u00fcr Kulturg\u00fcter, kulturelle Aktivit\u00e4ten und Tourismus gem\u00e4\u00df dem Gesetz Nr. 420 vom 1. Dezember 1997, \u201eEinrichtung des Beratungsgremiums f\u00fcr nationale Aussch\u00fcsse und Editionen\u201c, ver\u00f6ffentlicht im Amtsblatt Nr. 284 vom 5. Dezember 1997 und gem\u00e4\u00df dem ministeriellen Rundschreiben Nr. 103\/2017 vom 27. September 2017, \u201eInterventionen bei dem nationalen Ausschuss f\u00fcr Feiern, Jahrestage und kulturelle Veranstaltungen und Nationalausgaben\u201c, unterst\u00fctzt.<\/p><p class=\"p1\">Italienisch ist traditionell in der ganzen Welt als Kultursprache verbreitet, d.h. als \u201eallgegenw\u00e4rtige Basis der Entwicklung der westlichen Zivilisation\u201c.<\/p><p class=\"p1\">Wie haben sich Kultur und Sprache in der Welt verbreitet? Welche, in italienischen Sprachformen, erarbeiteten Konzepte und entsprechenden Begriffe sind in das Identit\u00e4tserbe der Zivilisation eingegangen? Wie hat die italienische wissenschaftliche, k\u00fcnstlerische und philosophische \u00dcberlegung andere, insbesondere westliche Kulturen beeinflusst?<\/p><p class=\"p1\">Die Aufkl\u00e4rung der \u00dcbersetzungen italienischer Werke erm\u00f6glicht es, die Wege zu rekonstruieren, die die italienischen intellektuellen Ausarbeitungen genommen haben, um ein gemeinsames Erbe der Kulturen der Welt zu werden.<\/p>\t\t\t\t\t<\/div>\n\t\t\t\t\t\t<\/div>\n\t\t\t\t<\/div>\n\t\t\t\t<div class=\"elementor-element elementor-element-b294405 elementor-widget-divider--view-line elementor-widget elementor-widget-divider\" data-id=\"b294405\" data-element_type=\"widget\" data-widget_type=\"divider.default\">\n\t\t\t\t<div class=\"elementor-widget-container\">\n\t\t\t\t\t<div class=\"elementor-divider\">\n\t\t\t<span class=\"elementor-divider-separator\">\n\t\t\t\t\t\t<\/span>\n\t\t<\/div>\n\t\t\t\t<\/div>\n\t\t\t\t<\/div>\n\t\t\t\t<div class=\"elementor-element elementor-element-c970db3 elementor-widget elementor-widget-text-editor\" data-id=\"c970db3\" data-element_type=\"widget\" data-widget_type=\"text-editor.default\">\n\t\t\t\t<div class=\"elementor-widget-container\">\n\t\t\t\t\t\t\t\t<div class=\"elementor-text-editor elementor-clearfix\">\n\t\t\t\t<p>Foto von <a href=\"https:\/\/www.flickr.com\/photos\/98640399@N08\/10030588973\/in\/photolist-ghnoDc-2jwZtLs-peMD4r-2j8PGqh-CmW7Gz-GRrX67-acuUgd-HCD7ij-2jF7giC-2jEj6jo-76Xr92-aeipS5-qHxfPg-2j8Nk9v-GGcXWh-7Q6paw-7JECaQ-2j8PGea-9VPaxZ-zrbMdo-MZiz-5aqZ4U-9vaKVE-5amJiR-MZiy-V6kKkC-2gbXQwS-DTuTJ9-7tePMb-zKHs-dfmpWu-SbhsSH-9k4Dgm-2jEP4RJ-SWoBg-vjgr7A-7Axac8-7n9phL-Gx3CJN-2j8PFrt-2csjkuu-7JG7ts-EyuFeo-hPPt38-ddKLea-cb1bEW-9SW2uq-2ehjR28-23ENBD8-nbrFLy\" target=\"_blank\" rel=\"noopener\">Barta IV<\/a>\u00a0\u00a0\/ CC BY 2.0<\/p>\t\t\t\t\t<\/div>\n\t\t\t\t\t\t<\/div>\n\t\t\t\t<\/div>\n\t\t\t\t\t\t<\/div>\n\t\t\t\t\t<\/div>\n\t\t<\/div>\n\t\t\t\t\t\t\t\t<\/div>\n\t\t\t\t\t<\/div>\n\t\t<\/section>\n\t\t\t\t\t\t\t\t\t<\/div>\n\t\t\t<\/div>\n\t\t\t\t\t<\/div>\n\t\t","protected":false},"excerpt":{"rendered":"<p>Die Nationalausgabe des Kompendiums der italienischen \u00dcbersetzungen in der Welt &#8211; Entradit Die Nationalausgabe des Kompendiums der italienischen \u00dcbersetzungen in der Welt &#8211; Entradit wird vom Ministerium f\u00fcr Kulturg\u00fcter, kulturelle Aktivit\u00e4ten und Tourismus gem\u00e4\u00df dem Gesetz Nr. 420 vom 1. Dezember 1997, \u201eEinrichtung des Beratungsgremiums f\u00fcr nationale Aussch\u00fcsse und Editionen\u201c, ver\u00f6ffentlicht im Amtsblatt Nr. 284 [&hellip;]<\/p>\n","protected":false},"author":1,"featured_media":0,"parent":0,"menu_order":0,"comment_status":"closed","ping_status":"closed","template":"page-full-width.php","meta":[],"yoast_head":"<!-- This site is optimized with the Yoast SEO plugin v19.6.1 - https:\/\/yoast.com\/wordpress\/plugins\/seo\/ -->\n<title>Startseite - Entradit<\/title>\n<meta name=\"robots\" content=\"index, follow, max-snippet:-1, max-image-preview:large, max-video-preview:-1\" \/>\n<link rel=\"canonical\" href=\"https:\/\/entradit.it\/de\/\" \/>\n<meta property=\"og:locale\" content=\"de_DE\" \/>\n<meta property=\"og:type\" content=\"article\" \/>\n<meta property=\"og:title\" content=\"Startseite - Entradit\" \/>\n<meta property=\"og:description\" content=\"Die Nationalausgabe des Kompendiums der italienischen \u00dcbersetzungen in der Welt &#8211; Entradit Die Nationalausgabe des Kompendiums der italienischen \u00dcbersetzungen in der Welt &#8211; Entradit wird vom Ministerium f\u00fcr Kulturg\u00fcter, kulturelle Aktivit\u00e4ten und Tourismus gem\u00e4\u00df dem Gesetz Nr. 420 vom 1. Dezember 1997, \u201eEinrichtung des Beratungsgremiums f\u00fcr nationale Aussch\u00fcsse und Editionen\u201c, ver\u00f6ffentlicht im Amtsblatt Nr. 284 [&hellip;]\" \/>\n<meta property=\"og:url\" content=\"https:\/\/entradit.it\/de\/\" \/>\n<meta property=\"og:site_name\" content=\"Entradit\" \/>\n<meta property=\"article:modified_time\" content=\"2020-12-16T19:16:21+00:00\" \/>\n<meta property=\"og:image\" content=\"https:\/\/entradit.it\/wp-content\/uploads\/elementor\/thumbs\/home-ozv2x6dok1ixketvw7nr7ke3n0r82q1ggi68ohd954.jpg\" \/>\n<meta name=\"twitter:card\" content=\"summary_large_image\" \/>\n<meta name=\"twitter:label1\" content=\"Gesch\u00e4tzte Lesezeit\" \/>\n\t<meta name=\"twitter:data1\" content=\"1\u00a0Minute\" \/>\n<script type=\"application\/ld+json\" class=\"yoast-schema-graph\">{\"@context\":\"https:\/\/schema.org\",\"@graph\":[{\"@type\":\"WebPage\",\"@id\":\"https:\/\/entradit.it\/de\/\",\"url\":\"https:\/\/entradit.it\/de\/\",\"name\":\"Startseite - Entradit\",\"isPartOf\":{\"@id\":\"https:\/\/entradit.it\/de\/#website\"},\"datePublished\":\"2020-11-09T14:42:31+00:00\",\"dateModified\":\"2020-12-16T19:16:21+00:00\",\"breadcrumb\":{\"@id\":\"https:\/\/entradit.it\/de\/#breadcrumb\"},\"inLanguage\":\"de\",\"potentialAction\":[{\"@type\":\"ReadAction\",\"target\":[\"https:\/\/entradit.it\/de\/\"]}]},{\"@type\":\"BreadcrumbList\",\"@id\":\"https:\/\/entradit.it\/de\/#breadcrumb\",\"itemListElement\":[{\"@type\":\"ListItem\",\"position\":1,\"name\":\"Home\",\"item\":\"https:\/\/entradit.it\/de\/\"},{\"@type\":\"ListItem\",\"position\":2,\"name\":\"Startseite\"}]},{\"@type\":\"WebSite\",\"@id\":\"https:\/\/entradit.it\/de\/#website\",\"url\":\"https:\/\/entradit.it\/de\/\",\"name\":\"Entradit\",\"description\":\"L\u2019Edizione nazionale del Compendio delle traduzioni italiane nel mondo\",\"potentialAction\":[{\"@type\":\"SearchAction\",\"target\":{\"@type\":\"EntryPoint\",\"urlTemplate\":\"https:\/\/entradit.it\/de\/?s={search_term_string}\"},\"query-input\":\"required name=search_term_string\"}],\"inLanguage\":\"de\"}]}<\/script>\n<!-- \/ Yoast SEO plugin. -->","yoast_head_json":{"title":"Startseite - Entradit","robots":{"index":"index","follow":"follow","max-snippet":"max-snippet:-1","max-image-preview":"max-image-preview:large","max-video-preview":"max-video-preview:-1"},"canonical":"https:\/\/entradit.it\/de\/","og_locale":"de_DE","og_type":"article","og_title":"Startseite - Entradit","og_description":"Die Nationalausgabe des Kompendiums der italienischen \u00dcbersetzungen in der Welt &#8211; Entradit Die Nationalausgabe des Kompendiums der italienischen \u00dcbersetzungen in der Welt &#8211; Entradit wird vom Ministerium f\u00fcr Kulturg\u00fcter, kulturelle Aktivit\u00e4ten und Tourismus gem\u00e4\u00df dem Gesetz Nr. 420 vom 1. Dezember 1997, \u201eEinrichtung des Beratungsgremiums f\u00fcr nationale Aussch\u00fcsse und Editionen\u201c, ver\u00f6ffentlicht im Amtsblatt Nr. 284 [&hellip;]","og_url":"https:\/\/entradit.it\/de\/","og_site_name":"Entradit","article_modified_time":"2020-12-16T19:16:21+00:00","og_image":[{"url":"https:\/\/entradit.it\/wp-content\/uploads\/elementor\/thumbs\/home-ozv2x6dok1ixketvw7nr7ke3n0r82q1ggi68ohd954.jpg"}],"twitter_card":"summary_large_image","twitter_misc":{"Gesch\u00e4tzte Lesezeit":"1\u00a0Minute"},"schema":{"@context":"https:\/\/schema.org","@graph":[{"@type":"WebPage","@id":"https:\/\/entradit.it\/de\/","url":"https:\/\/entradit.it\/de\/","name":"Startseite - Entradit","isPartOf":{"@id":"https:\/\/entradit.it\/de\/#website"},"datePublished":"2020-11-09T14:42:31+00:00","dateModified":"2020-12-16T19:16:21+00:00","breadcrumb":{"@id":"https:\/\/entradit.it\/de\/#breadcrumb"},"inLanguage":"de","potentialAction":[{"@type":"ReadAction","target":["https:\/\/entradit.it\/de\/"]}]},{"@type":"BreadcrumbList","@id":"https:\/\/entradit.it\/de\/#breadcrumb","itemListElement":[{"@type":"ListItem","position":1,"name":"Home","item":"https:\/\/entradit.it\/de\/"},{"@type":"ListItem","position":2,"name":"Startseite"}]},{"@type":"WebSite","@id":"https:\/\/entradit.it\/de\/#website","url":"https:\/\/entradit.it\/de\/","name":"Entradit","description":"L\u2019Edizione nazionale del Compendio delle traduzioni italiane nel mondo","potentialAction":[{"@type":"SearchAction","target":{"@type":"EntryPoint","urlTemplate":"https:\/\/entradit.it\/de\/?s={search_term_string}"},"query-input":"required name=search_term_string"}],"inLanguage":"de"}]}},"_links":{"self":[{"href":"https:\/\/entradit.it\/de\/wp-json\/wp\/v2\/pages\/4078"}],"collection":[{"href":"https:\/\/entradit.it\/de\/wp-json\/wp\/v2\/pages"}],"about":[{"href":"https:\/\/entradit.it\/de\/wp-json\/wp\/v2\/types\/page"}],"author":[{"embeddable":true,"href":"https:\/\/entradit.it\/de\/wp-json\/wp\/v2\/users\/1"}],"replies":[{"embeddable":true,"href":"https:\/\/entradit.it\/de\/wp-json\/wp\/v2\/comments?post=4078"}],"version-history":[{"count":22,"href":"https:\/\/entradit.it\/de\/wp-json\/wp\/v2\/pages\/4078\/revisions"}],"predecessor-version":[{"id":5365,"href":"https:\/\/entradit.it\/de\/wp-json\/wp\/v2\/pages\/4078\/revisions\/5365"}],"wp:attachment":[{"href":"https:\/\/entradit.it\/de\/wp-json\/wp\/v2\/media?parent=4078"}],"curies":[{"name":"wp","href":"https:\/\/api.w.org\/{rel}","templated":true}]}}