{"id":4093,"date":"2020-11-09T15:41:45","date_gmt":"2020-11-09T14:41:45","guid":{"rendered":"https:\/\/test.hellodude.it\/compendio\/metodologie-e-strumenti\/"},"modified":"2020-12-17T16:20:11","modified_gmt":"2020-12-17T15:20:11","slug":"methodologien-und-instrumente","status":"publish","type":"page","link":"https:\/\/entradit.it\/de\/methodologien-und-instrumente\/","title":{"rendered":"Methodologien und Instrumente"},"content":{"rendered":"\t\t<div data-elementor-type=\"wp-page\" data-elementor-id=\"4093\" class=\"elementor elementor-4093 elementor-3943\">\n\t\t\t\t\t\t<div class=\"elementor-inner\">\n\t\t\t\t<div class=\"elementor-section-wrap\">\n\t\t\t\t\t\t\t\t\t<section class=\"elementor-section elementor-top-section elementor-element elementor-element-ba0b8ed elementor-section-full_width qodef-elementor-content-grid elementor-section-height-default elementor-section-height-default\" data-id=\"ba0b8ed\" data-element_type=\"section\">\n\t\t\t\t\t\t<div class=\"elementor-container elementor-column-gap-no\">\n\t\t\t\t\t\t\t<div class=\"elementor-row\">\n\t\t\t\t\t<div class=\"elementor-column elementor-col-100 elementor-top-column elementor-element elementor-element-29dcb4a\" data-id=\"29dcb4a\" data-element_type=\"column\">\n\t\t\t<div class=\"elementor-column-wrap elementor-element-populated\">\n\t\t\t\t\t\t\t<div class=\"elementor-widget-wrap\">\n\t\t\t\t\t\t<div class=\"elementor-element elementor-element-5a04a32 elementor-widget elementor-widget-olema_core_section_title\" data-id=\"5a04a32\" data-element_type=\"widget\" data-widget_type=\"olema_core_section_title.default\">\n\t\t\t\t<div class=\"elementor-widget-container\">\n\t\t\t<div class=\"qodef-shortcode qodef-m  qodef-section-title qodef-alignment--left  qodef--has-appear\"  style=\"max-width: unset\">\n\t\t\t<h2 class=\"qodef-m-title\" >\n\t\t\t\t\tMethodologien und Instrumente\t\t\t<\/h2>\n\t<\/div>\t\t<\/div>\n\t\t\t\t<\/div>\n\t\t\t\t<div class=\"elementor-element elementor-element-cb54226 elementor-widget elementor-widget-text-editor\" data-id=\"cb54226\" data-element_type=\"widget\" data-widget_type=\"text-editor.default\">\n\t\t\t\t<div class=\"elementor-widget-container\">\n\t\t\t\t\t\t\t\t<div class=\"elementor-text-editor elementor-clearfix\">\n\t\t\t\t<p class=\"p1\">Ziel des <i>Kompendiums <\/i>ist es, die Wege der \u00fcbersetzten Werke, durch die die gro\u00dfen Autoren unserer Halbinsel in anderen Kulturen aufgenommen wurden, zu rekonstruieren. Das Kompendium wurde nicht als Katalog von Daten und bibliographischen Referenzen gedacht, sondern als eine Landkarte, anhand derer man sich unter den \u00dcbersetzungen italienischer Werke in der Welt orientieren kann und von der man aus qualitative Erhebungen und Forschungen, sowohl vergleichend als auch kontrastierend, sowohl in Diachronie als auch in Synchronie, ausgehen kann.<\/p><p class=\"p1\">Das <i>Kompendium<\/i> geht von einigen gro\u00dfen italienischen Autoren aus, die die Moderne gepr\u00e4gt haben: Giordano Bruno, Tommaso Campanella, Bernardino Telesio, Niccol\u00f2 Machiavelli, Giovanbattista Vico.<\/p><p class=\"p1\">Die angewandten Methoden stimmen mit dem Hauptziel des Kompendiums \u00fcberein: aufzuzeigen, dass die italienische Kultur eine Basis vieler anderer Kulturen darstellt, die mit ihr in Kontakt gekommen sind.<\/p><p class=\"p1\">Das <i>Kompendium <\/i>bedient sich der quantitativen und qualitativen Analyse: bibliometrische Techniken, statistisch-linguistische, soziolinguistische, geokulturelle Kartierungssysteme.<\/p><p class=\"p1\">Die Daten werden in einer Datenbank auf Google Sheets gesammelt.<\/p><p class=\"p1\">Es wurden der Weltkatalog Worldcat und der KVK (Karlsruher Virtueller Katalog) sowie die nationalen und einheitlichen Kataloge der einzelnen L\u00e4nder verwendet.<\/p>\t\t\t\t\t<\/div>\n\t\t\t\t\t\t<\/div>\n\t\t\t\t<\/div>\n\t\t\t\t<div class=\"elementor-element elementor-element-c0e90ae elementor-widget-divider--view-line elementor-widget elementor-widget-divider\" data-id=\"c0e90ae\" data-element_type=\"widget\" data-widget_type=\"divider.default\">\n\t\t\t\t<div class=\"elementor-widget-container\">\n\t\t\t\t\t<div class=\"elementor-divider\">\n\t\t\t<span class=\"elementor-divider-separator\">\n\t\t\t\t\t\t<\/span>\n\t\t<\/div>\n\t\t\t\t<\/div>\n\t\t\t\t<\/div>\n\t\t\t\t<div class=\"elementor-element elementor-element-dc27fb1 elementor-align-center elementor-widget elementor-widget-button\" data-id=\"dc27fb1\" data-element_type=\"widget\" data-widget_type=\"button.default\">\n\t\t\t\t<div class=\"elementor-widget-container\">\n\t\t\t\t\t<div class=\"elementor-button-wrapper\">\n\t\t\t<a href=\"https:\/\/entradit.it\/wp-content\/uploads\/2020\/12\/methodologien-und-instrumente.pdf\" target=\"_blank\" class=\"elementor-button-link elementor-button elementor-size-sm\" role=\"button\">\n\t\t\t\t\t\t<span class=\"elementor-button-content-wrapper\">\n\t\t\t\t\t\t\t<span class=\"elementor-button-icon elementor-align-icon-left\">\n\t\t\t\t<i aria-hidden=\"true\" class=\"far fa-file-pdf\"><\/i>\t\t\t<\/span>\n\t\t\t\t\t\t<span class=\"elementor-button-text\">METHODOLOGIEN UND INSTRUMENTE <\/span>\n\t\t<\/span>\n\t\t\t\t\t<\/a>\n\t\t<\/div>\n\t\t\t\t<\/div>\n\t\t\t\t<\/div>\n\t\t\t\t\t\t<\/div>\n\t\t\t\t\t<\/div>\n\t\t<\/div>\n\t\t\t\t\t\t\t\t<\/div>\n\t\t\t\t\t<\/div>\n\t\t<\/section>\n\t\t\t\t\t\t\t\t\t<\/div>\n\t\t\t<\/div>\n\t\t\t\t\t<\/div>\n\t\t","protected":false},"excerpt":{"rendered":"<p>Methodologien und Instrumente Ziel des Kompendiums ist es, die Wege der \u00fcbersetzten Werke, durch die die gro\u00dfen Autoren unserer Halbinsel in anderen Kulturen aufgenommen wurden, zu rekonstruieren. Das Kompendium wurde nicht als Katalog von Daten und bibliographischen Referenzen gedacht, sondern als eine Landkarte, anhand derer man sich unter den \u00dcbersetzungen italienischer Werke in der Welt [&hellip;]<\/p>\n","protected":false},"author":1,"featured_media":0,"parent":0,"menu_order":0,"comment_status":"closed","ping_status":"closed","template":"page-full-width.php","meta":[],"yoast_head":"<!-- This site is optimized with the Yoast SEO plugin v19.6.1 - https:\/\/yoast.com\/wordpress\/plugins\/seo\/ -->\n<title>Methodologien und Instrumente - Entradit<\/title>\n<meta name=\"robots\" content=\"index, follow, max-snippet:-1, max-image-preview:large, max-video-preview:-1\" \/>\n<link rel=\"canonical\" href=\"https:\/\/entradit.it\/de\/methodologien-und-instrumente\/\" \/>\n<meta property=\"og:locale\" content=\"de_DE\" \/>\n<meta property=\"og:type\" content=\"article\" \/>\n<meta property=\"og:title\" content=\"Methodologien und Instrumente - Entradit\" \/>\n<meta property=\"og:description\" content=\"Methodologien und Instrumente Ziel des Kompendiums ist es, die Wege der \u00fcbersetzten Werke, durch die die gro\u00dfen Autoren unserer Halbinsel in anderen Kulturen aufgenommen wurden, zu rekonstruieren. Das Kompendium wurde nicht als Katalog von Daten und bibliographischen Referenzen gedacht, sondern als eine Landkarte, anhand derer man sich unter den \u00dcbersetzungen italienischer Werke in der Welt [&hellip;]\" \/>\n<meta property=\"og:url\" content=\"https:\/\/entradit.it\/de\/methodologien-und-instrumente\/\" \/>\n<meta property=\"og:site_name\" content=\"Entradit\" \/>\n<meta property=\"article:modified_time\" content=\"2020-12-17T15:20:11+00:00\" \/>\n<meta name=\"twitter:card\" content=\"summary_large_image\" \/>\n<meta name=\"twitter:label1\" content=\"Gesch\u00e4tzte Lesezeit\" \/>\n\t<meta name=\"twitter:data1\" content=\"1\u00a0Minute\" \/>\n<script type=\"application\/ld+json\" class=\"yoast-schema-graph\">{\"@context\":\"https:\/\/schema.org\",\"@graph\":[{\"@type\":\"WebPage\",\"@id\":\"https:\/\/entradit.it\/de\/methodologien-und-instrumente\/\",\"url\":\"https:\/\/entradit.it\/de\/methodologien-und-instrumente\/\",\"name\":\"Methodologien und Instrumente - Entradit\",\"isPartOf\":{\"@id\":\"https:\/\/entradit.it\/de\/#website\"},\"datePublished\":\"2020-11-09T14:41:45+00:00\",\"dateModified\":\"2020-12-17T15:20:11+00:00\",\"breadcrumb\":{\"@id\":\"https:\/\/entradit.it\/de\/methodologien-und-instrumente\/#breadcrumb\"},\"inLanguage\":\"de\",\"potentialAction\":[{\"@type\":\"ReadAction\",\"target\":[\"https:\/\/entradit.it\/de\/methodologien-und-instrumente\/\"]}]},{\"@type\":\"BreadcrumbList\",\"@id\":\"https:\/\/entradit.it\/de\/methodologien-und-instrumente\/#breadcrumb\",\"itemListElement\":[{\"@type\":\"ListItem\",\"position\":1,\"name\":\"Home\",\"item\":\"https:\/\/entradit.it\/de\/\"},{\"@type\":\"ListItem\",\"position\":2,\"name\":\"Methodologien und Instrumente\"}]},{\"@type\":\"WebSite\",\"@id\":\"https:\/\/entradit.it\/de\/#website\",\"url\":\"https:\/\/entradit.it\/de\/\",\"name\":\"Entradit\",\"description\":\"L\u2019Edizione nazionale del Compendio delle traduzioni italiane nel mondo\",\"potentialAction\":[{\"@type\":\"SearchAction\",\"target\":{\"@type\":\"EntryPoint\",\"urlTemplate\":\"https:\/\/entradit.it\/de\/?s={search_term_string}\"},\"query-input\":\"required name=search_term_string\"}],\"inLanguage\":\"de\"}]}<\/script>\n<!-- \/ Yoast SEO plugin. -->","yoast_head_json":{"title":"Methodologien und Instrumente - Entradit","robots":{"index":"index","follow":"follow","max-snippet":"max-snippet:-1","max-image-preview":"max-image-preview:large","max-video-preview":"max-video-preview:-1"},"canonical":"https:\/\/entradit.it\/de\/methodologien-und-instrumente\/","og_locale":"de_DE","og_type":"article","og_title":"Methodologien und Instrumente - Entradit","og_description":"Methodologien und Instrumente Ziel des Kompendiums ist es, die Wege der \u00fcbersetzten Werke, durch die die gro\u00dfen Autoren unserer Halbinsel in anderen Kulturen aufgenommen wurden, zu rekonstruieren. Das Kompendium wurde nicht als Katalog von Daten und bibliographischen Referenzen gedacht, sondern als eine Landkarte, anhand derer man sich unter den \u00dcbersetzungen italienischer Werke in der Welt [&hellip;]","og_url":"https:\/\/entradit.it\/de\/methodologien-und-instrumente\/","og_site_name":"Entradit","article_modified_time":"2020-12-17T15:20:11+00:00","twitter_card":"summary_large_image","twitter_misc":{"Gesch\u00e4tzte Lesezeit":"1\u00a0Minute"},"schema":{"@context":"https:\/\/schema.org","@graph":[{"@type":"WebPage","@id":"https:\/\/entradit.it\/de\/methodologien-und-instrumente\/","url":"https:\/\/entradit.it\/de\/methodologien-und-instrumente\/","name":"Methodologien und Instrumente - Entradit","isPartOf":{"@id":"https:\/\/entradit.it\/de\/#website"},"datePublished":"2020-11-09T14:41:45+00:00","dateModified":"2020-12-17T15:20:11+00:00","breadcrumb":{"@id":"https:\/\/entradit.it\/de\/methodologien-und-instrumente\/#breadcrumb"},"inLanguage":"de","potentialAction":[{"@type":"ReadAction","target":["https:\/\/entradit.it\/de\/methodologien-und-instrumente\/"]}]},{"@type":"BreadcrumbList","@id":"https:\/\/entradit.it\/de\/methodologien-und-instrumente\/#breadcrumb","itemListElement":[{"@type":"ListItem","position":1,"name":"Home","item":"https:\/\/entradit.it\/de\/"},{"@type":"ListItem","position":2,"name":"Methodologien und Instrumente"}]},{"@type":"WebSite","@id":"https:\/\/entradit.it\/de\/#website","url":"https:\/\/entradit.it\/de\/","name":"Entradit","description":"L\u2019Edizione nazionale del Compendio delle traduzioni italiane nel mondo","potentialAction":[{"@type":"SearchAction","target":{"@type":"EntryPoint","urlTemplate":"https:\/\/entradit.it\/de\/?s={search_term_string}"},"query-input":"required name=search_term_string"}],"inLanguage":"de"}]}},"_links":{"self":[{"href":"https:\/\/entradit.it\/de\/wp-json\/wp\/v2\/pages\/4093"}],"collection":[{"href":"https:\/\/entradit.it\/de\/wp-json\/wp\/v2\/pages"}],"about":[{"href":"https:\/\/entradit.it\/de\/wp-json\/wp\/v2\/types\/page"}],"author":[{"embeddable":true,"href":"https:\/\/entradit.it\/de\/wp-json\/wp\/v2\/users\/1"}],"replies":[{"embeddable":true,"href":"https:\/\/entradit.it\/de\/wp-json\/wp\/v2\/comments?post=4093"}],"version-history":[{"count":25,"href":"https:\/\/entradit.it\/de\/wp-json\/wp\/v2\/pages\/4093\/revisions"}],"predecessor-version":[{"id":5726,"href":"https:\/\/entradit.it\/de\/wp-json\/wp\/v2\/pages\/4093\/revisions\/5726"}],"wp:attachment":[{"href":"https:\/\/entradit.it\/de\/wp-json\/wp\/v2\/media?parent=4093"}],"curies":[{"name":"wp","href":"https:\/\/api.w.org\/{rel}","templated":true}]}}