{"id":4198,"date":"2020-11-11T14:56:51","date_gmt":"2020-11-11T13:56:51","guid":{"rendered":"https:\/\/test.hellodude.it\/compendio\/giordano-bruno\/"},"modified":"2020-12-17T16:10:10","modified_gmt":"2020-12-17T15:10:10","slug":"giordano-bruno","status":"publish","type":"page","link":"https:\/\/entradit.it\/de\/giordano-bruno\/","title":{"rendered":"Giordano Bruno"},"content":{"rendered":"\t\t<div data-elementor-type=\"wp-page\" data-elementor-id=\"4198\" class=\"elementor elementor-4198 elementor-3960\">\n\t\t\t\t\t\t<div class=\"elementor-inner\">\n\t\t\t\t<div class=\"elementor-section-wrap\">\n\t\t\t\t\t\t\t\t\t<section class=\"elementor-section elementor-top-section elementor-element elementor-element-490a496 elementor-section-boxed elementor-section-height-default elementor-section-height-default qodef-elementor-content-no\" data-id=\"490a496\" data-element_type=\"section\">\n\t\t\t\t\t\t<div class=\"elementor-container elementor-column-gap-default\">\n\t\t\t\t\t\t\t<div class=\"elementor-row\">\n\t\t\t\t\t<div class=\"elementor-column elementor-col-100 elementor-top-column elementor-element elementor-element-3eb365d\" data-id=\"3eb365d\" data-element_type=\"column\">\n\t\t\t<div class=\"elementor-column-wrap elementor-element-populated\">\n\t\t\t\t\t\t\t<div class=\"elementor-widget-wrap\">\n\t\t\t\t\t\t<div class=\"elementor-element elementor-element-70b7f34 elementor-widget elementor-widget-image\" data-id=\"70b7f34\" data-element_type=\"widget\" data-widget_type=\"image.default\">\n\t\t\t\t<div class=\"elementor-widget-container\">\n\t\t\t\t\t\t\t\t<div class=\"elementor-image\">\n\t\t\t\t\t\t\t\t\t\t\t\t<img width=\"1024\" height=\"569\" src=\"https:\/\/entradit.it\/wp-content\/uploads\/2020\/11\/giordano-bruno_ritratto-1024x569.jpg\" class=\"attachment-large size-large\" alt=\"\" loading=\"lazy\" srcset=\"https:\/\/entradit.it\/wp-content\/uploads\/2020\/11\/giordano-bruno_ritratto-1024x569.jpg 1024w, https:\/\/entradit.it\/wp-content\/uploads\/2020\/11\/giordano-bruno_ritratto-300x167.jpg 300w, https:\/\/entradit.it\/wp-content\/uploads\/2020\/11\/giordano-bruno_ritratto-768x427.jpg 768w, https:\/\/entradit.it\/wp-content\/uploads\/2020\/11\/giordano-bruno_ritratto.jpg 1440w\" sizes=\"(max-width: 1024px) 100vw, 1024px\" \/>\t\t\t\t\t\t\t\t\t\t\t\t\t\t<\/div>\n\t\t\t\t\t\t<\/div>\n\t\t\t\t<\/div>\n\t\t\t\t<div class=\"elementor-element elementor-element-bcc1359 elementor-widget elementor-widget-text-editor\" data-id=\"bcc1359\" data-element_type=\"widget\" data-widget_type=\"text-editor.default\">\n\t\t\t\t<div class=\"elementor-widget-container\">\n\t\t\t\t\t\t\t\t<div class=\"elementor-text-editor elementor-clearfix\">\n\t\t\t\t<p class=\"p1\">Er wurde 1548 in Nola in Kampanien als Sohn der Familie Bruni geboren. Im Alter von 17 Jahren trat er in das Kloster San Domenico in Neapel ein. 1576 beschloss er in Rom, das kirchliche Ordenskleid abzulegen, nachdem er wegen seiner revolution\u00e4ren Ideen der Ketzerei bezichtigt worden war. Er wanderte zwischen den St\u00e4dten Genf, Toulouse, Paris, London und Frankfurt umher, bis er 1591 in Venedig von der Inquisition verhaftet wurde. W\u00e4hrend des Prozesses erkl\u00e4rte er, dass er widerrufen wolle, aber einmal vor der Inquisition in Rom, w\u00e4hrend des zweiten Prozesses, hielt er fest an seinen Ideen und trat dem Todesurteil auf dem Scheiterhaufen entgegen, welches 1600 im Campo de&#8216; Fiori vollstreckt wurde. Brunos Philosophie basiert auf der Idee, dass Gott, Einheit und Unendlichkeit zugleich, sich zu einer unendlichen Subsistenz vervielfacht. F\u00fcr Bruno bedeutet Religion, Gott \u00fcberall und auch seine wandelnden Formen zu erkennen. Obwohl er Begriffe verwendet, die f\u00fcr fr\u00fchere Denkschulen typisch sind, liegt Brunos Originalit\u00e4t in der Inspiration seiner Spekulationen \u00fcber metaphysische Transvaluierung und die Unendlichkeit der Welt, die ebenfalls stark in der Moral verwurzelt sind. Bruno bricht in der Tat mit dem Determinismus, der der Zirkularit\u00e4t von Eins und Vielfachem innewohnt und legt nahe, dass der kognitive Akt ein Akt der Freiheit, ein Akt der \u00dcberwindung der Natur sei. Dieser Bruch ist auch im literarischen Bereich sichtbar, wo er als einer der ersten die Freiheit des Dichters und des Menschen gegen die Regeln der aristotelischen Poetik und gegen Nachahmungen f\u00f6rdern wird; Bruno lehnt n\u00e4mlich literarische Gattungen klar ab und steht im Gegensatz zu Grammatikern und pedantischen Normativismus\u00b9. Dieselbe Wahl der Vulg\u00e4rsprache ist eng mit der neuen Philosophie verbunden, denn Bruno behauptet, er sei \u201e<span class=\"s1\">von dem Bewusstsein <\/span>getrieben<span class=\"s1\">, dass ein neuer Gedanke eine neue Sprache will\u201c\u00b2, obwohl die Wahl der <\/span>Vulg\u00e4rsprache<span class=\"s1\"> von einigen Wissenschaftlern, darunter Giovanni Aquilecchia\u00b3, <\/span>mit der kulturellen T\u00e4tigkeit der Londoner Kreise und ihrer Entscheidung f\u00fcr die Vulg\u00e4rsprache in Verbindung gebracht wird. <span class=\"s1\">Die Verflechtung der verschiedenen Sprachregister scheint mit Brunos Konzeption der unendlichen Lebensmaterie zusammenzuh\u00e4ngen, <\/span>deshalb \u201eist alles unter dem Gesichtspunkt der Konsistenz, Ordnung und Sch\u00f6nheit der Realit\u00e4t gleich wertvoll und w\u00fcrdevoll<span class=\"s1\">\u201c\u2074. <\/span><\/p><p class=\"p1\"><span class=\"s1\">Die von Giordano Bruno ausgew\u00e4hlten Werke sind daher alle jene, die der Autor urspr\u00fcnglich in der <\/span>Vulg\u00e4rsprache <span class=\"s1\">verfasst hat, n\u00e4mlich <i>La cena de le ceneri<\/i> (1584), <i>De la causa, principio e uno<\/i> (1584), <i>De l&#8217;infinito, universo e mondi<\/i> (1584), <i>Lo spaccio de la bestia trionfante<\/i> (1584), <i>De gli eroici furori <\/i>(1585), <i>La cabala del cavallo pegaseo con l&#8217;aggiunta dell&#8217;asino cillenico<\/i> (1585) und schlie\u00dflich <i>Candelaio<\/i> (1582). Die \u00dcbersetzungen der oben genannten Werke haben in 30 Sprachen stattgefunden und sind in 90 L\u00e4ndern auf der ganzen Welt vorhanden. <\/span>Die Verbreitung der \u00dcbersetzungen in der Welt entnehmen Sie bitte der untenstehenden Grafik, die aus der Datenbank erstellt wurde.<\/p>\t\t\t\t\t<\/div>\n\t\t\t\t\t\t<\/div>\n\t\t\t\t<\/div>\n\t\t\t\t<div class=\"elementor-element elementor-element-7e73799 elementor-align-center elementor-widget elementor-widget-button\" data-id=\"7e73799\" data-element_type=\"widget\" data-widget_type=\"button.default\">\n\t\t\t\t<div class=\"elementor-widget-container\">\n\t\t\t\t\t<div class=\"elementor-button-wrapper\">\n\t\t\t<a href=\"https:\/\/docs.google.com\/spreadsheets\/d\/1jWT8asYjYByRfXNeaAU8ZbysbKhm16ZaXqmKECzUHu0\/edit?ts=5fb532ac#gid=0\" target=\"_blank\" class=\"elementor-button-link elementor-button elementor-size-sm\" role=\"button\">\n\t\t\t\t\t\t<span class=\"elementor-button-content-wrapper\">\n\t\t\t\t\t\t\t<span class=\"elementor-button-icon elementor-align-icon-left\">\n\t\t\t\t<i aria-hidden=\"true\" class=\"far fa-file-excel\"><\/i>\t\t\t<\/span>\n\t\t\t\t\t\t<span class=\"elementor-button-text\">BIBLIOGRAPHISCHEN DATEN<\/span>\n\t\t<\/span>\n\t\t\t\t\t<\/a>\n\t\t<\/div>\n\t\t\t\t<\/div>\n\t\t\t\t<\/div>\n\t\t\t\t<div class=\"elementor-element elementor-element-4c3d18a elementor-widget elementor-widget-olema_core_separator\" data-id=\"4c3d18a\" data-element_type=\"widget\" data-widget_type=\"olema_core_separator.default\">\n\t\t\t\t<div class=\"elementor-widget-container\">\n\t\t\t<div class=\"qodef-shortcode qodef-m  qodef-separator clear \">\n\t<div class=\"qodef-m-line\" ><\/div>\n<\/div>\t\t<\/div>\n\t\t\t\t<\/div>\n\t\t\t\t<section class=\"elementor-section elementor-inner-section elementor-element elementor-element-3e81744 elementor-section-boxed elementor-section-height-default elementor-section-height-default qodef-elementor-content-no\" data-id=\"3e81744\" data-element_type=\"section\">\n\t\t\t\t\t\t<div class=\"elementor-container elementor-column-gap-default\">\n\t\t\t\t\t\t\t<div class=\"elementor-row\">\n\t\t\t\t\t<div class=\"elementor-column elementor-col-50 elementor-inner-column elementor-element elementor-element-f9f1eda\" data-id=\"f9f1eda\" data-element_type=\"column\">\n\t\t\t<div class=\"elementor-column-wrap elementor-element-populated\">\n\t\t\t\t\t\t\t<div class=\"elementor-widget-wrap\">\n\t\t\t\t\t\t<div class=\"elementor-element elementor-element-81123d5 elementor-widget elementor-widget-olema_core_section_title\" data-id=\"81123d5\" data-element_type=\"widget\" data-widget_type=\"olema_core_section_title.default\">\n\t\t\t\t<div class=\"elementor-widget-container\">\n\t\t\t<div class=\"qodef-shortcode qodef-m  qodef-section-title qodef-alignment--left  qodef--has-appear\"  style=\"max-width: unset\">\n\t\t\t<h2 class=\"qodef-m-title\" >\n\t\t\t\t\tWeltweite Verbreitung von den \u00dcbersetzungen der Werke Giordano Brunos\t\t\t<\/h2>\n\t<\/div>\t\t<\/div>\n\t\t\t\t<\/div>\n\t\t\t\t\t\t<\/div>\n\t\t\t\t\t<\/div>\n\t\t<\/div>\n\t\t\t\t<div class=\"elementor-column elementor-col-50 elementor-inner-column elementor-element elementor-element-9a4fd6b\" data-id=\"9a4fd6b\" data-element_type=\"column\">\n\t\t\t<div class=\"elementor-column-wrap elementor-element-populated\">\n\t\t\t\t\t\t\t<div class=\"elementor-widget-wrap\">\n\t\t\t\t\t\t<div class=\"elementor-element elementor-element-6f79d5a elementor-widget elementor-widget-image\" data-id=\"6f79d5a\" data-element_type=\"widget\" data-widget_type=\"image.default\">\n\t\t\t\t<div class=\"elementor-widget-container\">\n\t\t\t\t\t\t\t\t<div class=\"elementor-image\">\n\t\t\t\t\t\t\t\t\t\t\t\t\t<a href=\"https:\/\/docs.google.com\/spreadsheets\/d\/1jWT8asYjYByRfXNeaAU8ZbysbKhm16ZaXqmKECzUHu0\/edit?ts=5fb532ac#gid=846660622\" target=\"_blank\">\n\t\t\t\t\t\t\t<img width=\"600\" height=\"371\" src=\"https:\/\/entradit.it\/wp-content\/uploads\/2020\/11\/mappa-giordano-bruno.png\" class=\"attachment-large size-large\" alt=\"\" loading=\"lazy\" srcset=\"https:\/\/entradit.it\/wp-content\/uploads\/2020\/11\/mappa-giordano-bruno.png 600w, https:\/\/entradit.it\/wp-content\/uploads\/2020\/11\/mappa-giordano-bruno-300x186.png 300w\" sizes=\"(max-width: 600px) 100vw, 600px\" \/>\t\t\t\t\t\t\t\t<\/a>\n\t\t\t\t\t\t\t\t\t\t\t\t\t\t<\/div>\n\t\t\t\t\t\t<\/div>\n\t\t\t\t<\/div>\n\t\t\t\t\t\t<\/div>\n\t\t\t\t\t<\/div>\n\t\t<\/div>\n\t\t\t\t\t\t\t\t<\/div>\n\t\t\t\t\t<\/div>\n\t\t<\/section>\n\t\t\t\t<div class=\"elementor-element elementor-element-d5e5824 elementor-widget elementor-widget-olema_core_separator\" data-id=\"d5e5824\" data-element_type=\"widget\" data-widget_type=\"olema_core_separator.default\">\n\t\t\t\t<div class=\"elementor-widget-container\">\n\t\t\t<div class=\"qodef-shortcode qodef-m  qodef-separator clear \">\n\t<div class=\"qodef-m-line\" ><\/div>\n<\/div>\t\t<\/div>\n\t\t\t\t<\/div>\n\t\t\t\t<div class=\"elementor-element elementor-element-aa2a3e6 elementor-widget elementor-widget-olema_core_section_title\" data-id=\"aa2a3e6\" data-element_type=\"widget\" data-widget_type=\"olema_core_section_title.default\">\n\t\t\t\t<div class=\"elementor-widget-container\">\n\t\t\t<div class=\"qodef-shortcode qodef-m  qodef-section-title qodef-alignment--left  qodef--has-appear\"  style=\"max-width: unset\">\n\t\t\t<h2 class=\"qodef-m-title\" >\n\t\t\t\t\tBibliographischen\t\t\t<\/h2>\n\t<\/div>\t\t<\/div>\n\t\t\t\t<\/div>\n\t\t\t\t<div class=\"elementor-element elementor-element-cddb52b elementor-widget elementor-widget-text-editor\" data-id=\"cddb52b\" data-element_type=\"widget\" data-widget_type=\"text-editor.default\">\n\t\t\t\t<div class=\"elementor-widget-container\">\n\t\t\t\t\t\t\t\t<div class=\"elementor-text-editor elementor-clearfix\">\n\t\t\t\t<p class=\"p1\">Aquilecchia G., (1953), <i>L\u2019adozione del volgare nei dialoghi londinesi di Giordano Bruno,<\/i> \u00abCultura Neolatina\u00bb, XIII, S. 165-189.<\/p><p class=\"p1\">Bruno G., (1994), <i>Spaccio de la bestia trionfante<\/i>, prefazione di Sturlese R., Istituto Suor Orsola di Benincasa, Napoli.<\/p><p class=\"p1\"><a href=\"http:\/\/www.treccani.it\/enciclopedia\/giordano-bruno\/\" target=\"_blank\" rel=\"noopener\"><i>Bruno Giordano<\/i>, Treccani<\/a> (o.l.)<span class=\"Apple-converted-space\">\u00a0 <\/span>(Website am 6. Oktober 2020 aufgerufen).<\/p><p class=\"p1\">Campa R., (2019), <i>Il convivio linguistico. Riflessioni sul ruolo dell\u2019italiano nel mondo contemporaneo,<\/i> Carocci, Roma.<\/p><p class=\"p1\">Ciliberto M., (2005), <i>Pensare per contrari. Disincanto e utopia nel Rinascimento<\/i>, Roma, Edizioni di Storia e letteratura, S. 219.<\/p>\t\t\t\t\t<\/div>\n\t\t\t\t\t\t<\/div>\n\t\t\t\t<\/div>\n\t\t\t\t<div class=\"elementor-element elementor-element-a8dc1dd elementor-widget elementor-widget-olema_core_separator\" data-id=\"a8dc1dd\" data-element_type=\"widget\" data-widget_type=\"olema_core_separator.default\">\n\t\t\t\t<div class=\"elementor-widget-container\">\n\t\t\t<div class=\"qodef-shortcode qodef-m  qodef-separator clear \">\n\t<div class=\"qodef-m-line\" ><\/div>\n<\/div>\t\t<\/div>\n\t\t\t\t<\/div>\n\t\t\t\t<div class=\"elementor-element elementor-element-3ef875c elementor-widget elementor-widget-text-editor\" data-id=\"3ef875c\" data-element_type=\"widget\" data-widget_type=\"text-editor.default\">\n\t\t\t\t<div class=\"elementor-widget-container\">\n\t\t\t\t\t\t\t\t<div class=\"elementor-text-editor elementor-clearfix\">\n\t\t\t\t<p><em>Bilde von <a href=\"https:\/\/www.flickr.com\/photos\/dorlino\/14018832943\/in\/photolist-nmNbCg-48YcQZ-2hihjkt-5Zx2JB-7V4vtF-2gQxRrn-fkHnoL-nmNbCX-9hGc4w-9f3cKZ-fktbAx-Tt9TM-67bhkB-PNZFo-8jxDSx-83gnD7-9FJuoz-PPu6g-9vBggc-Fpgx2R-GPYqQP-F67g1Y-EA72Qr-9Y5bMY-2gQyFsd-F672Ds-9UZngv-6yLit8-2higM1p-EzKaZ5-F66VXN-EA6Lyp-67fuu1-5eKPbw-FmZQLo-icpZ6t-6RF1WU-F67bDw-WpZoNH-bMA2eP-AFCcwK-z5Zq7Z-2hs1CZ-8AFNvf-baPQAz-Vu4oaW-oH31XW-oH3pr1-qAcaVT-2hnMc98\" target=\"_blank\" rel=\"noopener\">Dorli Photography<\/a> \/ CC BY-NC-ND 2.0<\/em><\/p>\t\t\t\t\t<\/div>\n\t\t\t\t\t\t<\/div>\n\t\t\t\t<\/div>\n\t\t\t\t<div class=\"elementor-element elementor-element-da958b5 elementor-widget elementor-widget-olema_core_separator\" data-id=\"da958b5\" data-element_type=\"widget\" data-widget_type=\"olema_core_separator.default\">\n\t\t\t\t<div class=\"elementor-widget-container\">\n\t\t\t<div class=\"qodef-shortcode qodef-m  qodef-separator clear \">\n\t<div class=\"qodef-m-line\" ><\/div>\n<\/div>\t\t<\/div>\n\t\t\t\t<\/div>\n\t\t\t\t<div class=\"elementor-element elementor-element-82bf569 elementor-widget elementor-widget-text-editor\" data-id=\"82bf569\" data-element_type=\"widget\" data-widget_type=\"text-editor.default\">\n\t\t\t\t<div class=\"elementor-widget-container\">\n\t\t\t\t\t\t\t\t<div class=\"elementor-text-editor elementor-clearfix\">\n\t\t\t\t<p>\u00b9 Ciliberto M., (2005), <i>Pensare per contrari. Disincanto e utopia nel Rinascimento<\/i>, Roma, Edizioni di Storia e letteratura, S. 219.<\/p><p>\u00b2 Bruno G., (1994), <i>Spaccio de la bestia trionfante<\/i>, prefazione di Sturlese R., Istituto Suor Orsola di Benincasa, Napoli.<\/p><p>\u00b3 Aquilecchia G., (1953), <i>L&#8217;adozione del volgare nei dialoghi londinesi di Giordano Bruno<\/i>, <span class=\"s1\">&#8222;Cultura Neolatina&#8220;, XIII, S. 165-189. <\/span><\/p><p>\u2074 Ciliberto M., (2005), <i>Pensare per contrari. Disincanto e utopia nel Rinascimento<\/i>, Roma, Edizioni di Storia e letteratura, S. 219.<\/p>\t\t\t\t\t<\/div>\n\t\t\t\t\t\t<\/div>\n\t\t\t\t<\/div>\n\t\t\t\t\t\t<\/div>\n\t\t\t\t\t<\/div>\n\t\t<\/div>\n\t\t\t\t\t\t\t\t<\/div>\n\t\t\t\t\t<\/div>\n\t\t<\/section>\n\t\t\t\t\t\t\t\t\t<\/div>\n\t\t\t<\/div>\n\t\t\t\t\t<\/div>\n\t\t","protected":false},"excerpt":{"rendered":"<p>Er wurde 1548 in Nola in Kampanien als Sohn der Familie Bruni geboren. Im Alter von 17 Jahren trat er in das Kloster San Domenico in Neapel ein. 1576 beschloss er in Rom, das kirchliche Ordenskleid abzulegen, nachdem er wegen seiner revolution\u00e4ren Ideen der Ketzerei bezichtigt worden war. Er wanderte zwischen den St\u00e4dten Genf, Toulouse, [&hellip;]<\/p>\n","protected":false},"author":1,"featured_media":0,"parent":0,"menu_order":0,"comment_status":"closed","ping_status":"closed","template":"","meta":[],"yoast_head":"<!-- This site is optimized with the Yoast SEO plugin v19.6.1 - https:\/\/yoast.com\/wordpress\/plugins\/seo\/ -->\n<title>Giordano Bruno - Entradit<\/title>\n<meta name=\"robots\" content=\"index, follow, max-snippet:-1, max-image-preview:large, max-video-preview:-1\" \/>\n<link rel=\"canonical\" href=\"https:\/\/entradit.it\/de\/giordano-bruno\/\" \/>\n<meta property=\"og:locale\" content=\"de_DE\" \/>\n<meta property=\"og:type\" content=\"article\" \/>\n<meta property=\"og:title\" content=\"Giordano Bruno - Entradit\" \/>\n<meta property=\"og:description\" content=\"Er wurde 1548 in Nola in Kampanien als Sohn der Familie Bruni geboren. Im Alter von 17 Jahren trat er in das Kloster San Domenico in Neapel ein. 1576 beschloss er in Rom, das kirchliche Ordenskleid abzulegen, nachdem er wegen seiner revolution\u00e4ren Ideen der Ketzerei bezichtigt worden war. Er wanderte zwischen den St\u00e4dten Genf, Toulouse, [&hellip;]\" \/>\n<meta property=\"og:url\" content=\"https:\/\/entradit.it\/de\/giordano-bruno\/\" \/>\n<meta property=\"og:site_name\" content=\"Entradit\" \/>\n<meta property=\"article:modified_time\" content=\"2020-12-17T15:10:10+00:00\" \/>\n<meta property=\"og:image\" content=\"https:\/\/entradit.it\/wp-content\/uploads\/2020\/11\/giordano-bruno_ritratto-1024x569.jpg\" \/>\n<meta name=\"twitter:card\" content=\"summary_large_image\" \/>\n<meta name=\"twitter:label1\" content=\"Gesch\u00e4tzte Lesezeit\" \/>\n\t<meta name=\"twitter:data1\" content=\"3\u00a0Minuten\" \/>\n<script type=\"application\/ld+json\" class=\"yoast-schema-graph\">{\"@context\":\"https:\/\/schema.org\",\"@graph\":[{\"@type\":\"WebPage\",\"@id\":\"https:\/\/entradit.it\/de\/giordano-bruno\/\",\"url\":\"https:\/\/entradit.it\/de\/giordano-bruno\/\",\"name\":\"Giordano Bruno - Entradit\",\"isPartOf\":{\"@id\":\"https:\/\/entradit.it\/de\/#website\"},\"datePublished\":\"2020-11-11T13:56:51+00:00\",\"dateModified\":\"2020-12-17T15:10:10+00:00\",\"breadcrumb\":{\"@id\":\"https:\/\/entradit.it\/de\/giordano-bruno\/#breadcrumb\"},\"inLanguage\":\"de\",\"potentialAction\":[{\"@type\":\"ReadAction\",\"target\":[\"https:\/\/entradit.it\/de\/giordano-bruno\/\"]}]},{\"@type\":\"BreadcrumbList\",\"@id\":\"https:\/\/entradit.it\/de\/giordano-bruno\/#breadcrumb\",\"itemListElement\":[{\"@type\":\"ListItem\",\"position\":1,\"name\":\"Home\",\"item\":\"https:\/\/entradit.it\/de\/\"},{\"@type\":\"ListItem\",\"position\":2,\"name\":\"Giordano Bruno\"}]},{\"@type\":\"WebSite\",\"@id\":\"https:\/\/entradit.it\/de\/#website\",\"url\":\"https:\/\/entradit.it\/de\/\",\"name\":\"Entradit\",\"description\":\"L\u2019Edizione nazionale del Compendio delle traduzioni italiane nel mondo\",\"potentialAction\":[{\"@type\":\"SearchAction\",\"target\":{\"@type\":\"EntryPoint\",\"urlTemplate\":\"https:\/\/entradit.it\/de\/?s={search_term_string}\"},\"query-input\":\"required name=search_term_string\"}],\"inLanguage\":\"de\"}]}<\/script>\n<!-- \/ Yoast SEO plugin. -->","yoast_head_json":{"title":"Giordano Bruno - Entradit","robots":{"index":"index","follow":"follow","max-snippet":"max-snippet:-1","max-image-preview":"max-image-preview:large","max-video-preview":"max-video-preview:-1"},"canonical":"https:\/\/entradit.it\/de\/giordano-bruno\/","og_locale":"de_DE","og_type":"article","og_title":"Giordano Bruno - Entradit","og_description":"Er wurde 1548 in Nola in Kampanien als Sohn der Familie Bruni geboren. Im Alter von 17 Jahren trat er in das Kloster San Domenico in Neapel ein. 1576 beschloss er in Rom, das kirchliche Ordenskleid abzulegen, nachdem er wegen seiner revolution\u00e4ren Ideen der Ketzerei bezichtigt worden war. Er wanderte zwischen den St\u00e4dten Genf, Toulouse, [&hellip;]","og_url":"https:\/\/entradit.it\/de\/giordano-bruno\/","og_site_name":"Entradit","article_modified_time":"2020-12-17T15:10:10+00:00","og_image":[{"url":"https:\/\/entradit.it\/wp-content\/uploads\/2020\/11\/giordano-bruno_ritratto-1024x569.jpg"}],"twitter_card":"summary_large_image","twitter_misc":{"Gesch\u00e4tzte Lesezeit":"3\u00a0Minuten"},"schema":{"@context":"https:\/\/schema.org","@graph":[{"@type":"WebPage","@id":"https:\/\/entradit.it\/de\/giordano-bruno\/","url":"https:\/\/entradit.it\/de\/giordano-bruno\/","name":"Giordano Bruno - Entradit","isPartOf":{"@id":"https:\/\/entradit.it\/de\/#website"},"datePublished":"2020-11-11T13:56:51+00:00","dateModified":"2020-12-17T15:10:10+00:00","breadcrumb":{"@id":"https:\/\/entradit.it\/de\/giordano-bruno\/#breadcrumb"},"inLanguage":"de","potentialAction":[{"@type":"ReadAction","target":["https:\/\/entradit.it\/de\/giordano-bruno\/"]}]},{"@type":"BreadcrumbList","@id":"https:\/\/entradit.it\/de\/giordano-bruno\/#breadcrumb","itemListElement":[{"@type":"ListItem","position":1,"name":"Home","item":"https:\/\/entradit.it\/de\/"},{"@type":"ListItem","position":2,"name":"Giordano Bruno"}]},{"@type":"WebSite","@id":"https:\/\/entradit.it\/de\/#website","url":"https:\/\/entradit.it\/de\/","name":"Entradit","description":"L\u2019Edizione nazionale del Compendio delle traduzioni italiane nel mondo","potentialAction":[{"@type":"SearchAction","target":{"@type":"EntryPoint","urlTemplate":"https:\/\/entradit.it\/de\/?s={search_term_string}"},"query-input":"required name=search_term_string"}],"inLanguage":"de"}]}},"_links":{"self":[{"href":"https:\/\/entradit.it\/de\/wp-json\/wp\/v2\/pages\/4198"}],"collection":[{"href":"https:\/\/entradit.it\/de\/wp-json\/wp\/v2\/pages"}],"about":[{"href":"https:\/\/entradit.it\/de\/wp-json\/wp\/v2\/types\/page"}],"author":[{"embeddable":true,"href":"https:\/\/entradit.it\/de\/wp-json\/wp\/v2\/users\/1"}],"replies":[{"embeddable":true,"href":"https:\/\/entradit.it\/de\/wp-json\/wp\/v2\/comments?post=4198"}],"version-history":[{"count":53,"href":"https:\/\/entradit.it\/de\/wp-json\/wp\/v2\/pages\/4198\/revisions"}],"predecessor-version":[{"id":5692,"href":"https:\/\/entradit.it\/de\/wp-json\/wp\/v2\/pages\/4198\/revisions\/5692"}],"wp:attachment":[{"href":"https:\/\/entradit.it\/de\/wp-json\/wp\/v2\/media?parent=4198"}],"curies":[{"name":"wp","href":"https:\/\/api.w.org\/{rel}","templated":true}]}}