{"id":4208,"date":"2020-11-11T15:19:50","date_gmt":"2020-11-11T14:19:50","guid":{"rendered":"https:\/\/test.hellodude.it\/compendio\/tommaso-campanella\/"},"modified":"2020-12-17T16:10:22","modified_gmt":"2020-12-17T15:10:22","slug":"tommaso-campanella","status":"publish","type":"page","link":"https:\/\/entradit.it\/de\/tommaso-campanella\/","title":{"rendered":"Tommaso Campanella"},"content":{"rendered":"\t\t<div data-elementor-type=\"wp-page\" data-elementor-id=\"4208\" class=\"elementor elementor-4208 elementor-3969\">\n\t\t\t\t\t\t<div class=\"elementor-inner\">\n\t\t\t\t<div class=\"elementor-section-wrap\">\n\t\t\t\t\t\t\t\t\t<section class=\"elementor-section elementor-top-section elementor-element elementor-element-8439651 elementor-section-boxed elementor-section-height-default elementor-section-height-default qodef-elementor-content-no\" data-id=\"8439651\" data-element_type=\"section\">\n\t\t\t\t\t\t<div class=\"elementor-container elementor-column-gap-default\">\n\t\t\t\t\t\t\t<div class=\"elementor-row\">\n\t\t\t\t\t<div class=\"elementor-column elementor-col-100 elementor-top-column elementor-element elementor-element-c1a91f5\" data-id=\"c1a91f5\" data-element_type=\"column\">\n\t\t\t<div class=\"elementor-column-wrap elementor-element-populated\">\n\t\t\t\t\t\t\t<div class=\"elementor-widget-wrap\">\n\t\t\t\t\t\t<div class=\"elementor-element elementor-element-1a62a87 elementor-widget elementor-widget-image\" data-id=\"1a62a87\" data-element_type=\"widget\" data-widget_type=\"image.default\">\n\t\t\t\t<div class=\"elementor-widget-container\">\n\t\t\t\t\t\t\t\t<div class=\"elementor-image\">\n\t\t\t\t\t\t\t\t\t\t\t\t<img width=\"1024\" height=\"569\" src=\"https:\/\/entradit.it\/wp-content\/uploads\/2020\/11\/Tommaso-Campanella_ritratto-1024x569.jpg\" class=\"attachment-large size-large\" alt=\"\" loading=\"lazy\" srcset=\"https:\/\/entradit.it\/wp-content\/uploads\/2020\/11\/Tommaso-Campanella_ritratto-1024x569.jpg 1024w, https:\/\/entradit.it\/wp-content\/uploads\/2020\/11\/Tommaso-Campanella_ritratto-300x167.jpg 300w, https:\/\/entradit.it\/wp-content\/uploads\/2020\/11\/Tommaso-Campanella_ritratto-768x427.jpg 768w, https:\/\/entradit.it\/wp-content\/uploads\/2020\/11\/Tommaso-Campanella_ritratto.jpg 1440w\" sizes=\"(max-width: 1024px) 100vw, 1024px\" \/>\t\t\t\t\t\t\t\t\t\t\t\t\t\t<\/div>\n\t\t\t\t\t\t<\/div>\n\t\t\t\t<\/div>\n\t\t\t\t<div class=\"elementor-element elementor-element-5bc7643 elementor-widget elementor-widget-text-editor\" data-id=\"5bc7643\" data-element_type=\"widget\" data-widget_type=\"text-editor.default\">\n\t\t\t\t<div class=\"elementor-widget-container\">\n\t\t\t\t\t\t\t\t<div class=\"elementor-text-editor elementor-clearfix\">\n\t\t\t\t<p class=\"p1\">Er wurde 1568 in Stilo, Kalabrien, geboren. Er trat als Jugendlicher in den Dominikanerorden ein und formte seine philosophische Kultur durch die Lekt\u00fcre der Werke der Platoniker und der Werke von Telesio. Campanella wurde 1592 einem Prozess wegen Ketzerei unterzogen, dem 1592 ein weiterer in Padua und schlie\u00dflich 1596 einer in Rom hinzugef\u00fcgt wurde. Der letzte Prozess endete mit der Verurteilung und Abschw\u00f6rung. Im Jahr 1599 <span class=\"s1\">zettelte Campanella eine Verschw\u00f6rung gegen die spanische Regierung an, mit dem Ziel, eine religi\u00f6se und politische Reform zu schaffen, die das Christentum zu seinen universellen Wurzeln f\u00fchren und eine auf philosophischen Prinzipien basierende republikanische Regierungsform etablieren sollte. Campanella wurde sp\u00e4ter wegen der Verschw\u00f6rung verhaftet und nach Neapel gebracht, wo er zu lebenslanger Haft verurteilt wurde und siebenundzwanzig Jahre blieb. W\u00e4hrend dieser Zeit konnte er die meisten seiner Hauptwerke verfassen, darunter die <i>Monarchia di Spagna<\/i> (1601), <i>La citt\u00e0 del sole<\/i> (1602), <i>De sensu rerum <\/i>(1603)\u00b9.<\/span><\/p><p class=\"p1\">Campanellas politische Bildung fand zwischen Ende der achtziger und Anfang der neunziger Jahre statt, das ist eine Zeitspanne, in der Campanella sich der Lekt\u00fcre einiger Werke Machiavellis n\u00e4herte, darunter <i>Il Principe<\/i>, <i>Discorsi<\/i> und vielleicht <i>La vita di Castruccio Castracani\u00b2<\/i>. Nach Ansicht einiger Wissenschaftler, darunter Giuliano Procacci und Vittorio Frajese, gibt es zahlreiche Spuren <span class=\"s1\">\u201emachiavellistischer Ankl\u00e4nge\u201c\u00b3 in den Werken Campanellas, insbesondere in der <i>Monarchia di Spagna, <\/i>die jedoch, abgesehen von den Problemen der Datierung, in Jahren konzipiert und geschrieben wurde, die der Verschw\u00f6rung von 1599 sehr nahe standen. <\/span><\/p><p class=\"p1\"><span class=\"s1\">Die Werke von Campanella, die wir ausgew\u00e4hlt haben, sind haupts\u00e4chlich in der Volkssprache geschrieben und wurden in einigen F\u00e4llen sp\u00e4ter vom Autor selbst ins Lateinische \u00fcbersetzt: <i>Monarchia di Spagna<\/i> (1601), <i>La citt\u00e0 del sole<\/i> (1602), <i>Scelta d\u2019alcune poesie filosofiche<\/i> (1622) und <i>Monarchia di Francia<\/i> (1636). Aus sprachlicher Sicht finden wir in den Schriften Campanellas Spuren einer \u201eprogressiven und systematischen Resemantisierung des ethischen, politischen und religi\u00f6sen Vokabulars, das aus der Tradition entlehnt ist, aber innerhalb eines urspr\u00fcnglichen konzeptuellen Rahmens wirksam wird\u201c\u2074. Die Werke von Tommaso Campanella wurden in 34 Sprachen \u00fcbersetzt und sind in mehr als 60 L\u00e4ndern auf der ganzen Welt verbreitet. Ihre Vebreitung entnehmen Sie bitte der untenstehenden Grafik, die aus der Datenbank erstellt wurde<\/span>.<\/p>\t\t\t\t\t<\/div>\n\t\t\t\t\t\t<\/div>\n\t\t\t\t<\/div>\n\t\t\t\t<div class=\"elementor-element elementor-element-adacb03 elementor-align-center elementor-widget elementor-widget-button\" data-id=\"adacb03\" data-element_type=\"widget\" data-widget_type=\"button.default\">\n\t\t\t\t<div class=\"elementor-widget-container\">\n\t\t\t\t\t<div class=\"elementor-button-wrapper\">\n\t\t\t<a href=\"https:\/\/docs.google.com\/spreadsheets\/d\/1YbAy7iDSCwMC_2bfzSqGLnt8rdVf3qzx7Tu07Kjr1uM\/edit?ts=5fb532a3#gid=0\" target=\"_blank\" class=\"elementor-button-link elementor-button elementor-size-sm\" role=\"button\">\n\t\t\t\t\t\t<span class=\"elementor-button-content-wrapper\">\n\t\t\t\t\t\t\t<span class=\"elementor-button-icon elementor-align-icon-left\">\n\t\t\t\t<i aria-hidden=\"true\" class=\"far fa-file-excel\"><\/i>\t\t\t<\/span>\n\t\t\t\t\t\t<span class=\"elementor-button-text\">BIBLIOGRAPHISCHEN DATEN<\/span>\n\t\t<\/span>\n\t\t\t\t\t<\/a>\n\t\t<\/div>\n\t\t\t\t<\/div>\n\t\t\t\t<\/div>\n\t\t\t\t<div class=\"elementor-element elementor-element-fd1ec8e elementor-widget elementor-widget-olema_core_separator\" data-id=\"fd1ec8e\" data-element_type=\"widget\" data-widget_type=\"olema_core_separator.default\">\n\t\t\t\t<div class=\"elementor-widget-container\">\n\t\t\t<div class=\"qodef-shortcode qodef-m  qodef-separator clear \">\n\t<div class=\"qodef-m-line\" ><\/div>\n<\/div>\t\t<\/div>\n\t\t\t\t<\/div>\n\t\t\t\t<section class=\"elementor-section elementor-inner-section elementor-element elementor-element-1578225 elementor-section-boxed elementor-section-height-default elementor-section-height-default qodef-elementor-content-no\" data-id=\"1578225\" data-element_type=\"section\">\n\t\t\t\t\t\t<div class=\"elementor-container elementor-column-gap-default\">\n\t\t\t\t\t\t\t<div class=\"elementor-row\">\n\t\t\t\t\t<div class=\"elementor-column elementor-col-50 elementor-inner-column elementor-element elementor-element-68b1086\" data-id=\"68b1086\" data-element_type=\"column\">\n\t\t\t<div class=\"elementor-column-wrap elementor-element-populated\">\n\t\t\t\t\t\t\t<div class=\"elementor-widget-wrap\">\n\t\t\t\t\t\t<div class=\"elementor-element elementor-element-fe0eb91 elementor-widget elementor-widget-olema_core_section_title\" data-id=\"fe0eb91\" data-element_type=\"widget\" data-widget_type=\"olema_core_section_title.default\">\n\t\t\t\t<div class=\"elementor-widget-container\">\n\t\t\t<div class=\"qodef-shortcode qodef-m  qodef-section-title qodef-alignment--left  qodef--has-appear\"  style=\"max-width: unset\">\n\t\t\t<h2 class=\"qodef-m-title\" >\n\t\t\t\t\tVerbreitung von \u00dcbersetzungen der Werke von Tommaso Campanella in der Welt\t\t\t<\/h2>\n\t<\/div>\t\t<\/div>\n\t\t\t\t<\/div>\n\t\t\t\t\t\t<\/div>\n\t\t\t\t\t<\/div>\n\t\t<\/div>\n\t\t\t\t<div class=\"elementor-column elementor-col-50 elementor-inner-column elementor-element elementor-element-645cc43\" data-id=\"645cc43\" data-element_type=\"column\">\n\t\t\t<div class=\"elementor-column-wrap elementor-element-populated\">\n\t\t\t\t\t\t\t<div class=\"elementor-widget-wrap\">\n\t\t\t\t\t\t<div class=\"elementor-element elementor-element-88c0804 elementor-widget elementor-widget-image\" data-id=\"88c0804\" data-element_type=\"widget\" data-widget_type=\"image.default\">\n\t\t\t\t<div class=\"elementor-widget-container\">\n\t\t\t\t\t\t\t\t<div class=\"elementor-image\">\n\t\t\t\t\t\t\t\t\t\t\t\t\t<a href=\"https:\/\/docs.google.com\/spreadsheets\/d\/1YbAy7iDSCwMC_2bfzSqGLnt8rdVf3qzx7Tu07Kjr1uM\/edit?ts=5fb532a3#gid=1311735706\" target=\"_blank\">\n\t\t\t\t\t\t\t<img width=\"600\" height=\"371\" src=\"https:\/\/entradit.it\/wp-content\/uploads\/2020\/11\/mappa-tommaso-campanella.png\" class=\"attachment-large size-large\" alt=\"\" loading=\"lazy\" srcset=\"https:\/\/entradit.it\/wp-content\/uploads\/2020\/11\/mappa-tommaso-campanella.png 600w, https:\/\/entradit.it\/wp-content\/uploads\/2020\/11\/mappa-tommaso-campanella-300x186.png 300w\" sizes=\"(max-width: 600px) 100vw, 600px\" \/>\t\t\t\t\t\t\t\t<\/a>\n\t\t\t\t\t\t\t\t\t\t\t\t\t\t<\/div>\n\t\t\t\t\t\t<\/div>\n\t\t\t\t<\/div>\n\t\t\t\t\t\t<\/div>\n\t\t\t\t\t<\/div>\n\t\t<\/div>\n\t\t\t\t\t\t\t\t<\/div>\n\t\t\t\t\t<\/div>\n\t\t<\/section>\n\t\t\t\t<div class=\"elementor-element elementor-element-d8692a2 elementor-widget elementor-widget-olema_core_separator\" data-id=\"d8692a2\" data-element_type=\"widget\" data-widget_type=\"olema_core_separator.default\">\n\t\t\t\t<div class=\"elementor-widget-container\">\n\t\t\t<div class=\"qodef-shortcode qodef-m  qodef-separator clear \">\n\t<div class=\"qodef-m-line\" ><\/div>\n<\/div>\t\t<\/div>\n\t\t\t\t<\/div>\n\t\t\t\t<div class=\"elementor-element elementor-element-1b1a9bb elementor-widget elementor-widget-olema_core_section_title\" data-id=\"1b1a9bb\" data-element_type=\"widget\" data-widget_type=\"olema_core_section_title.default\">\n\t\t\t\t<div class=\"elementor-widget-container\">\n\t\t\t<div class=\"qodef-shortcode qodef-m  qodef-section-title qodef-alignment--left  qodef--has-appear\"  style=\"max-width: unset\">\n\t\t\t<h2 class=\"qodef-m-title\" >\n\t\t\t\t\tBibliographischen\t\t\t<\/h2>\n\t<\/div>\t\t<\/div>\n\t\t\t\t<\/div>\n\t\t\t\t<div class=\"elementor-element elementor-element-9ed0827 elementor-widget elementor-widget-text-editor\" data-id=\"9ed0827\" data-element_type=\"widget\" data-widget_type=\"text-editor.default\">\n\t\t\t\t<div class=\"elementor-widget-container\">\n\t\t\t\t\t\t\t\t<div class=\"elementor-text-editor elementor-clearfix\">\n\t\t\t\t<p class=\"p1\">Addante L., (2004), <i>Campanella e Machiavelli; indagine su un caso di dissimulazione<\/i>, <span class=\"s1\">\u00ab<\/span>Studi storici<span class=\"s1\">\u00bb, luglio-settembre, Carocci, Roma. <\/span><\/p><p class=\"p1\"><span class=\"s1\"><a href=\"https:\/\/www.treccani.it\/enciclopedia\/tommaso-campanella\/\" target=\"_blank\" rel=\"noopener\"><i>Campanella Tommaso<\/i>, Treccani<\/a> (o.l.) (<\/span>Website am 14. Oktober 2020 aufgerufen<span class=\"s1\">). <\/span><\/p><p class=\"p1\">Frajese V., (2002), <i>Profezia e machiavellismo<\/i>, Il giovane Campanella, Roma, Carocci.<\/p><p class=\"p1\"><a href=\"https:\/\/www.treccani.it\/enciclopedia\/tommaso-campanella_%28Enciclopedia-machiavelliana%29\/\" target=\"_blank\" rel=\"noopener\">Frajese V., (2014) (o.l.), <i>Tommaso Campanella<\/i>, Enciclopedia machiavelliana, Treccani<\/a> (Website am 14. Oktober 2020 aufgerufen).<\/p><p class=\"p1\">Procacci G., (1995), <i>Machiavelli nella cultura europea<\/i>, Roma, Laterza, S.161.<\/p><p class=\"p2\"><a href=\"https:\/\/www.academia.edu\/11863648\/Lessico_etico_religioso_e_politico_di_Tommaso_Campanella\" target=\"_blank\" rel=\"noopener\">Suggi A., (o.l.) (2009), <i>Lessico etico-religioso e politico di Tommaso Campanella<\/i><\/a>\u00a0(Website am 14. Oktober 2020 aufgerufen).<\/p>\t\t\t\t\t<\/div>\n\t\t\t\t\t\t<\/div>\n\t\t\t\t<\/div>\n\t\t\t\t<div class=\"elementor-element elementor-element-30399e9 elementor-widget elementor-widget-olema_core_separator\" data-id=\"30399e9\" data-element_type=\"widget\" data-widget_type=\"olema_core_separator.default\">\n\t\t\t\t<div class=\"elementor-widget-container\">\n\t\t\t<div class=\"qodef-shortcode qodef-m  qodef-separator clear \">\n\t<div class=\"qodef-m-line\" ><\/div>\n<\/div>\t\t<\/div>\n\t\t\t\t<\/div>\n\t\t\t\t<div class=\"elementor-element elementor-element-08c18c1 elementor-widget elementor-widget-text-editor\" data-id=\"08c18c1\" data-element_type=\"widget\" data-widget_type=\"text-editor.default\">\n\t\t\t\t<div class=\"elementor-widget-container\">\n\t\t\t\t\t\t\t\t<div class=\"elementor-text-editor elementor-clearfix\">\n\t\t\t\t<div class=\"block-editor-block-list__layout is-root-container\"><p id=\"block-a528314b-b550-467b-8d52-84e0c81dea06\" class=\"block-editor-block-list__block wp-block rich-text block-editor-rich-text__editable wp-block\" tabindex=\"0\" role=\"textbox\" aria-label=\"Blocco del paragrafo\" aria-multiline=\"true\" data-block=\"a528314b-b550-467b-8d52-84e0c81dea06\" data-type=\"core\/paragraph\" data-title=\"Paragrafo\"><em>Foto von <a href=\"https:\/\/www.flickr.com\/photos\/63794459@N07\/6169212436\/in\/photolist-aYbBoK-ap9PVE\" target=\"_blank\" rel=\"noopener\">Skara kommun<\/a> \/ CC BY 2.0<\/em><\/p><\/div>\t\t\t\t\t<\/div>\n\t\t\t\t\t\t<\/div>\n\t\t\t\t<\/div>\n\t\t\t\t<div class=\"elementor-element elementor-element-16ae735 elementor-widget elementor-widget-olema_core_separator\" data-id=\"16ae735\" data-element_type=\"widget\" data-widget_type=\"olema_core_separator.default\">\n\t\t\t\t<div class=\"elementor-widget-container\">\n\t\t\t<div class=\"qodef-shortcode qodef-m  qodef-separator clear \">\n\t<div class=\"qodef-m-line\" ><\/div>\n<\/div>\t\t<\/div>\n\t\t\t\t<\/div>\n\t\t\t\t<div class=\"elementor-element elementor-element-28edee2 elementor-widget elementor-widget-text-editor\" data-id=\"28edee2\" data-element_type=\"widget\" data-widget_type=\"text-editor.default\">\n\t\t\t\t<div class=\"elementor-widget-container\">\n\t\t\t\t\t\t\t\t<div class=\"elementor-text-editor elementor-clearfix\">\n\t\t\t\t<div class=\"block-editor-block-list__layout is-root-container\"><p class=\"p3\"><em><span class=\"s6\">\u00b9\u00a0<a href=\"https:\/\/www.treccani.it\/enciclopedia\/tommaso-campanella\/\"><span class=\"s7\">https:\/\/www.treccani.it\/enciclopedia\/tommaso-campanella\/<\/span><\/a><\/span><\/em><\/p><p class=\"p3\"><em><span class=\"s6\">\u00b2\u00a0<a href=\"https:\/\/www.treccani.it\/enciclopedia\/tommaso-campanella_%2528Enciclopedia-machiavelliana%2529\/\"><span class=\"s7\">https:\/\/www.treccani.it\/enciclopedia\/tommaso-campanella_%28Enciclopedia-machiavelliana%29\/<\/span><\/a><\/span><\/em><\/p><p class=\"p1\">\u00b3 Procacci G., (1995), <i>Machiavelli nella cultura europea<\/i>, Roma, Laterza, S.161.<\/p><p class=\"p1\">\u2074 <a href=\"https:\/\/www.academia.edu\/11863648\/Lessico_etico_religioso_e_politico_di_Tommaso_Campanella\" target=\"_blank\" rel=\"noopener\">Suggi A., (o.l.) (2009) <i>Lessico etico-religioso e politico di Tommaso Campanella<\/i><\/a><\/p><\/div>\t\t\t\t\t<\/div>\n\t\t\t\t\t\t<\/div>\n\t\t\t\t<\/div>\n\t\t\t\t\t\t<\/div>\n\t\t\t\t\t<\/div>\n\t\t<\/div>\n\t\t\t\t\t\t\t\t<\/div>\n\t\t\t\t\t<\/div>\n\t\t<\/section>\n\t\t\t\t\t\t\t\t\t<\/div>\n\t\t\t<\/div>\n\t\t\t\t\t<\/div>\n\t\t","protected":false},"excerpt":{"rendered":"<p>Er wurde 1568 in Stilo, Kalabrien, geboren. Er trat als Jugendlicher in den Dominikanerorden ein und formte seine philosophische Kultur durch die Lekt\u00fcre der Werke der Platoniker und der Werke von Telesio. Campanella wurde 1592 einem Prozess wegen Ketzerei unterzogen, dem 1592 ein weiterer in Padua und schlie\u00dflich 1596 einer in Rom hinzugef\u00fcgt wurde. Der [&hellip;]<\/p>\n","protected":false},"author":1,"featured_media":4147,"parent":0,"menu_order":0,"comment_status":"closed","ping_status":"closed","template":"","meta":[],"yoast_head":"<!-- This site is optimized with the Yoast SEO plugin v19.6.1 - https:\/\/yoast.com\/wordpress\/plugins\/seo\/ -->\n<title>Tommaso Campanella - Entradit<\/title>\n<meta name=\"robots\" content=\"index, follow, max-snippet:-1, max-image-preview:large, max-video-preview:-1\" \/>\n<link rel=\"canonical\" href=\"https:\/\/entradit.it\/de\/tommaso-campanella\/\" \/>\n<meta property=\"og:locale\" content=\"de_DE\" \/>\n<meta property=\"og:type\" content=\"article\" \/>\n<meta property=\"og:title\" content=\"Tommaso Campanella - Entradit\" \/>\n<meta property=\"og:description\" content=\"Er wurde 1568 in Stilo, Kalabrien, geboren. Er trat als Jugendlicher in den Dominikanerorden ein und formte seine philosophische Kultur durch die Lekt\u00fcre der Werke der Platoniker und der Werke von Telesio. Campanella wurde 1592 einem Prozess wegen Ketzerei unterzogen, dem 1592 ein weiterer in Padua und schlie\u00dflich 1596 einer in Rom hinzugef\u00fcgt wurde. Der [&hellip;]\" \/>\n<meta property=\"og:url\" content=\"https:\/\/entradit.it\/de\/tommaso-campanella\/\" \/>\n<meta property=\"og:site_name\" content=\"Entradit\" \/>\n<meta property=\"article:modified_time\" content=\"2020-12-17T15:10:22+00:00\" \/>\n<meta property=\"og:image\" content=\"https:\/\/entradit.it\/wp-content\/uploads\/2020\/11\/Tommaso-Campanella_ritratto.jpg\" \/>\n\t<meta property=\"og:image:width\" content=\"1440\" \/>\n\t<meta property=\"og:image:height\" content=\"800\" \/>\n\t<meta property=\"og:image:type\" content=\"image\/jpeg\" \/>\n<meta name=\"twitter:card\" content=\"summary_large_image\" \/>\n<meta name=\"twitter:label1\" content=\"Gesch\u00e4tzte Lesezeit\" \/>\n\t<meta name=\"twitter:data1\" content=\"2\u00a0Minuten\" \/>\n<script type=\"application\/ld+json\" class=\"yoast-schema-graph\">{\"@context\":\"https:\/\/schema.org\",\"@graph\":[{\"@type\":\"WebPage\",\"@id\":\"https:\/\/entradit.it\/de\/tommaso-campanella\/\",\"url\":\"https:\/\/entradit.it\/de\/tommaso-campanella\/\",\"name\":\"Tommaso Campanella - Entradit\",\"isPartOf\":{\"@id\":\"https:\/\/entradit.it\/de\/#website\"},\"datePublished\":\"2020-11-11T14:19:50+00:00\",\"dateModified\":\"2020-12-17T15:10:22+00:00\",\"breadcrumb\":{\"@id\":\"https:\/\/entradit.it\/de\/tommaso-campanella\/#breadcrumb\"},\"inLanguage\":\"de\",\"potentialAction\":[{\"@type\":\"ReadAction\",\"target\":[\"https:\/\/entradit.it\/de\/tommaso-campanella\/\"]}]},{\"@type\":\"BreadcrumbList\",\"@id\":\"https:\/\/entradit.it\/de\/tommaso-campanella\/#breadcrumb\",\"itemListElement\":[{\"@type\":\"ListItem\",\"position\":1,\"name\":\"Home\",\"item\":\"https:\/\/entradit.it\/de\/\"},{\"@type\":\"ListItem\",\"position\":2,\"name\":\"Tommaso Campanella\"}]},{\"@type\":\"WebSite\",\"@id\":\"https:\/\/entradit.it\/de\/#website\",\"url\":\"https:\/\/entradit.it\/de\/\",\"name\":\"Entradit\",\"description\":\"L\u2019Edizione nazionale del Compendio delle traduzioni italiane nel mondo\",\"potentialAction\":[{\"@type\":\"SearchAction\",\"target\":{\"@type\":\"EntryPoint\",\"urlTemplate\":\"https:\/\/entradit.it\/de\/?s={search_term_string}\"},\"query-input\":\"required name=search_term_string\"}],\"inLanguage\":\"de\"}]}<\/script>\n<!-- \/ Yoast SEO plugin. -->","yoast_head_json":{"title":"Tommaso Campanella - Entradit","robots":{"index":"index","follow":"follow","max-snippet":"max-snippet:-1","max-image-preview":"max-image-preview:large","max-video-preview":"max-video-preview:-1"},"canonical":"https:\/\/entradit.it\/de\/tommaso-campanella\/","og_locale":"de_DE","og_type":"article","og_title":"Tommaso Campanella - Entradit","og_description":"Er wurde 1568 in Stilo, Kalabrien, geboren. Er trat als Jugendlicher in den Dominikanerorden ein und formte seine philosophische Kultur durch die Lekt\u00fcre der Werke der Platoniker und der Werke von Telesio. Campanella wurde 1592 einem Prozess wegen Ketzerei unterzogen, dem 1592 ein weiterer in Padua und schlie\u00dflich 1596 einer in Rom hinzugef\u00fcgt wurde. Der [&hellip;]","og_url":"https:\/\/entradit.it\/de\/tommaso-campanella\/","og_site_name":"Entradit","article_modified_time":"2020-12-17T15:10:22+00:00","og_image":[{"width":1440,"height":800,"url":"https:\/\/entradit.it\/wp-content\/uploads\/2020\/11\/Tommaso-Campanella_ritratto.jpg","type":"image\/jpeg"}],"twitter_card":"summary_large_image","twitter_misc":{"Gesch\u00e4tzte Lesezeit":"2\u00a0Minuten"},"schema":{"@context":"https:\/\/schema.org","@graph":[{"@type":"WebPage","@id":"https:\/\/entradit.it\/de\/tommaso-campanella\/","url":"https:\/\/entradit.it\/de\/tommaso-campanella\/","name":"Tommaso Campanella - Entradit","isPartOf":{"@id":"https:\/\/entradit.it\/de\/#website"},"datePublished":"2020-11-11T14:19:50+00:00","dateModified":"2020-12-17T15:10:22+00:00","breadcrumb":{"@id":"https:\/\/entradit.it\/de\/tommaso-campanella\/#breadcrumb"},"inLanguage":"de","potentialAction":[{"@type":"ReadAction","target":["https:\/\/entradit.it\/de\/tommaso-campanella\/"]}]},{"@type":"BreadcrumbList","@id":"https:\/\/entradit.it\/de\/tommaso-campanella\/#breadcrumb","itemListElement":[{"@type":"ListItem","position":1,"name":"Home","item":"https:\/\/entradit.it\/de\/"},{"@type":"ListItem","position":2,"name":"Tommaso Campanella"}]},{"@type":"WebSite","@id":"https:\/\/entradit.it\/de\/#website","url":"https:\/\/entradit.it\/de\/","name":"Entradit","description":"L\u2019Edizione nazionale del Compendio delle traduzioni italiane nel mondo","potentialAction":[{"@type":"SearchAction","target":{"@type":"EntryPoint","urlTemplate":"https:\/\/entradit.it\/de\/?s={search_term_string}"},"query-input":"required name=search_term_string"}],"inLanguage":"de"}]}},"_links":{"self":[{"href":"https:\/\/entradit.it\/de\/wp-json\/wp\/v2\/pages\/4208"}],"collection":[{"href":"https:\/\/entradit.it\/de\/wp-json\/wp\/v2\/pages"}],"about":[{"href":"https:\/\/entradit.it\/de\/wp-json\/wp\/v2\/types\/page"}],"author":[{"embeddable":true,"href":"https:\/\/entradit.it\/de\/wp-json\/wp\/v2\/users\/1"}],"replies":[{"embeddable":true,"href":"https:\/\/entradit.it\/de\/wp-json\/wp\/v2\/comments?post=4208"}],"version-history":[{"count":79,"href":"https:\/\/entradit.it\/de\/wp-json\/wp\/v2\/pages\/4208\/revisions"}],"predecessor-version":[{"id":5695,"href":"https:\/\/entradit.it\/de\/wp-json\/wp\/v2\/pages\/4208\/revisions\/5695"}],"wp:featuredmedia":[{"embeddable":true,"href":"https:\/\/entradit.it\/de\/wp-json\/wp\/v2\/media\/4147"}],"wp:attachment":[{"href":"https:\/\/entradit.it\/de\/wp-json\/wp\/v2\/media?parent=4208"}],"curies":[{"name":"wp","href":"https:\/\/api.w.org\/{rel}","templated":true}]}}