{"id":5879,"date":"2022-03-14T14:22:13","date_gmt":"2022-03-14T13:22:13","guid":{"rendered":"https:\/\/entradit.it\/?page_id=5879"},"modified":"2026-03-20T16:22:02","modified_gmt":"2026-03-20T15:22:02","slug":"verbreitungskarten","status":"publish","type":"page","link":"https:\/\/entradit.it\/de\/verbreitungskarten\/","title":{"rendered":"Verbreitungskarten"},"content":{"rendered":"\t\t<div data-elementor-type=\"wp-page\" data-elementor-id=\"5879\" class=\"elementor elementor-5879 elementor-5878\">\n\t\t\t\t\t\t<div class=\"elementor-inner\">\n\t\t\t\t<div class=\"elementor-section-wrap\">\n\t\t\t\t\t\t\t\t\t<section class=\"elementor-section elementor-top-section elementor-element elementor-element-9102801 elementor-section-boxed elementor-section-height-default elementor-section-height-default qodef-elementor-content-no\" data-id=\"9102801\" data-element_type=\"section\">\n\t\t\t\t\t\t<div class=\"elementor-container elementor-column-gap-default\">\n\t\t\t\t\t\t\t<div class=\"elementor-row\">\n\t\t\t\t\t<div class=\"elementor-column elementor-col-100 elementor-top-column elementor-element elementor-element-a63bf9c\" data-id=\"a63bf9c\" data-element_type=\"column\">\n\t\t\t<div class=\"elementor-column-wrap elementor-element-populated\">\n\t\t\t\t\t\t\t<div class=\"elementor-widget-wrap\">\n\t\t\t\t\t\t<div class=\"elementor-element elementor-element-50fe772 elementor-tabs-view-horizontal elementor-widget elementor-widget-tabs\" data-id=\"50fe772\" data-element_type=\"widget\" data-widget_type=\"tabs.default\">\n\t\t\t\t<div class=\"elementor-widget-container\">\n\t\t\t\t\t<div class=\"elementor-tabs\">\n\t\t\t<div class=\"elementor-tabs-wrapper\" role=\"tablist\" >\n\t\t\t\t\t\t\t\t\t<div id=\"elementor-tab-title-8491\" class=\"elementor-tab-title elementor-tab-desktop-title\" aria-selected=\"true\" data-tab=\"1\" role=\"tab\" tabindex=\"0\" aria-controls=\"elementor-tab-content-8491\" aria-expanded=\"false\"><a href=\"\">Cesare Beccaria<\/a><\/div>\n\t\t\t\t\t\t\t\t\t<div id=\"elementor-tab-title-8492\" class=\"elementor-tab-title elementor-tab-desktop-title\" aria-selected=\"false\" data-tab=\"2\" role=\"tab\" tabindex=\"-1\" aria-controls=\"elementor-tab-content-8492\" aria-expanded=\"false\"><a href=\"\">Giordano Bruno<\/a><\/div>\n\t\t\t\t\t\t\t\t\t<div id=\"elementor-tab-title-8493\" class=\"elementor-tab-title elementor-tab-desktop-title\" aria-selected=\"false\" data-tab=\"3\" role=\"tab\" tabindex=\"-1\" aria-controls=\"elementor-tab-content-8493\" aria-expanded=\"false\"><a href=\"\">Tommaso Campanella<\/a><\/div>\n\t\t\t\t\t\t\t\t\t<div id=\"elementor-tab-title-8494\" class=\"elementor-tab-title elementor-tab-desktop-title\" aria-selected=\"false\" data-tab=\"4\" role=\"tab\" tabindex=\"-1\" aria-controls=\"elementor-tab-content-8494\" aria-expanded=\"false\"><a href=\"\">Galileo Galilei<\/a><\/div>\n\t\t\t\t\t\t\t\t\t<div id=\"elementor-tab-title-8495\" class=\"elementor-tab-title elementor-tab-desktop-title\" aria-selected=\"false\" data-tab=\"5\" role=\"tab\" tabindex=\"-1\" aria-controls=\"elementor-tab-content-8495\" aria-expanded=\"false\"><a href=\"\">Niccol\u00f2 Machiavelli<\/a><\/div>\n\t\t\t\t\t\t\t\t\t<div id=\"elementor-tab-title-8496\" class=\"elementor-tab-title elementor-tab-desktop-title\" aria-selected=\"false\" data-tab=\"6\" role=\"tab\" tabindex=\"-1\" aria-controls=\"elementor-tab-content-8496\" aria-expanded=\"false\"><a href=\"\">Bernardino Telesio<\/a><\/div>\n\t\t\t\t\t\t\t<\/div>\n\t\t\t<div class=\"elementor-tabs-content-wrapper\" role=\"tablist\" aria-orientation=\"vertical\">\n\t\t\t\t\t\t\t\t\t<div class=\"elementor-tab-title elementor-tab-mobile-title\" aria-selected=\"true\" data-tab=\"1\" role=\"tab\" tabindex=\"0\" aria-controls=\"elementor-tab-content-8491\" aria-expanded=\"false\">Cesare Beccaria<\/div>\n\t\t\t\t\t<div id=\"elementor-tab-content-8491\" class=\"elementor-tab-content elementor-clearfix\" data-tab=\"1\" role=\"tabpanel\" aria-labelledby=\"elementor-tab-title-8491\" tabindex=\"0\" hidden=\"false\"><h2 style=\"text-align: center;\">Distribuzione delle traduzioni delle opere di &#8222;Dei delitti e delle pene&#8220; nel mondo<\/h2>\n<img style=\"width: 50%; display: table; margin-left: auto; margin-right: auto;\" src=\"https:\/\/entradit.it\/wp-content\/uploads\/2026\/03\/Dei-delitti-e-delle-pene_numero-copie-in-biblioteca.png\" \/><br \/><\/div>\n\t\t\t\t\t\t\t\t\t<div class=\"elementor-tab-title elementor-tab-mobile-title\" aria-selected=\"false\" data-tab=\"2\" role=\"tab\" tabindex=\"-1\" aria-controls=\"elementor-tab-content-8492\" aria-expanded=\"false\">Giordano Bruno<\/div>\n\t\t\t\t\t<div id=\"elementor-tab-content-8492\" class=\"elementor-tab-content elementor-clearfix\" data-tab=\"2\" role=\"tabpanel\" aria-labelledby=\"elementor-tab-title-8492\" tabindex=\"0\" hidden=\"hidden\"><h2 style=\"text-align: center;\">Weltweite Verbreitung von den \u00dcbersetzungen der Werke Giordano Brunos<\/h2>\n<a href=\"https:\/\/docs.google.com\/spreadsheets\/d\/1jWT8asYjYByRfXNeaAU8ZbysbKhm16ZaXqmKECzUHu0\/edit?ts=5fb532ac#gid=846660622\" target=\"_blank\" rel=\"noopener\"><img style=\"width: 50%; display: table; margin-left: auto; margin-right: auto;\" src=\"https:\/\/entradit.it\/wp-content\/uploads\/2020\/11\/mappa-giordano-bruno.png\" \/><\/a>\n<br \/>\n<h2 style=\"text-align: center;\">Erste \u00dcbersetzungen nach Sprache<\/h2>\n<div style=\"width: 100%;\">\n<div style=\"position: relative; padding-bottom: 56.25%; padding-top: 0; height: 0;\"><iframe loading=\"lazy\" style=\"position: absolute; top: 0; left: 0; width: 100%; height: 100%;\" src=\"https:\/\/view.genial.ly\/61517cd30554660ddde588e8\" width=\"1200px\" height=\"675px\" frameborder=\"0\" scrolling=\"yes\" allowfullscreen=\"allowfullscreen\"><\/iframe><\/div>\n<\/div>\n<br \/>\n<h2 style=\"text-align: center;\">Erste \u00dcbersetzungen nach Erscheinungsort<\/h2>\n<div style=\"width: 100%;\">\n<div style=\"position: relative; padding-bottom: 56.25%; padding-top: 0; height: 0;\"><iframe loading=\"lazy\" style=\"position: absolute; top: 0; left: 0; width: 100%; height: 100%;\" src=\"https:\/\/view.genial.ly\/615c0aaa322f8b0d885a78f6\" width=\"1200px\" height=\"675px\" frameborder=\"0\" scrolling=\"yes\" allowfullscreen=\"allowfullscreen\"><\/iframe><\/div>\n<\/div>\n<br \/>\n<h2 style=\"text-align: center;\">Alle \u00dcbersetzungen von \u201cDe La Causa Principio et Uno\u201d<\/h2>\n<div style=\"width: 100%;\">\n<div style=\"position: relative; padding-bottom: 56.25%; padding-top: 0; height: 0;\"><iframe loading=\"lazy\" style=\"position: absolute; top: 0; left: 0; width: 100%; height: 100%;\" src=\"https:\/\/view.genial.ly\/6103c5c46233ce0dcd909ff9\" width=\"1200px\" height=\"675px\" frameborder=\"0\" scrolling=\"yes\" allowfullscreen=\"allowfullscreen\"><\/iframe><\/div>\n<\/div><\/div>\n\t\t\t\t\t\t\t\t\t<div class=\"elementor-tab-title elementor-tab-mobile-title\" aria-selected=\"false\" data-tab=\"3\" role=\"tab\" tabindex=\"-1\" aria-controls=\"elementor-tab-content-8493\" aria-expanded=\"false\">Tommaso Campanella<\/div>\n\t\t\t\t\t<div id=\"elementor-tab-content-8493\" class=\"elementor-tab-content elementor-clearfix\" data-tab=\"3\" role=\"tabpanel\" aria-labelledby=\"elementor-tab-title-8493\" tabindex=\"0\" hidden=\"hidden\"><h2 style=\"text-align: center;\">Verbreitung von \u00dcbersetzungen der Werke von Tommaso Campanella in der Welt<\/h2>\n<a href=\"https:\/\/docs.google.com\/spreadsheets\/d\/1YbAy7iDSCwMC_2bfzSqGLnt8rdVf3qzx7Tu07Kjr1uM\/edit?ts=5fb532a3#gid=1311735706\" target=\"_blank\" rel=\"noopener\"><img style=\"width: 50%; display: table; margin-left: auto; margin-right: auto;\" src=\"https:\/\/entradit.it\/wp-content\/uploads\/2020\/11\/mappa-tommaso-campanella.png\" \/><\/a>\n<br \/>\n<h2 style=\"text-align: center;\">Alle \u00dcbersetzungen von \u201cLa citt\u00e0 del sole\u201d<\/h2>\n<div style=\"width: 100%;\">\n<div style=\"position: relative; padding-bottom: 56.25%; padding-top: 0; height: 0;\"><iframe loading=\"lazy\" style=\"position: absolute; top: 0; left: 0; width: 100%; height: 100%;\" src=\"https:\/\/view.genial.ly\/6163ee96c930bb0dd6b9e17f\" width=\"1200px\" height=\"675px\" frameborder=\"0\" scrolling=\"yes\" allowfullscreen=\"allowfullscreen\"><\/iframe><\/div>\n<\/div><\/div>\n\t\t\t\t\t\t\t\t\t<div class=\"elementor-tab-title elementor-tab-mobile-title\" aria-selected=\"false\" data-tab=\"4\" role=\"tab\" tabindex=\"-1\" aria-controls=\"elementor-tab-content-8494\" aria-expanded=\"false\">Galileo Galilei<\/div>\n\t\t\t\t\t<div id=\"elementor-tab-content-8494\" class=\"elementor-tab-content elementor-clearfix\" data-tab=\"4\" role=\"tabpanel\" aria-labelledby=\"elementor-tab-title-8494\" tabindex=\"0\" hidden=\"hidden\"><h2 style=\"text-align: center;\">Distribuzione delle traduzioni di &#8222;Dialogo sopra i due massimi sistemi&#8220; nel mondo <\/h2>\n<img style=\"width: 50%; display: table; margin-left: auto; margin-right: auto;\" src=\"https:\/\/entradit.it\/wp-content\/uploads\/2026\/03\/Dialogo-sopra-i-due-massimi-sistemi_numero-edizioni.png\" \/><br \/>\n<h2 style=\"text-align: center;\">Distribuzione delle traduzioni di &#8222;Il Saggiatore&#8220; nel mondo  <\/h2>\n<img style=\"width: 50%; display: table; margin-left: auto; margin-right: auto;\" src=\"https:\/\/entradit.it\/wp-content\/uploads\/2026\/03\/Il-Saggiatore_numero-edizioni.png\" \/><br \/><\/div>\n\t\t\t\t\t\t\t\t\t<div class=\"elementor-tab-title elementor-tab-mobile-title\" aria-selected=\"false\" data-tab=\"5\" role=\"tab\" tabindex=\"-1\" aria-controls=\"elementor-tab-content-8495\" aria-expanded=\"false\">Niccol\u00f2 Machiavelli<\/div>\n\t\t\t\t\t<div id=\"elementor-tab-content-8495\" class=\"elementor-tab-content elementor-clearfix\" data-tab=\"5\" role=\"tabpanel\" aria-labelledby=\"elementor-tab-title-8495\" tabindex=\"0\" hidden=\"hidden\"><h2 style=\"text-align: center;\">Distribuzione delle traduzioni di &#8222;Dell&#8217;arte della guerra&#8220; nel mondo<\/h2>\n<img style=\"width: 50%; display: table; margin-left: auto; margin-right: auto;\" src=\"https:\/\/entradit.it\/wp-content\/uploads\/2026\/03\/Dellarte-della-guerra_numero-edizioni.png\" \/><br \/>\n\n<h2 style=\"text-align: center;\">Distribuzione delle traduzioni di &#8222;Discorsi sopra la prima deca&#8220; nel mondo <\/h2>\n<img style=\"width: 50%; display: table; margin-left: auto; margin-right: auto;\" src=\"https:\/\/entradit.it\/wp-content\/uploads\/2026\/03\/Discorsi-sopra-la-prima-deca_numero-edizioni.png\" \/><br \/>\n\n<h2 style=\"text-align: center;\">Distribuzione delle traduzioni di &#8222;Istorie Fiorentine&#8220; nel mondo<\/h2>\n<img style=\"width: 50%; display: table; margin-left: auto; margin-right: auto;\" src=\"https:\/\/entradit.it\/wp-content\/uploads\/2026\/03\/Istorie-Fiorentine_numero-edizioni.png\" \/><br \/>\n\n<h2 style=\"text-align: center;\">Distribuzione delle traduzioni di &#8222;La mandragola&#8220; nel mondo <\/h2>\n<img style=\"width: 50%; display: table; margin-left: auto; margin-right: auto;\" src=\"https:\/\/entradit.it\/wp-content\/uploads\/2026\/03\/La-mandragola_numero-edizioni.png\" \/><br \/><\/div>\n\t\t\t\t\t\t\t\t\t<div class=\"elementor-tab-title elementor-tab-mobile-title\" aria-selected=\"false\" data-tab=\"6\" role=\"tab\" tabindex=\"-1\" aria-controls=\"elementor-tab-content-8496\" aria-expanded=\"false\">Bernardino Telesio<\/div>\n\t\t\t\t\t<div id=\"elementor-tab-content-8496\" class=\"elementor-tab-content elementor-clearfix\" data-tab=\"6\" role=\"tabpanel\" aria-labelledby=\"elementor-tab-title-8496\" tabindex=\"0\" hidden=\"hidden\"><h2 style=\"text-align: center;\">Verbreitung von den \u00dcbersetzungen der Werke von Bernardino Telesio in der Welt<\/h2>\n<a href=\"https:\/\/docs.google.com\/spreadsheets\/d\/14aMWxePJ7Cw_qg2xvQlw75h6SnMn46jdn07PSnQ51nQ\/edit?ts=5fb53299#gid=908183351\" target=\"_blank\" rel=\"noopener\"><img style=\"width: 50%; display: table; margin-left: auto; margin-right: auto;\" src=\"https:\/\/entradit.it\/wp-content\/uploads\/2020\/11\/mappa-bernardino-telesio.png\" \/><\/a>\n<br \/>\n<h2 style=\"text-align: center;\">Alle \u00dcbersetzungen von \u201cDe rerum Natura\u201d<\/h2>\n<div style=\"width: 100%;\">\n<div style=\"position: relative; padding-bottom: 56.25%; padding-top: 0; height: 0;\"><iframe loading=\"lazy\" style=\"position: absolute; top: 0; left: 0; width: 100%; height: 100%;\" src=\"https:\/\/view.genial.ly\/6163196319b71e0dd2ecbdbf\" width=\"1200px\" height=\"675px\" frameborder=\"0\" scrolling=\"yes\" allowfullscreen=\"allowfullscreen\"><\/iframe><\/div>\n<\/div><\/div>\n\t\t\t\t\t\t\t<\/div>\n\t\t<\/div>\n\t\t\t\t<\/div>\n\t\t\t\t<\/div>\n\t\t\t\t<div class=\"elementor-element elementor-element-15aa3f5 elementor-widget elementor-widget-spacer\" data-id=\"15aa3f5\" data-element_type=\"widget\" data-widget_type=\"spacer.default\">\n\t\t\t\t<div class=\"elementor-widget-container\">\n\t\t\t\t\t<div class=\"elementor-spacer\">\n\t\t\t<div class=\"elementor-spacer-inner\"><\/div>\n\t\t<\/div>\n\t\t\t\t<\/div>\n\t\t\t\t<\/div>\n\t\t\t\t\t\t<\/div>\n\t\t\t\t\t<\/div>\n\t\t<\/div>\n\t\t\t\t\t\t\t\t<\/div>\n\t\t\t\t\t<\/div>\n\t\t<\/section>\n\t\t\t\t\t\t\t\t\t<\/div>\n\t\t\t<\/div>\n\t\t\t\t\t<\/div>\n\t\t","protected":false},"excerpt":{"rendered":"<p>Cesare Beccaria Giordano Bruno Tommaso Campanella Galileo Galilei Niccol\u00f2 Machiavelli Bernardino Telesio Cesare Beccaria Distribuzione delle traduzioni delle opere di &#8220;Dei delitti e delle pene&#8221; nel mondo Giordano Bruno Weltweite Verbreitung von den \u00dcbersetzungen der Werke Giordano Brunos Erste \u00dcbersetzungen nach Sprache Erste \u00dcbersetzungen nach Erscheinungsort Alle \u00dcbersetzungen von \u201cDe La Causa Principio et Uno\u201d [&hellip;]<\/p>\n","protected":false},"author":1,"featured_media":0,"parent":0,"menu_order":0,"comment_status":"closed","ping_status":"closed","template":"","meta":[],"yoast_head":"<!-- This site is optimized with the Yoast SEO plugin v19.6.1 - https:\/\/yoast.com\/wordpress\/plugins\/seo\/ -->\n<title>Verbreitungskarten - Entradit<\/title>\n<meta name=\"robots\" content=\"index, follow, max-snippet:-1, max-image-preview:large, max-video-preview:-1\" \/>\n<link rel=\"canonical\" href=\"https:\/\/entradit.it\/de\/verbreitungskarten\/\" \/>\n<meta property=\"og:locale\" content=\"de_DE\" \/>\n<meta property=\"og:type\" content=\"article\" \/>\n<meta property=\"og:title\" content=\"Verbreitungskarten - Entradit\" \/>\n<meta property=\"og:description\" content=\"Cesare Beccaria Giordano Bruno Tommaso Campanella Galileo Galilei Niccol\u00f2 Machiavelli Bernardino Telesio Cesare Beccaria Distribuzione delle traduzioni delle opere di &#8220;Dei delitti e delle pene&#8221; nel mondo Giordano Bruno Weltweite Verbreitung von den \u00dcbersetzungen der Werke Giordano Brunos Erste \u00dcbersetzungen nach Sprache Erste \u00dcbersetzungen nach Erscheinungsort Alle \u00dcbersetzungen von \u201cDe La Causa Principio et Uno\u201d [&hellip;]\" \/>\n<meta property=\"og:url\" content=\"https:\/\/entradit.it\/de\/verbreitungskarten\/\" \/>\n<meta property=\"og:site_name\" content=\"Entradit\" \/>\n<meta property=\"article:modified_time\" content=\"2026-03-20T15:22:02+00:00\" \/>\n<meta property=\"og:image\" content=\"https:\/\/entradit.it\/wp-content\/uploads\/2026\/03\/Dei-delitti-e-delle-pene_numero-copie-in-biblioteca.png\" \/>\n<meta name=\"twitter:card\" content=\"summary_large_image\" \/>\n<meta name=\"twitter:label1\" content=\"Gesch\u00e4tzte Lesezeit\" \/>\n\t<meta name=\"twitter:data1\" content=\"3\u00a0Minuten\" \/>\n<script type=\"application\/ld+json\" class=\"yoast-schema-graph\">{\"@context\":\"https:\/\/schema.org\",\"@graph\":[{\"@type\":\"WebPage\",\"@id\":\"https:\/\/entradit.it\/de\/verbreitungskarten\/\",\"url\":\"https:\/\/entradit.it\/de\/verbreitungskarten\/\",\"name\":\"Verbreitungskarten - Entradit\",\"isPartOf\":{\"@id\":\"https:\/\/entradit.it\/de\/#website\"},\"datePublished\":\"2022-03-14T13:22:13+00:00\",\"dateModified\":\"2026-03-20T15:22:02+00:00\",\"breadcrumb\":{\"@id\":\"https:\/\/entradit.it\/de\/verbreitungskarten\/#breadcrumb\"},\"inLanguage\":\"de\",\"potentialAction\":[{\"@type\":\"ReadAction\",\"target\":[\"https:\/\/entradit.it\/de\/verbreitungskarten\/\"]}]},{\"@type\":\"BreadcrumbList\",\"@id\":\"https:\/\/entradit.it\/de\/verbreitungskarten\/#breadcrumb\",\"itemListElement\":[{\"@type\":\"ListItem\",\"position\":1,\"name\":\"Home\",\"item\":\"https:\/\/entradit.it\/de\/\"},{\"@type\":\"ListItem\",\"position\":2,\"name\":\"Verbreitungskarten\"}]},{\"@type\":\"WebSite\",\"@id\":\"https:\/\/entradit.it\/de\/#website\",\"url\":\"https:\/\/entradit.it\/de\/\",\"name\":\"Entradit\",\"description\":\"L\u2019Edizione nazionale del Compendio delle traduzioni italiane nel mondo\",\"potentialAction\":[{\"@type\":\"SearchAction\",\"target\":{\"@type\":\"EntryPoint\",\"urlTemplate\":\"https:\/\/entradit.it\/de\/?s={search_term_string}\"},\"query-input\":\"required name=search_term_string\"}],\"inLanguage\":\"de\"}]}<\/script>\n<!-- \/ Yoast SEO plugin. -->","yoast_head_json":{"title":"Verbreitungskarten - Entradit","robots":{"index":"index","follow":"follow","max-snippet":"max-snippet:-1","max-image-preview":"max-image-preview:large","max-video-preview":"max-video-preview:-1"},"canonical":"https:\/\/entradit.it\/de\/verbreitungskarten\/","og_locale":"de_DE","og_type":"article","og_title":"Verbreitungskarten - Entradit","og_description":"Cesare Beccaria Giordano Bruno Tommaso Campanella Galileo Galilei Niccol\u00f2 Machiavelli Bernardino Telesio Cesare Beccaria Distribuzione delle traduzioni delle opere di &#8220;Dei delitti e delle pene&#8221; nel mondo Giordano Bruno Weltweite Verbreitung von den \u00dcbersetzungen der Werke Giordano Brunos Erste \u00dcbersetzungen nach Sprache Erste \u00dcbersetzungen nach Erscheinungsort Alle \u00dcbersetzungen von \u201cDe La Causa Principio et Uno\u201d [&hellip;]","og_url":"https:\/\/entradit.it\/de\/verbreitungskarten\/","og_site_name":"Entradit","article_modified_time":"2026-03-20T15:22:02+00:00","og_image":[{"url":"https:\/\/entradit.it\/wp-content\/uploads\/2026\/03\/Dei-delitti-e-delle-pene_numero-copie-in-biblioteca.png"}],"twitter_card":"summary_large_image","twitter_misc":{"Gesch\u00e4tzte Lesezeit":"3\u00a0Minuten"},"schema":{"@context":"https:\/\/schema.org","@graph":[{"@type":"WebPage","@id":"https:\/\/entradit.it\/de\/verbreitungskarten\/","url":"https:\/\/entradit.it\/de\/verbreitungskarten\/","name":"Verbreitungskarten - Entradit","isPartOf":{"@id":"https:\/\/entradit.it\/de\/#website"},"datePublished":"2022-03-14T13:22:13+00:00","dateModified":"2026-03-20T15:22:02+00:00","breadcrumb":{"@id":"https:\/\/entradit.it\/de\/verbreitungskarten\/#breadcrumb"},"inLanguage":"de","potentialAction":[{"@type":"ReadAction","target":["https:\/\/entradit.it\/de\/verbreitungskarten\/"]}]},{"@type":"BreadcrumbList","@id":"https:\/\/entradit.it\/de\/verbreitungskarten\/#breadcrumb","itemListElement":[{"@type":"ListItem","position":1,"name":"Home","item":"https:\/\/entradit.it\/de\/"},{"@type":"ListItem","position":2,"name":"Verbreitungskarten"}]},{"@type":"WebSite","@id":"https:\/\/entradit.it\/de\/#website","url":"https:\/\/entradit.it\/de\/","name":"Entradit","description":"L\u2019Edizione nazionale del Compendio delle traduzioni italiane nel mondo","potentialAction":[{"@type":"SearchAction","target":{"@type":"EntryPoint","urlTemplate":"https:\/\/entradit.it\/de\/?s={search_term_string}"},"query-input":"required name=search_term_string"}],"inLanguage":"de"}]}},"_links":{"self":[{"href":"https:\/\/entradit.it\/de\/wp-json\/wp\/v2\/pages\/5879"}],"collection":[{"href":"https:\/\/entradit.it\/de\/wp-json\/wp\/v2\/pages"}],"about":[{"href":"https:\/\/entradit.it\/de\/wp-json\/wp\/v2\/types\/page"}],"author":[{"embeddable":true,"href":"https:\/\/entradit.it\/de\/wp-json\/wp\/v2\/users\/1"}],"replies":[{"embeddable":true,"href":"https:\/\/entradit.it\/de\/wp-json\/wp\/v2\/comments?post=5879"}],"version-history":[{"count":9,"href":"https:\/\/entradit.it\/de\/wp-json\/wp\/v2\/pages\/5879\/revisions"}],"predecessor-version":[{"id":6596,"href":"https:\/\/entradit.it\/de\/wp-json\/wp\/v2\/pages\/5879\/revisions\/6596"}],"wp:attachment":[{"href":"https:\/\/entradit.it\/de\/wp-json\/wp\/v2\/media?parent=5879"}],"curies":[{"name":"wp","href":"https:\/\/api.w.org\/{rel}","templated":true}]}}