{"id":6339,"date":"2026-03-20T11:32:18","date_gmt":"2026-03-20T10:32:18","guid":{"rendered":"https:\/\/entradit.it\/?page_id=6339"},"modified":"2026-03-20T12:56:02","modified_gmt":"2026-03-20T11:56:02","slug":"galileo-galilei","status":"publish","type":"page","link":"https:\/\/entradit.it\/de\/galileo-galilei\/","title":{"rendered":"Galileo Galilei"},"content":{"rendered":"\t\t<div data-elementor-type=\"wp-page\" data-elementor-id=\"6339\" class=\"elementor elementor-6339 elementor-6336\">\n\t\t\t\t\t\t<div class=\"elementor-inner\">\n\t\t\t\t<div class=\"elementor-section-wrap\">\n\t\t\t\t\t\t\t\t\t<section class=\"elementor-section elementor-top-section elementor-element elementor-element-793f87a elementor-section-boxed elementor-section-height-default elementor-section-height-default qodef-elementor-content-no\" data-id=\"793f87a\" data-element_type=\"section\">\n\t\t\t\t\t\t<div class=\"elementor-container elementor-column-gap-default\">\n\t\t\t\t\t\t\t<div class=\"elementor-row\">\n\t\t\t\t\t<div class=\"elementor-column elementor-col-100 elementor-top-column elementor-element elementor-element-8fdf58c\" data-id=\"8fdf58c\" data-element_type=\"column\">\n\t\t\t<div class=\"elementor-column-wrap elementor-element-populated\">\n\t\t\t\t\t\t\t<div class=\"elementor-widget-wrap\">\n\t\t\t\t\t\t<div class=\"elementor-element elementor-element-093df6d elementor-widget elementor-widget-image\" data-id=\"093df6d\" data-element_type=\"widget\" data-widget_type=\"image.default\">\n\t\t\t\t<div class=\"elementor-widget-container\">\n\t\t\t\t\t\t\t\t<div class=\"elementor-image\">\n\t\t\t\t\t\t\t\t\t\t\t\t<img width=\"806\" height=\"1024\" src=\"https:\/\/entradit.it\/wp-content\/uploads\/2026\/03\/Galileo-Galilei_common-license-806x1024.jpg\" class=\"attachment-large size-large\" alt=\"\" loading=\"lazy\" srcset=\"https:\/\/entradit.it\/wp-content\/uploads\/2026\/03\/Galileo-Galilei_common-license-806x1024.jpg 806w, https:\/\/entradit.it\/wp-content\/uploads\/2026\/03\/Galileo-Galilei_common-license-236x300.jpg 236w, https:\/\/entradit.it\/wp-content\/uploads\/2026\/03\/Galileo-Galilei_common-license-768x976.jpg 768w, https:\/\/entradit.it\/wp-content\/uploads\/2026\/03\/Galileo-Galilei_common-license-1209x1536.jpg 1209w, https:\/\/entradit.it\/wp-content\/uploads\/2026\/03\/Galileo-Galilei_common-license-1612x2048.jpg 1612w, https:\/\/entradit.it\/wp-content\/uploads\/2026\/03\/Galileo-Galilei_common-license-scaled.jpg 2015w\" sizes=\"(max-width: 806px) 100vw, 806px\" \/>\t\t\t\t\t\t\t\t\t\t\t\t\t\t<\/div>\n\t\t\t\t\t\t<\/div>\n\t\t\t\t<\/div>\n\t\t\t\t<div class=\"elementor-element elementor-element-edd8f43 elementor-widget elementor-widget-text-editor\" data-id=\"edd8f43\" data-element_type=\"widget\" data-widget_type=\"text-editor.default\">\n\t\t\t\t<div class=\"elementor-widget-container\">\n\t\t\t\t\t\t\t\t<div class=\"elementor-text-editor elementor-clearfix\">\n\t\t\t\t<div class=\"block-editor-block-list__layout is-root-container\"><p>Er wird 1564 in Pisa geboren und widmet sich schon in jungen Jahren der formalen Pflege seines k\u00fcnstlerischen Talents; bis zu seiner Universit\u00e4tsimmatrikulation jedoch, etwa im Alter von sechzehn Jahren, entwickelt er eine starke Leidenschaft f\u00fcr das Studium der Mathematik und der euklidischen Geometrie. Seine ersten Abhandlungen, sowohl auf Latein als auch in der Volkssprache verfasst, sind didaktische Essays \u00fcber die Konstruktion und den Gebrauch wissenschaftlicher und mechanischer Instrumente oder mathematische Demonstrationen von Theoremen, logischen Strukturen und kosmologischen Modellen; bald gelangt er jedoch auf den Weg der Widerlegung einiger aristotelischer Dogmen durch direkte experimentelle Beobachtung.<\/p><p>Beobachtung und Empirismus bilden w\u00e4hrend seiner gesamten Laufbahn die Grundlage der galileischen Methode \u2013 sowohl in seiner akademischen T\u00e4tigkeit als auch, f\u00fcr kurze Zeit in Padua, in milit\u00e4rischer Funktion als Ingenieur und privater Berater.<\/p><p>Im Jahr 1597 wird Galileo Galilei auf die kleine europ\u00e4ische kopernikanische <i>intelligentia<\/i> aufmerksam und tritt indirekt sowie in eine intermittierende Briefbeziehung mit Johannes Kepler, nachdem dieser der Universit\u00e4t Padua sein astronomisches Werk <i>Mysterium Cosmographicum <\/i>(1596) \u00fcber Paul Homberger geschenkt hatte \u2013 auf Wunsch des deutschen Astronomen selbst, der seine Berechnungen und Entdeckungen mit den Akademien Europas teilen wollte.<\/p><p>Aus dieser erneuerten wissenschaftlichen Energie heraus bringt Galilei, nach seiner R\u00fcckkehr in die Toskana als Mathematiker und Philosoph des Gro\u00dfherzogs, seine heute bekanntesten Erfindungen und Werke hervor: etwa das Fernrohr, technisch beschrieben im <i>Sidereus Nuncius <\/i>(1610), das Cosimo II de&#8216; Medici gewidmet ist, sowie \u2013 nach l\u00e4ngerer Unterbrechung \u2013 den Il Saggiatore (1623), einen meisterhaften Text wissenschaftlicher und literarischer Polemik, der in gewisser Hinsicht den \u00e4hnlichen <i>Dialog \u00fcber die beiden haupts\u00e4chlichsten Weltsysteme<\/i> (1624\u20131630) vorwegnimmt, der 1632 in Florenz bei Giovan Battista Landini ver\u00f6ffentlicht wurde.<\/p><p>Mit diesen beiden Werken entsteht zu Recht ein lebhaftes Interesse \u2013 sowohl bei Galileis Zeitgenossen als auch bei den heutigen Forschern \u2013 an der bemerkenswerten Entscheidung, wissenschaftliche Themen in der Volkssprache statt auf Latein zu behandeln. Die Volkssprache erm\u00f6glichte eine breite Verbreitung im eigenen Land, auch unter Kritikern und Inquisitoren, w\u00e4hrend die lateinische Sprache \u2013 wie sp\u00e4ter durch die von Galilei selbst gew\u00fcnschten \u00dcbersetzungen geschah \u2013 Leser und Unterst\u00fctzer der kopernikanischen Thesen in ganz Europa erreicht h\u00e4tte.<\/p>Auch wenn sich nicht bestreiten l\u00e4sst, dass Galileo Galilei das <i>Convivio <\/i>von Dante Alighieri und dessen Verteidigungen der Volkssprache kannte \u2013 in der dreifachen Begr\u00fcndung der \u00abcautela di disconvenevole ordinazione\u00bb, \u00abprontezza di liberalitade\u00bb und \u00ablo naturale amore a propria loquela\u00bb \u2013 so ist es vielleicht wahrscheinlicher, die Entscheidung auf den Einfluss von Alessandro Piccolomini w\u00e4hrend Galileis Paduaner Zeit zur\u00fcckzuf\u00fchren, ebenso wie auf seinen Wunsch, die Gunst des Hauses Medici zu gewinnen, indem er zugleich die politische Bedeutung der florentinischen Sprache sowie die technologischen und wissenschaftlichen Neuerungen durch das Fernrohr und die experimentelle Methode aufwertete \u2013 wie auch durch Galileis private Korrespondenz bezeugt wird.<\/div>\t\t\t\t\t<\/div>\n\t\t\t\t\t\t<\/div>\n\t\t\t\t<\/div>\n\t\t\t\t<div class=\"elementor-element elementor-element-f744a06 elementor-widget elementor-widget-olema_core_separator\" data-id=\"f744a06\" data-element_type=\"widget\" data-widget_type=\"olema_core_separator.default\">\n\t\t\t\t<div class=\"elementor-widget-container\">\n\t\t\t<div class=\"qodef-shortcode qodef-m  qodef-separator clear \">\n\t<div class=\"qodef-m-line\" ><\/div>\n<\/div>\t\t<\/div>\n\t\t\t\t<\/div>\n\t\t\t\t<section class=\"elementor-section elementor-inner-section elementor-element elementor-element-b62edee elementor-section-boxed elementor-section-height-default elementor-section-height-default qodef-elementor-content-no\" data-id=\"b62edee\" data-element_type=\"section\">\n\t\t\t\t\t\t<div class=\"elementor-container elementor-column-gap-default\">\n\t\t\t\t\t\t\t<div class=\"elementor-row\">\n\t\t\t\t\t<div class=\"elementor-column elementor-col-50 elementor-inner-column elementor-element elementor-element-799df24\" data-id=\"799df24\" data-element_type=\"column\">\n\t\t\t<div class=\"elementor-column-wrap elementor-element-populated\">\n\t\t\t\t\t\t\t<div class=\"elementor-widget-wrap\">\n\t\t\t\t\t\t<div class=\"elementor-element elementor-element-1be7724 elementor-widget elementor-widget-olema_core_section_title\" data-id=\"1be7724\" data-element_type=\"widget\" data-widget_type=\"olema_core_section_title.default\">\n\t\t\t\t<div class=\"elementor-widget-container\">\n\t\t\t<div class=\"qodef-shortcode qodef-m  qodef-section-title qodef-alignment--left  qodef--has-appear\"  style=\"max-width: unset\">\n\t\t\t<h2 class=\"qodef-m-title\" >\n\t\t\t\t\tDistribuzione delle traduzioni di \"Dialogo sopra i due massimi sistemi\" nel mondo\t\t\t<\/h2>\n\t<\/div>\t\t<\/div>\n\t\t\t\t<\/div>\n\t\t\t\t\t\t<\/div>\n\t\t\t\t\t<\/div>\n\t\t<\/div>\n\t\t\t\t<div class=\"elementor-column elementor-col-50 elementor-inner-column elementor-element elementor-element-26df53d\" data-id=\"26df53d\" data-element_type=\"column\">\n\t\t\t<div class=\"elementor-column-wrap elementor-element-populated\">\n\t\t\t\t\t\t\t<div class=\"elementor-widget-wrap\">\n\t\t\t\t\t\t<div class=\"elementor-element elementor-element-6ccf82a elementor-widget elementor-widget-image\" data-id=\"6ccf82a\" data-element_type=\"widget\" data-widget_type=\"image.default\">\n\t\t\t\t<div class=\"elementor-widget-container\">\n\t\t\t\t\t\t\t\t<div class=\"elementor-image\">\n\t\t\t\t\t\t\t\t\t\t\t\t\t<a href=\"https:\/\/docs.google.com\/spreadsheets\/d\/14aMWxePJ7Cw_qg2xvQlw75h6SnMn46jdn07PSnQ51nQ\/edit?ts=5fb53299#gid=908183351\" target=\"_blank\">\n\t\t\t\t\t\t\t<img width=\"600\" height=\"371\" src=\"https:\/\/entradit.it\/wp-content\/uploads\/2026\/03\/Dialogo-sopra-i-due-massimi-sistemi_numero-edizioni.png\" class=\"attachment-large size-large\" alt=\"\" loading=\"lazy\" srcset=\"https:\/\/entradit.it\/wp-content\/uploads\/2026\/03\/Dialogo-sopra-i-due-massimi-sistemi_numero-edizioni.png 600w, https:\/\/entradit.it\/wp-content\/uploads\/2026\/03\/Dialogo-sopra-i-due-massimi-sistemi_numero-edizioni-300x186.png 300w\" sizes=\"(max-width: 600px) 100vw, 600px\" \/>\t\t\t\t\t\t\t\t<\/a>\n\t\t\t\t\t\t\t\t\t\t\t\t\t\t<\/div>\n\t\t\t\t\t\t<\/div>\n\t\t\t\t<\/div>\n\t\t\t\t\t\t<\/div>\n\t\t\t\t\t<\/div>\n\t\t<\/div>\n\t\t\t\t\t\t\t\t<\/div>\n\t\t\t\t\t<\/div>\n\t\t<\/section>\n\t\t\t\t<div class=\"elementor-element elementor-element-45f0972 elementor-widget elementor-widget-spacer\" data-id=\"45f0972\" data-element_type=\"widget\" data-widget_type=\"spacer.default\">\n\t\t\t\t<div class=\"elementor-widget-container\">\n\t\t\t\t\t<div class=\"elementor-spacer\">\n\t\t\t<div class=\"elementor-spacer-inner\"><\/div>\n\t\t<\/div>\n\t\t\t\t<\/div>\n\t\t\t\t<\/div>\n\t\t\t\t<section class=\"elementor-section elementor-inner-section elementor-element elementor-element-9750e0b elementor-section-boxed elementor-section-height-default elementor-section-height-default qodef-elementor-content-no\" data-id=\"9750e0b\" data-element_type=\"section\">\n\t\t\t\t\t\t<div class=\"elementor-container elementor-column-gap-default\">\n\t\t\t\t\t\t\t<div class=\"elementor-row\">\n\t\t\t\t\t<div class=\"elementor-column elementor-col-50 elementor-inner-column elementor-element elementor-element-eafd436\" data-id=\"eafd436\" data-element_type=\"column\">\n\t\t\t<div class=\"elementor-column-wrap elementor-element-populated\">\n\t\t\t\t\t\t\t<div class=\"elementor-widget-wrap\">\n\t\t\t\t\t\t<div class=\"elementor-element elementor-element-b769f9c elementor-widget elementor-widget-olema_core_section_title\" data-id=\"b769f9c\" data-element_type=\"widget\" data-widget_type=\"olema_core_section_title.default\">\n\t\t\t\t<div class=\"elementor-widget-container\">\n\t\t\t<div class=\"qodef-shortcode qodef-m  qodef-section-title qodef-alignment--left  qodef--has-appear\"  style=\"max-width: unset\">\n\t\t\t<h2 class=\"qodef-m-title\" >\n\t\t\t\t\tDistribuzione delle traduzioni di \"Il Saggiatore\" nel mondo\t\t\t<\/h2>\n\t<\/div>\t\t<\/div>\n\t\t\t\t<\/div>\n\t\t\t\t\t\t<\/div>\n\t\t\t\t\t<\/div>\n\t\t<\/div>\n\t\t\t\t<div class=\"elementor-column elementor-col-50 elementor-inner-column elementor-element elementor-element-958b718\" data-id=\"958b718\" data-element_type=\"column\">\n\t\t\t<div class=\"elementor-column-wrap elementor-element-populated\">\n\t\t\t\t\t\t\t<div class=\"elementor-widget-wrap\">\n\t\t\t\t\t\t<div class=\"elementor-element elementor-element-02cf5c8 elementor-widget elementor-widget-image\" data-id=\"02cf5c8\" data-element_type=\"widget\" data-widget_type=\"image.default\">\n\t\t\t\t<div class=\"elementor-widget-container\">\n\t\t\t\t\t\t\t\t<div class=\"elementor-image\">\n\t\t\t\t\t\t\t\t\t\t\t\t\t<a href=\"https:\/\/docs.google.com\/spreadsheets\/d\/14aMWxePJ7Cw_qg2xvQlw75h6SnMn46jdn07PSnQ51nQ\/edit?ts=5fb53299#gid=908183351\" target=\"_blank\">\n\t\t\t\t\t\t\t<img width=\"600\" height=\"371\" src=\"https:\/\/entradit.it\/wp-content\/uploads\/2026\/03\/Il-Saggiatore_numero-edizioni.png\" class=\"attachment-large size-large\" alt=\"\" loading=\"lazy\" srcset=\"https:\/\/entradit.it\/wp-content\/uploads\/2026\/03\/Il-Saggiatore_numero-edizioni.png 600w, https:\/\/entradit.it\/wp-content\/uploads\/2026\/03\/Il-Saggiatore_numero-edizioni-300x186.png 300w\" sizes=\"(max-width: 600px) 100vw, 600px\" \/>\t\t\t\t\t\t\t\t<\/a>\n\t\t\t\t\t\t\t\t\t\t\t\t\t\t<\/div>\n\t\t\t\t\t\t<\/div>\n\t\t\t\t<\/div>\n\t\t\t\t\t\t<\/div>\n\t\t\t\t\t<\/div>\n\t\t<\/div>\n\t\t\t\t\t\t\t\t<\/div>\n\t\t\t\t\t<\/div>\n\t\t<\/section>\n\t\t\t\t<div class=\"elementor-element elementor-element-70c21dd elementor-widget elementor-widget-spacer\" data-id=\"70c21dd\" data-element_type=\"widget\" data-widget_type=\"spacer.default\">\n\t\t\t\t<div class=\"elementor-widget-container\">\n\t\t\t\t\t<div class=\"elementor-spacer\">\n\t\t\t<div class=\"elementor-spacer-inner\"><\/div>\n\t\t<\/div>\n\t\t\t\t<\/div>\n\t\t\t\t<\/div>\n\t\t\t\t<div class=\"elementor-element elementor-element-b8f9fbb elementor-widget elementor-widget-olema_core_separator\" data-id=\"b8f9fbb\" data-element_type=\"widget\" data-widget_type=\"olema_core_separator.default\">\n\t\t\t\t<div class=\"elementor-widget-container\">\n\t\t\t<div class=\"qodef-shortcode qodef-m  qodef-separator clear \">\n\t<div class=\"qodef-m-line\" ><\/div>\n<\/div>\t\t<\/div>\n\t\t\t\t<\/div>\n\t\t\t\t<div class=\"elementor-element elementor-element-e484c03 elementor-widget elementor-widget-olema_core_section_title\" data-id=\"e484c03\" data-element_type=\"widget\" data-widget_type=\"olema_core_section_title.default\">\n\t\t\t\t<div class=\"elementor-widget-container\">\n\t\t\t<div class=\"qodef-shortcode qodef-m  qodef-section-title qodef-alignment--left  qodef--has-appear\"  style=\"max-width: unset\">\n\t\t\t<h2 class=\"qodef-m-title\" >\n\t\t\t\t\tBibliographischen\t\t\t<\/h2>\n\t<\/div>\t\t<\/div>\n\t\t\t\t<\/div>\n\t\t\t\t<div class=\"elementor-element elementor-element-f902ae5 elementor-widget elementor-widget-text-editor\" data-id=\"f902ae5\" data-element_type=\"widget\" data-widget_type=\"text-editor.default\">\n\t\t\t\t<div class=\"elementor-widget-container\">\n\t\t\t\t\t\t\t\t<div class=\"elementor-text-editor elementor-clearfix\">\n\t\t\t\t<p><a href=\"https:\/\/www.treccani.it\/enciclopedia\/galileo-galilei\/\">Galilei, Galileo<\/a>, Enciclopedia Treccani<\/p><p>[1] <a href=\"http:\/\/doi.org\/10.30687\/978-88-6969-450-9\">Marco Bianchi<\/a>, Galileo in Europa. La scelta del volgare e la traduzione latina del Dialogo sopra i due massimi sistemi, \u00abFilologie medievali e moderne\u00bb 23(19), Edizioni Ca\u2019 Foscari, 2020, pp. 63-64<\/p><p>[2] Massimo Bucciantini, Galileo e Keplero. Filosofia, cosmologia e teologia nell\u2019et\u00e0 della Controriforma, Einaudi, Torino, 2003, p. 22.<\/p><p>[3] Marco Bianchi, op. cit., pp. 17-18.<\/p><p>[4] Convivio, I, 5. Rispettivamente la coerenza tra la lingua propria della cosa trattata e la lingua della trattazione, la massima disponibilit\u00e0 di divulgazione presso i lettori contemporanei, e un amore dovuto per la propria lingua d\u2019uso.<\/p><p>[5] Marco Bianchi, op. cit. pp. 18-23.<\/p><p>[6] Id., pp. 29-48.<\/p>\t\t\t\t\t<\/div>\n\t\t\t\t\t\t<\/div>\n\t\t\t\t<\/div>\n\t\t\t\t\t\t<\/div>\n\t\t\t\t\t<\/div>\n\t\t<\/div>\n\t\t\t\t\t\t\t\t<\/div>\n\t\t\t\t\t<\/div>\n\t\t<\/section>\n\t\t\t\t\t\t\t\t\t<\/div>\n\t\t\t<\/div>\n\t\t\t\t\t<\/div>\n\t\t","protected":false},"excerpt":{"rendered":"<p>Er wird 1564 in Pisa geboren und widmet sich schon in jungen Jahren der formalen Pflege seines k\u00fcnstlerischen Talents; bis zu seiner Universit\u00e4tsimmatrikulation jedoch, etwa im Alter von sechzehn Jahren, entwickelt er eine starke Leidenschaft f\u00fcr das Studium der Mathematik und der euklidischen Geometrie. Seine ersten Abhandlungen, sowohl auf Latein als auch in der Volkssprache [&hellip;]<\/p>\n","protected":false},"author":1,"featured_media":4145,"parent":0,"menu_order":0,"comment_status":"closed","ping_status":"closed","template":"","meta":[],"yoast_head":"<!-- This site is optimized with the Yoast SEO plugin v19.6.1 - https:\/\/yoast.com\/wordpress\/plugins\/seo\/ -->\n<title>Galileo Galilei - Entradit<\/title>\n<meta name=\"robots\" content=\"index, follow, max-snippet:-1, max-image-preview:large, max-video-preview:-1\" \/>\n<link rel=\"canonical\" href=\"https:\/\/entradit.it\/de\/galileo-galilei\/\" \/>\n<meta property=\"og:locale\" content=\"de_DE\" \/>\n<meta property=\"og:type\" content=\"article\" \/>\n<meta property=\"og:title\" content=\"Galileo Galilei - Entradit\" \/>\n<meta property=\"og:description\" content=\"Er wird 1564 in Pisa geboren und widmet sich schon in jungen Jahren der formalen Pflege seines k\u00fcnstlerischen Talents; bis zu seiner Universit\u00e4tsimmatrikulation jedoch, etwa im Alter von sechzehn Jahren, entwickelt er eine starke Leidenschaft f\u00fcr das Studium der Mathematik und der euklidischen Geometrie. Seine ersten Abhandlungen, sowohl auf Latein als auch in der Volkssprache [&hellip;]\" \/>\n<meta property=\"og:url\" content=\"https:\/\/entradit.it\/de\/galileo-galilei\/\" \/>\n<meta property=\"og:site_name\" content=\"Entradit\" \/>\n<meta property=\"article:modified_time\" content=\"2026-03-20T11:56:02+00:00\" \/>\n<meta property=\"og:image\" content=\"https:\/\/entradit.it\/wp-content\/uploads\/2020\/11\/Bernardino_Telesio_ritratto.jpg\" \/>\n\t<meta property=\"og:image:width\" content=\"1440\" \/>\n\t<meta property=\"og:image:height\" content=\"800\" \/>\n\t<meta property=\"og:image:type\" content=\"image\/jpeg\" \/>\n<meta name=\"twitter:card\" content=\"summary_large_image\" \/>\n<meta name=\"twitter:label1\" content=\"Gesch\u00e4tzte Lesezeit\" \/>\n\t<meta name=\"twitter:data1\" content=\"4\u00a0Minuten\" \/>\n<script type=\"application\/ld+json\" class=\"yoast-schema-graph\">{\"@context\":\"https:\/\/schema.org\",\"@graph\":[{\"@type\":\"WebPage\",\"@id\":\"https:\/\/entradit.it\/de\/galileo-galilei\/\",\"url\":\"https:\/\/entradit.it\/de\/galileo-galilei\/\",\"name\":\"Galileo Galilei - Entradit\",\"isPartOf\":{\"@id\":\"https:\/\/entradit.it\/de\/#website\"},\"datePublished\":\"2026-03-20T10:32:18+00:00\",\"dateModified\":\"2026-03-20T11:56:02+00:00\",\"breadcrumb\":{\"@id\":\"https:\/\/entradit.it\/de\/galileo-galilei\/#breadcrumb\"},\"inLanguage\":\"de\",\"potentialAction\":[{\"@type\":\"ReadAction\",\"target\":[\"https:\/\/entradit.it\/de\/galileo-galilei\/\"]}]},{\"@type\":\"BreadcrumbList\",\"@id\":\"https:\/\/entradit.it\/de\/galileo-galilei\/#breadcrumb\",\"itemListElement\":[{\"@type\":\"ListItem\",\"position\":1,\"name\":\"Home\",\"item\":\"https:\/\/entradit.it\/de\/\"},{\"@type\":\"ListItem\",\"position\":2,\"name\":\"Galileo Galilei\"}]},{\"@type\":\"WebSite\",\"@id\":\"https:\/\/entradit.it\/de\/#website\",\"url\":\"https:\/\/entradit.it\/de\/\",\"name\":\"Entradit\",\"description\":\"L\u2019Edizione nazionale del Compendio delle traduzioni italiane nel mondo\",\"potentialAction\":[{\"@type\":\"SearchAction\",\"target\":{\"@type\":\"EntryPoint\",\"urlTemplate\":\"https:\/\/entradit.it\/de\/?s={search_term_string}\"},\"query-input\":\"required name=search_term_string\"}],\"inLanguage\":\"de\"}]}<\/script>\n<!-- \/ Yoast SEO plugin. -->","yoast_head_json":{"title":"Galileo Galilei - Entradit","robots":{"index":"index","follow":"follow","max-snippet":"max-snippet:-1","max-image-preview":"max-image-preview:large","max-video-preview":"max-video-preview:-1"},"canonical":"https:\/\/entradit.it\/de\/galileo-galilei\/","og_locale":"de_DE","og_type":"article","og_title":"Galileo Galilei - Entradit","og_description":"Er wird 1564 in Pisa geboren und widmet sich schon in jungen Jahren der formalen Pflege seines k\u00fcnstlerischen Talents; bis zu seiner Universit\u00e4tsimmatrikulation jedoch, etwa im Alter von sechzehn Jahren, entwickelt er eine starke Leidenschaft f\u00fcr das Studium der Mathematik und der euklidischen Geometrie. Seine ersten Abhandlungen, sowohl auf Latein als auch in der Volkssprache [&hellip;]","og_url":"https:\/\/entradit.it\/de\/galileo-galilei\/","og_site_name":"Entradit","article_modified_time":"2026-03-20T11:56:02+00:00","og_image":[{"width":1440,"height":800,"url":"https:\/\/entradit.it\/wp-content\/uploads\/2020\/11\/Bernardino_Telesio_ritratto.jpg","type":"image\/jpeg"}],"twitter_card":"summary_large_image","twitter_misc":{"Gesch\u00e4tzte Lesezeit":"4\u00a0Minuten"},"schema":{"@context":"https:\/\/schema.org","@graph":[{"@type":"WebPage","@id":"https:\/\/entradit.it\/de\/galileo-galilei\/","url":"https:\/\/entradit.it\/de\/galileo-galilei\/","name":"Galileo Galilei - Entradit","isPartOf":{"@id":"https:\/\/entradit.it\/de\/#website"},"datePublished":"2026-03-20T10:32:18+00:00","dateModified":"2026-03-20T11:56:02+00:00","breadcrumb":{"@id":"https:\/\/entradit.it\/de\/galileo-galilei\/#breadcrumb"},"inLanguage":"de","potentialAction":[{"@type":"ReadAction","target":["https:\/\/entradit.it\/de\/galileo-galilei\/"]}]},{"@type":"BreadcrumbList","@id":"https:\/\/entradit.it\/de\/galileo-galilei\/#breadcrumb","itemListElement":[{"@type":"ListItem","position":1,"name":"Home","item":"https:\/\/entradit.it\/de\/"},{"@type":"ListItem","position":2,"name":"Galileo Galilei"}]},{"@type":"WebSite","@id":"https:\/\/entradit.it\/de\/#website","url":"https:\/\/entradit.it\/de\/","name":"Entradit","description":"L\u2019Edizione nazionale del Compendio delle traduzioni italiane nel mondo","potentialAction":[{"@type":"SearchAction","target":{"@type":"EntryPoint","urlTemplate":"https:\/\/entradit.it\/de\/?s={search_term_string}"},"query-input":"required name=search_term_string"}],"inLanguage":"de"}]}},"_links":{"self":[{"href":"https:\/\/entradit.it\/de\/wp-json\/wp\/v2\/pages\/6339"}],"collection":[{"href":"https:\/\/entradit.it\/de\/wp-json\/wp\/v2\/pages"}],"about":[{"href":"https:\/\/entradit.it\/de\/wp-json\/wp\/v2\/types\/page"}],"author":[{"embeddable":true,"href":"https:\/\/entradit.it\/de\/wp-json\/wp\/v2\/users\/1"}],"replies":[{"embeddable":true,"href":"https:\/\/entradit.it\/de\/wp-json\/wp\/v2\/comments?post=6339"}],"version-history":[{"count":5,"href":"https:\/\/entradit.it\/de\/wp-json\/wp\/v2\/pages\/6339\/revisions"}],"predecessor-version":[{"id":6475,"href":"https:\/\/entradit.it\/de\/wp-json\/wp\/v2\/pages\/6339\/revisions\/6475"}],"wp:featuredmedia":[{"embeddable":true,"href":"https:\/\/entradit.it\/de\/wp-json\/wp\/v2\/media\/4145"}],"wp:attachment":[{"href":"https:\/\/entradit.it\/de\/wp-json\/wp\/v2\/media?parent=6339"}],"curies":[{"name":"wp","href":"https:\/\/api.w.org\/{rel}","templated":true}]}}