{"id":6400,"date":"2026-03-20T13:25:07","date_gmt":"2026-03-20T12:25:07","guid":{"rendered":"https:\/\/entradit.it\/?page_id=6400"},"modified":"2026-03-20T13:26:58","modified_gmt":"2026-03-20T12:26:58","slug":"cesare-beccaria","status":"publish","type":"page","link":"https:\/\/entradit.it\/de\/cesare-beccaria\/","title":{"rendered":"Cesare Beccaria"},"content":{"rendered":"\t\t<div data-elementor-type=\"wp-page\" data-elementor-id=\"6400\" class=\"elementor elementor-6400 elementor-6397\">\n\t\t\t\t\t\t<div class=\"elementor-inner\">\n\t\t\t\t<div class=\"elementor-section-wrap\">\n\t\t\t\t\t\t\t\t\t<section class=\"elementor-section elementor-top-section elementor-element elementor-element-793f87a elementor-section-boxed elementor-section-height-default elementor-section-height-default qodef-elementor-content-no\" data-id=\"793f87a\" data-element_type=\"section\">\n\t\t\t\t\t\t<div class=\"elementor-container elementor-column-gap-default\">\n\t\t\t\t\t\t\t<div class=\"elementor-row\">\n\t\t\t\t\t<div class=\"elementor-column elementor-col-100 elementor-top-column elementor-element elementor-element-8fdf58c\" data-id=\"8fdf58c\" data-element_type=\"column\">\n\t\t\t<div class=\"elementor-column-wrap elementor-element-populated\">\n\t\t\t\t\t\t\t<div class=\"elementor-widget-wrap\">\n\t\t\t\t\t\t<div class=\"elementor-element elementor-element-093df6d elementor-widget elementor-widget-image\" data-id=\"093df6d\" data-element_type=\"widget\" data-widget_type=\"image.default\">\n\t\t\t\t<div class=\"elementor-widget-container\">\n\t\t\t\t\t\t\t\t<div class=\"elementor-image\">\n\t\t\t\t\t\t\t\t\t\t\t\t<img width=\"1024\" height=\"538\" src=\"https:\/\/entradit.it\/wp-content\/uploads\/2026\/03\/BECCARIA-Monumento-piazza-Beccaria_royaltyfree-1024x538.jpg\" class=\"attachment-large size-large\" alt=\"\" loading=\"lazy\" srcset=\"https:\/\/entradit.it\/wp-content\/uploads\/2026\/03\/BECCARIA-Monumento-piazza-Beccaria_royaltyfree-1024x538.jpg 1024w, https:\/\/entradit.it\/wp-content\/uploads\/2026\/03\/BECCARIA-Monumento-piazza-Beccaria_royaltyfree-300x158.jpg 300w, https:\/\/entradit.it\/wp-content\/uploads\/2026\/03\/BECCARIA-Monumento-piazza-Beccaria_royaltyfree-768x403.jpg 768w, https:\/\/entradit.it\/wp-content\/uploads\/2026\/03\/BECCARIA-Monumento-piazza-Beccaria_royaltyfree.jpg 1200w\" sizes=\"(max-width: 1024px) 100vw, 1024px\" \/>\t\t\t\t\t\t\t\t\t\t\t\t\t\t<\/div>\n\t\t\t\t\t\t<\/div>\n\t\t\t\t<\/div>\n\t\t\t\t<div class=\"elementor-element elementor-element-edd8f43 elementor-widget elementor-widget-text-editor\" data-id=\"edd8f43\" data-element_type=\"widget\" data-widget_type=\"text-editor.default\">\n\t\t\t\t<div class=\"elementor-widget-container\">\n\t\t\t\t\t\t\t\t<div class=\"elementor-text-editor elementor-clearfix\">\n\t\t\t\t<div class=\"block-editor-block-list__layout is-root-container\"><p>Cesare Beccaria wurde 1738 in Mailand in eine wohlhabende Familie mit k\u00fcrzlich erworbener aristokratischer Stellung geboren. Das Privatleben und die gegenseitige Ablehnung zwischen Cesare Beccaria und seiner Familie, insbesondere mit dem Vater, sowie die Etikette und Denkweise der Mail\u00e4nder Aristokratie spielten eine entscheidende Rolle bei der Entstehung seiner revolution\u00e4ren, avantgardistischen und liberalen Ideen im juristischen und sozialen Bereich, aber auch in der Literatur: Gerade gegen die Dogmatik der kodifizierten literarischen Gattungen sammelte er die bereits in <i>Il Caff\u00e8<\/i> ver\u00f6ffentlichten Gedanken der Verri-Br\u00fcder und ver\u00f6ffentlichte 1770 die <i>Ricerche intorno alla natura dello stile<\/i>, in denen er die Idee der Vorrangstellung des Autorenstils \u00fcber die Norm und der Kunst, die den menschlichen Geist erheben kann, bef\u00fcrwortete.<\/p><p>Neben den fr\u00fch gezeigten mathematischen Begabungen und dem Interesse f\u00fcr Wirtschaft, das ebenfalls in dem Wunsch m\u00fcndete, die Bewertung des Umlaufgeldes nach den enthaltenen Edelmetallmengen zu reformieren (<i>Del disordine e de&#8216; rimedi delle monete nello stato di Milano<\/i>, 1762), begann er sich f\u00fcr Literatur \u2013 er war auch Mitglied der Akademie der <i>Trasformati<\/i> \u2013 und Philosophie zu interessieren, eine Leidenschaft f\u00fcr Wissen in all seinen Facetten. Zun\u00e4chst wandte er sich seinen Landsleuten und den franz\u00f6sischsprachigen Autoren zu \u2013 Freund von Pietro Verri, er las Rousseau und Montesquieu und lernte u.\u202fa. Hume, Diderot und D\u2019Alembert kennen \u2013 und trat dann vollwertig unter die ber\u00fchmtesten Namen der Aufkl\u00e4rung ein, anerkannt auch von Zeitgenossen jenseits des Atlantiks. Schon Thomas Jefferson und John Adams, damals mit der Gr\u00fcndung der neuen Nation der Vereinigten Staaten von Amerika besch\u00e4ftigt und sp\u00e4tere Pr\u00e4sidenten, hatten sowohl das Originalwerk \u2013 in englischer \u00dcbersetzung (1767) und auf Italienisch \u2013 als auch den von Voltaire schnell verfassten Kommentar (1766) gelesen.<\/p><p>Die Fragen, die von den Kritikern von Beccarias W\u00e4hrungs- und Tauschwertkritik aufgeworfen wurden, und die daraus resultierenden hitzigen Debatten unter Intellektuellen, an denen u.\u202fa. die Verri-Br\u00fcder zur Verteidigung Beccarias teilnahmen, f\u00fchrten zur Gr\u00fcndung der k\u00e4mpferischen Accademia dei Pugni (Akademie der F\u00e4uste) in Mailand, die unter ihren Mitgliedern die bekannten Namen der jungen italienischen Aufkl\u00e4rung z\u00e4hlte, darunter auch den Marquis selbst.<\/p><p>Cesare Beccaria, inzwischen als Anwalt promoviert, war in jenen Jahren das Zentrum der philosophisch-juristischen Diskussion der neu gegr\u00fcndeten Akademie; eine Diskussion, die aus den juristischen Fragen hervorging, die seine Kritiken und die daraus resultierenden scharfen Polemiken aufwarfen, und die t\u00e4glich durch seine Erfahrungen mit menschlichem Elend als Anwalt gen\u00e4hrt wurde. In diesem Klima entstand innerhalb eines Jahres (1763\u20131764) <i>Von Verbrechen und Strafen<\/i>, basierend auf den regelm\u00e4\u00dfigen, intensiven Lekt\u00fcren von Jean-Jacques Rousseaus gerade ver\u00f6ffentlichtem <i>Vom Gesellschaftsvertrag <\/i>(1762) und den minuti\u00f6sen Notizen \u00fcber Francis Bacon (<i>Francisci Baconis de Verulamio De dignitate et augmentis scientiarum et novo organo scientiarum libris excerpta<\/i>, Biblioteca Ambrosiana, Becc. B 201).<\/p>Sein bekanntestes und einflussreichstes Werk wurde weltweit \u00fcbersetzt und kommentiert, mit Zustimmung oder Emp\u00f6rung (z.\u202fB. Ferdinando Facchinei, <i>Note ed osservazioni sul libro intitolato Dei delitti e delle pene<\/i>, 1765), und insbesondere durch Kommentare wie Voltaires Kommentar <i>par excellence<\/i> (<i>Commentaire sur le livre des d\u00e9lits et des peines par un avocat de province<\/i>, 1766) fand es auch in den neugegr\u00fcndeten Vereinigten Staaten von Amerika Verbreitung. \u00dcber die Verbreitung dieses Werkes und der darin enthaltenen revolution\u00e4ren Ideen nach 1821, dem Jahr, in dem Cesares Sohn Giulio Beccaria die bibliografische und anthologische Sammlung der <i>Biblioteca Ambrosiana<\/i> \u00fcbergab \u2013 heute die einzige und vollst\u00e4ndigste Sammlung von Manuskripten, Briefen und Werken von Cesare Beccaria \u2013 ist wenig in systematischer Form bekannt. In diesem Sinne hat sich ENTRADIT zum Ziel gesetzt, die Verbreitung von <i>von Verbrechen und Strafen <\/i>weltweit bis in die Gegenwart zu dokumentieren, in einem Kontext, der zunehmend von der Erosion der Menschen- und Sozialrechte gepr\u00e4gt ist, die dieses Buch einst das moderne Denken inspirierten.<\/div>\t\t\t\t\t<\/div>\n\t\t\t\t\t\t<\/div>\n\t\t\t\t<\/div>\n\t\t\t\t<div class=\"elementor-element elementor-element-f744a06 elementor-widget elementor-widget-olema_core_separator\" data-id=\"f744a06\" data-element_type=\"widget\" data-widget_type=\"olema_core_separator.default\">\n\t\t\t\t<div class=\"elementor-widget-container\">\n\t\t\t<div class=\"qodef-shortcode qodef-m  qodef-separator clear \">\n\t<div class=\"qodef-m-line\" ><\/div>\n<\/div>\t\t<\/div>\n\t\t\t\t<\/div>\n\t\t\t\t<section class=\"elementor-section elementor-inner-section elementor-element elementor-element-b62edee elementor-section-boxed elementor-section-height-default elementor-section-height-default qodef-elementor-content-no\" data-id=\"b62edee\" data-element_type=\"section\">\n\t\t\t\t\t\t<div class=\"elementor-container elementor-column-gap-default\">\n\t\t\t\t\t\t\t<div class=\"elementor-row\">\n\t\t\t\t\t<div class=\"elementor-column elementor-col-50 elementor-inner-column elementor-element elementor-element-799df24\" data-id=\"799df24\" data-element_type=\"column\">\n\t\t\t<div class=\"elementor-column-wrap elementor-element-populated\">\n\t\t\t\t\t\t\t<div class=\"elementor-widget-wrap\">\n\t\t\t\t\t\t<div class=\"elementor-element elementor-element-1be7724 elementor-widget elementor-widget-olema_core_section_title\" data-id=\"1be7724\" data-element_type=\"widget\" data-widget_type=\"olema_core_section_title.default\">\n\t\t\t\t<div class=\"elementor-widget-container\">\n\t\t\t<div class=\"qodef-shortcode qodef-m  qodef-section-title qodef-alignment--left  qodef--has-appear\"  style=\"max-width: unset\">\n\t\t\t<h2 class=\"qodef-m-title\" >\n\t\t\t\t\tDistribuzione delle traduzioni delle opere di \"Dei delitti e delle pene\" nel mondo\t\t\t<\/h2>\n\t<\/div>\t\t<\/div>\n\t\t\t\t<\/div>\n\t\t\t\t\t\t<\/div>\n\t\t\t\t\t<\/div>\n\t\t<\/div>\n\t\t\t\t<div class=\"elementor-column elementor-col-50 elementor-inner-column elementor-element elementor-element-26df53d\" data-id=\"26df53d\" data-element_type=\"column\">\n\t\t\t<div class=\"elementor-column-wrap elementor-element-populated\">\n\t\t\t\t\t\t\t<div class=\"elementor-widget-wrap\">\n\t\t\t\t\t\t<div class=\"elementor-element elementor-element-6ccf82a elementor-widget elementor-widget-image\" data-id=\"6ccf82a\" data-element_type=\"widget\" data-widget_type=\"image.default\">\n\t\t\t\t<div class=\"elementor-widget-container\">\n\t\t\t\t\t\t\t\t<div class=\"elementor-image\">\n\t\t\t\t\t\t\t\t\t\t\t\t\t<a href=\"https:\/\/docs.google.com\/spreadsheets\/d\/14aMWxePJ7Cw_qg2xvQlw75h6SnMn46jdn07PSnQ51nQ\/edit?ts=5fb53299#gid=908183351\" target=\"_blank\">\n\t\t\t\t\t\t\t<img width=\"600\" height=\"371\" src=\"https:\/\/entradit.it\/wp-content\/uploads\/2026\/03\/Dei-delitti-e-delle-pene_numero-copie-in-biblioteca.png\" class=\"attachment-large size-large\" alt=\"\" loading=\"lazy\" srcset=\"https:\/\/entradit.it\/wp-content\/uploads\/2026\/03\/Dei-delitti-e-delle-pene_numero-copie-in-biblioteca.png 600w, https:\/\/entradit.it\/wp-content\/uploads\/2026\/03\/Dei-delitti-e-delle-pene_numero-copie-in-biblioteca-300x186.png 300w\" sizes=\"(max-width: 600px) 100vw, 600px\" \/>\t\t\t\t\t\t\t\t<\/a>\n\t\t\t\t\t\t\t\t\t\t\t\t\t\t<\/div>\n\t\t\t\t\t\t<\/div>\n\t\t\t\t<\/div>\n\t\t\t\t\t\t<\/div>\n\t\t\t\t\t<\/div>\n\t\t<\/div>\n\t\t\t\t\t\t\t\t<\/div>\n\t\t\t\t\t<\/div>\n\t\t<\/section>\n\t\t\t\t<div class=\"elementor-element elementor-element-b8f9fbb elementor-widget elementor-widget-olema_core_separator\" data-id=\"b8f9fbb\" data-element_type=\"widget\" data-widget_type=\"olema_core_separator.default\">\n\t\t\t\t<div class=\"elementor-widget-container\">\n\t\t\t<div class=\"qodef-shortcode qodef-m  qodef-separator clear \">\n\t<div class=\"qodef-m-line\" ><\/div>\n<\/div>\t\t<\/div>\n\t\t\t\t<\/div>\n\t\t\t\t<div class=\"elementor-element elementor-element-e484c03 elementor-widget elementor-widget-olema_core_section_title\" data-id=\"e484c03\" data-element_type=\"widget\" data-widget_type=\"olema_core_section_title.default\">\n\t\t\t\t<div class=\"elementor-widget-container\">\n\t\t\t<div class=\"qodef-shortcode qodef-m  qodef-section-title qodef-alignment--left  qodef--has-appear\"  style=\"max-width: unset\">\n\t\t\t<h2 class=\"qodef-m-title\" >\n\t\t\t\t\tBibliographischen\t\t\t<\/h2>\n\t<\/div>\t\t<\/div>\n\t\t\t\t<\/div>\n\t\t\t\t<div class=\"elementor-element elementor-element-f902ae5 elementor-widget elementor-widget-text-editor\" data-id=\"f902ae5\" data-element_type=\"widget\" data-widget_type=\"text-editor.default\">\n\t\t\t\t<div class=\"elementor-widget-container\">\n\t\t\t\t\t\t\t\t<div class=\"elementor-text-editor elementor-clearfix\">\n\t\t\t\t<p><a href=\"https:\/\/www.treccani.it\/enciclopedia\/cesare-beccaria_(Dizionario-Biografico)\/\">Franco Venturi<\/a>, Dizionario Bibliografico degli Italiani. Vol.7, Enciclopedia Treccani, 1970<\/p><p>[1] Tra le pi\u00f9 accurate ricognizioni ragionate dell\u2019influenza del pensiero beccariano nel mondo anglosassone di qua e di l\u00e0 dell\u2019Atlantico \u00e8 John Bessler, The Gross Injustices of Capital Punishment: A Torturous Practice and Justice Thurgood Marshall\u2019s Astute Appraisal of the Death Penalty\u2019s Cruelty, Discriminatory Use, and Unconstitutionality, \u00abWashington and Lee Journal of Civil Rights and Social Justice\u00bb vol. 29-2(65), 2023, pp. 65-150 e Id., The Celebrated Marquis: An Italian Noble and the Making of the Modern World, Durham, Carolina Academic Press, 2018.<\/p><p>[2] <a href=\"https:\/\/doi.org\/10.14276\/1825-1676.923\">Daniele Ruinetti<\/a>, Cesare Beccaria tra innovazione e conformismo: il caso della moneta, \u00abStudi Urbinati, A \u2013 Scienze giuridiche, politiche ed economiche\u00bb 61(45), 2021, pp.179-200<\/p><p>[3] <a href=\"https:\/\/doi.org\/10.13128\/DS-25435\">Marialuisa Parise<\/a>, Beccaria e Bacon: una fonte inglese alle origini del Dei delitti?, \u00abDiciottesimo Secolo\u00bb vol.4, 2019, pp.19-31<\/p>\t\t\t\t\t<\/div>\n\t\t\t\t\t\t<\/div>\n\t\t\t\t<\/div>\n\t\t\t\t\t\t<\/div>\n\t\t\t\t\t<\/div>\n\t\t<\/div>\n\t\t\t\t\t\t\t\t<\/div>\n\t\t\t\t\t<\/div>\n\t\t<\/section>\n\t\t\t\t\t\t\t\t\t<\/div>\n\t\t\t<\/div>\n\t\t\t\t\t<\/div>\n\t\t","protected":false},"excerpt":{"rendered":"<p>Cesare Beccaria wurde 1738 in Mailand in eine wohlhabende Familie mit k\u00fcrzlich erworbener aristokratischer Stellung geboren. Das Privatleben und die gegenseitige Ablehnung zwischen Cesare Beccaria und seiner Familie, insbesondere mit dem Vater, sowie die Etikette und Denkweise der Mail\u00e4nder Aristokratie spielten eine entscheidende Rolle bei der Entstehung seiner revolution\u00e4ren, avantgardistischen und liberalen Ideen im juristischen [&hellip;]<\/p>\n","protected":false},"author":1,"featured_media":4145,"parent":0,"menu_order":0,"comment_status":"closed","ping_status":"closed","template":"","meta":[],"yoast_head":"<!-- This site is optimized with the Yoast SEO plugin v19.6.1 - https:\/\/yoast.com\/wordpress\/plugins\/seo\/ -->\n<title>Cesare Beccaria - Entradit<\/title>\n<meta name=\"robots\" content=\"index, follow, max-snippet:-1, max-image-preview:large, max-video-preview:-1\" \/>\n<link rel=\"canonical\" href=\"https:\/\/entradit.it\/de\/cesare-beccaria\/\" \/>\n<meta property=\"og:locale\" content=\"de_DE\" \/>\n<meta property=\"og:type\" content=\"article\" \/>\n<meta property=\"og:title\" content=\"Cesare Beccaria - Entradit\" \/>\n<meta property=\"og:description\" content=\"Cesare Beccaria wurde 1738 in Mailand in eine wohlhabende Familie mit k\u00fcrzlich erworbener aristokratischer Stellung geboren. Das Privatleben und die gegenseitige Ablehnung zwischen Cesare Beccaria und seiner Familie, insbesondere mit dem Vater, sowie die Etikette und Denkweise der Mail\u00e4nder Aristokratie spielten eine entscheidende Rolle bei der Entstehung seiner revolution\u00e4ren, avantgardistischen und liberalen Ideen im juristischen [&hellip;]\" \/>\n<meta property=\"og:url\" content=\"https:\/\/entradit.it\/de\/cesare-beccaria\/\" \/>\n<meta property=\"og:site_name\" content=\"Entradit\" \/>\n<meta property=\"article:modified_time\" content=\"2026-03-20T12:26:58+00:00\" \/>\n<meta property=\"og:image\" content=\"https:\/\/entradit.it\/wp-content\/uploads\/2020\/11\/Bernardino_Telesio_ritratto.jpg\" \/>\n\t<meta property=\"og:image:width\" content=\"1440\" \/>\n\t<meta property=\"og:image:height\" content=\"800\" \/>\n\t<meta property=\"og:image:type\" content=\"image\/jpeg\" \/>\n<meta name=\"twitter:card\" content=\"summary_large_image\" \/>\n<meta name=\"twitter:label1\" content=\"Gesch\u00e4tzte Lesezeit\" \/>\n\t<meta name=\"twitter:data1\" content=\"5\u00a0Minuten\" \/>\n<script type=\"application\/ld+json\" class=\"yoast-schema-graph\">{\"@context\":\"https:\/\/schema.org\",\"@graph\":[{\"@type\":\"WebPage\",\"@id\":\"https:\/\/entradit.it\/de\/cesare-beccaria\/\",\"url\":\"https:\/\/entradit.it\/de\/cesare-beccaria\/\",\"name\":\"Cesare Beccaria - Entradit\",\"isPartOf\":{\"@id\":\"https:\/\/entradit.it\/de\/#website\"},\"datePublished\":\"2026-03-20T12:25:07+00:00\",\"dateModified\":\"2026-03-20T12:26:58+00:00\",\"breadcrumb\":{\"@id\":\"https:\/\/entradit.it\/de\/cesare-beccaria\/#breadcrumb\"},\"inLanguage\":\"de\",\"potentialAction\":[{\"@type\":\"ReadAction\",\"target\":[\"https:\/\/entradit.it\/de\/cesare-beccaria\/\"]}]},{\"@type\":\"BreadcrumbList\",\"@id\":\"https:\/\/entradit.it\/de\/cesare-beccaria\/#breadcrumb\",\"itemListElement\":[{\"@type\":\"ListItem\",\"position\":1,\"name\":\"Home\",\"item\":\"https:\/\/entradit.it\/de\/\"},{\"@type\":\"ListItem\",\"position\":2,\"name\":\"Cesare Beccaria\"}]},{\"@type\":\"WebSite\",\"@id\":\"https:\/\/entradit.it\/de\/#website\",\"url\":\"https:\/\/entradit.it\/de\/\",\"name\":\"Entradit\",\"description\":\"L\u2019Edizione nazionale del Compendio delle traduzioni italiane nel mondo\",\"potentialAction\":[{\"@type\":\"SearchAction\",\"target\":{\"@type\":\"EntryPoint\",\"urlTemplate\":\"https:\/\/entradit.it\/de\/?s={search_term_string}\"},\"query-input\":\"required name=search_term_string\"}],\"inLanguage\":\"de\"}]}<\/script>\n<!-- \/ Yoast SEO plugin. -->","yoast_head_json":{"title":"Cesare Beccaria - Entradit","robots":{"index":"index","follow":"follow","max-snippet":"max-snippet:-1","max-image-preview":"max-image-preview:large","max-video-preview":"max-video-preview:-1"},"canonical":"https:\/\/entradit.it\/de\/cesare-beccaria\/","og_locale":"de_DE","og_type":"article","og_title":"Cesare Beccaria - Entradit","og_description":"Cesare Beccaria wurde 1738 in Mailand in eine wohlhabende Familie mit k\u00fcrzlich erworbener aristokratischer Stellung geboren. Das Privatleben und die gegenseitige Ablehnung zwischen Cesare Beccaria und seiner Familie, insbesondere mit dem Vater, sowie die Etikette und Denkweise der Mail\u00e4nder Aristokratie spielten eine entscheidende Rolle bei der Entstehung seiner revolution\u00e4ren, avantgardistischen und liberalen Ideen im juristischen [&hellip;]","og_url":"https:\/\/entradit.it\/de\/cesare-beccaria\/","og_site_name":"Entradit","article_modified_time":"2026-03-20T12:26:58+00:00","og_image":[{"width":1440,"height":800,"url":"https:\/\/entradit.it\/wp-content\/uploads\/2020\/11\/Bernardino_Telesio_ritratto.jpg","type":"image\/jpeg"}],"twitter_card":"summary_large_image","twitter_misc":{"Gesch\u00e4tzte Lesezeit":"5\u00a0Minuten"},"schema":{"@context":"https:\/\/schema.org","@graph":[{"@type":"WebPage","@id":"https:\/\/entradit.it\/de\/cesare-beccaria\/","url":"https:\/\/entradit.it\/de\/cesare-beccaria\/","name":"Cesare Beccaria - Entradit","isPartOf":{"@id":"https:\/\/entradit.it\/de\/#website"},"datePublished":"2026-03-20T12:25:07+00:00","dateModified":"2026-03-20T12:26:58+00:00","breadcrumb":{"@id":"https:\/\/entradit.it\/de\/cesare-beccaria\/#breadcrumb"},"inLanguage":"de","potentialAction":[{"@type":"ReadAction","target":["https:\/\/entradit.it\/de\/cesare-beccaria\/"]}]},{"@type":"BreadcrumbList","@id":"https:\/\/entradit.it\/de\/cesare-beccaria\/#breadcrumb","itemListElement":[{"@type":"ListItem","position":1,"name":"Home","item":"https:\/\/entradit.it\/de\/"},{"@type":"ListItem","position":2,"name":"Cesare Beccaria"}]},{"@type":"WebSite","@id":"https:\/\/entradit.it\/de\/#website","url":"https:\/\/entradit.it\/de\/","name":"Entradit","description":"L\u2019Edizione nazionale del Compendio delle traduzioni italiane nel mondo","potentialAction":[{"@type":"SearchAction","target":{"@type":"EntryPoint","urlTemplate":"https:\/\/entradit.it\/de\/?s={search_term_string}"},"query-input":"required name=search_term_string"}],"inLanguage":"de"}]}},"_links":{"self":[{"href":"https:\/\/entradit.it\/de\/wp-json\/wp\/v2\/pages\/6400"}],"collection":[{"href":"https:\/\/entradit.it\/de\/wp-json\/wp\/v2\/pages"}],"about":[{"href":"https:\/\/entradit.it\/de\/wp-json\/wp\/v2\/types\/page"}],"author":[{"embeddable":true,"href":"https:\/\/entradit.it\/de\/wp-json\/wp\/v2\/users\/1"}],"replies":[{"embeddable":true,"href":"https:\/\/entradit.it\/de\/wp-json\/wp\/v2\/comments?post=6400"}],"version-history":[{"count":4,"href":"https:\/\/entradit.it\/de\/wp-json\/wp\/v2\/pages\/6400\/revisions"}],"predecessor-version":[{"id":6496,"href":"https:\/\/entradit.it\/de\/wp-json\/wp\/v2\/pages\/6400\/revisions\/6496"}],"wp:featuredmedia":[{"embeddable":true,"href":"https:\/\/entradit.it\/de\/wp-json\/wp\/v2\/media\/4145"}],"wp:attachment":[{"href":"https:\/\/entradit.it\/de\/wp-json\/wp\/v2\/media?parent=6400"}],"curies":[{"name":"wp","href":"https:\/\/api.w.org\/{rel}","templated":true}]}}