{"id":4221,"date":"2020-11-09T15:42:31","date_gmt":"2020-11-09T14:42:31","guid":{"rendered":"https:\/\/test.hellodude.it\/compendio\/home\/"},"modified":"2020-12-17T10:48:01","modified_gmt":"2020-12-17T09:48:01","slug":"home","status":"publish","type":"page","link":"https:\/\/entradit.it\/es\/","title":{"rendered":"Home"},"content":{"rendered":"\t\t<div data-elementor-type=\"wp-page\" data-elementor-id=\"4221\" class=\"elementor elementor-4221 elementor-3931\">\n\t\t\t\t\t\t<div class=\"elementor-inner\">\n\t\t\t\t<div class=\"elementor-section-wrap\">\n\t\t\t\t\t\t\t\t\t<section class=\"elementor-section elementor-top-section elementor-element elementor-element-dc83bdb elementor-section-full_width qodef-elementor-content-grid elementor-section-height-default elementor-section-height-default\" data-id=\"dc83bdb\" data-element_type=\"section\" data-settings=\"{&quot;animation&quot;:&quot;none&quot;}\">\n\t\t\t\t\t\t<div class=\"elementor-container elementor-column-gap-no\">\n\t\t\t\t\t\t\t<div class=\"elementor-row\">\n\t\t\t\t\t<div class=\"elementor-column elementor-col-100 elementor-top-column elementor-element elementor-element-d06dc6e\" data-id=\"d06dc6e\" data-element_type=\"column\">\n\t\t\t<div class=\"elementor-column-wrap elementor-element-populated\">\n\t\t\t\t\t\t\t<div class=\"elementor-widget-wrap\">\n\t\t\t\t\t\t<div class=\"elementor-element elementor-element-e0e41e4 elementor-invisible elementor-widget elementor-widget-olema_core_section_title\" data-id=\"e0e41e4\" data-element_type=\"widget\" data-settings=\"{&quot;_animation&quot;:&quot;slideInUp&quot;}\" data-widget_type=\"olema_core_section_title.default\">\n\t\t\t\t<div class=\"elementor-widget-container\">\n\t\t\t<div class=\"qodef-shortcode qodef-m  qodef-section-title qodef-alignment--left  qodef--has-appear\"  style=\"max-width: 1080px\">\n\t\t\t<h1 class=\"qodef-m-title\" >\n\t\t\t\t\tLa Edici\u00f3n nacional del Compendio de las traducciones italianas en el mundo \u2013 Entradit\t\t\t<\/h1>\n\t<\/div>\t\t<\/div>\n\t\t\t\t<\/div>\n\t\t\t\t<div class=\"elementor-element elementor-element-66bf897 elementor-widget elementor-widget-image\" data-id=\"66bf897\" data-element_type=\"widget\" data-widget_type=\"image.default\">\n\t\t\t\t<div class=\"elementor-widget-container\">\n\t\t\t\t\t\t\t\t<div class=\"elementor-image\">\n\t\t\t\t\t\t\t\t\t\t\t\t<img src=\"https:\/\/entradit.it\/wp-content\/uploads\/elementor\/thumbs\/home-ozv2x6dok1ixketvw7nr7ke3n0r82q1ggi68ohd954.jpg\" title=\"home\" alt=\"home\" \/>\t\t\t\t\t\t\t\t\t\t\t\t\t\t<\/div>\n\t\t\t\t\t\t<\/div>\n\t\t\t\t<\/div>\n\t\t\t\t<div class=\"elementor-element elementor-element-69d37fc elementor-widget elementor-widget-text-editor\" data-id=\"69d37fc\" data-element_type=\"widget\" data-widget_type=\"text-editor.default\">\n\t\t\t\t<div class=\"elementor-widget-container\">\n\t\t\t\t\t\t\t\t<div class=\"elementor-text-editor elementor-clearfix\">\n\t\t\t\t<p class=\"p1\">La Edici\u00f3n nacional del Compendio de las traducciones italianas en el mundo \u2013 Entradit\u201d es un proyecto<br \/>promovido por el Instituto de Estudios Pol\u00edticos S. P\u00edo V de Roma y financiado por el Ministerio de los Bienes y Actividades Culturales y del Turismo de conformidad con lo dispuesto por la L. 1 de diciembre de 1997, n.o 420, \u201cEstablecimiento del \u00d3rgano consultivo nacionales y de las ediciones nacionales\u201d, publicada en la Gazzetta Ufficiale n.o 284 de 5 de diciembre de 1997, y de conformidad con lo dispuesto por la C.M. de 27 de septiembre de 2017, n.o 103\/2017, \u201cIntervenciones en materia de Comit\u00e9s nacionales para las celebraciones, los aniversarios y las manifestaciones culturales y Ediciones Nacionales\u201d.<\/p><p class=\"p1\">El italiano, tradicionalmente, se extiende por el mundo como idioma de cultura, es decir \u00absustrato generalizado del desarrollo de la civilizaci\u00f3n occidental\u00bb.<\/p><p class=\"p1\">\u00bfC\u00f3mo se extendi\u00f3 la cultura y la lengua por el mundo? \u00bfQu\u00e9 conceptos y t\u00e9rminos correspondientes elaborados en las formas ling\u00fc\u00edsticas italianas entraron en el patrimonio identitario de la civilizaci\u00f3n? \u00bfDe qu\u00e9 forma la reflexi\u00f3n cient\u00edfica, art\u00edstica, filos\u00f3fica italiana afect\u00f3 las otras culturas, en particular las occidentales?<\/p><p class=\"p1\">La exploraci\u00f3n de las traducciones de las obras italianas permite identificar los caminos seguidos por las elaboraciones intelectuales italianas, que las llevaron a convertirse en patrimonio com\u00fan para todas las culturas del mundo.<\/p>\t\t\t\t\t<\/div>\n\t\t\t\t\t\t<\/div>\n\t\t\t\t<\/div>\n\t\t\t\t<div class=\"elementor-element elementor-element-22817a7 elementor-widget elementor-widget-olema_core_separator\" data-id=\"22817a7\" data-element_type=\"widget\" data-widget_type=\"olema_core_separator.default\">\n\t\t\t\t<div class=\"elementor-widget-container\">\n\t\t\t<div class=\"qodef-shortcode qodef-m  qodef-separator clear \">\n\t<div class=\"qodef-m-line\" ><\/div>\n<\/div>\t\t<\/div>\n\t\t\t\t<\/div>\n\t\t\t\t<div class=\"elementor-element elementor-element-977cd81 elementor-widget elementor-widget-text-editor\" data-id=\"977cd81\" data-element_type=\"widget\" data-widget_type=\"text-editor.default\">\n\t\t\t\t<div class=\"elementor-widget-container\">\n\t\t\t\t\t\t\t\t<div class=\"elementor-text-editor elementor-clearfix\">\n\t\t\t\tFoto de\u00a0<a href=\"https:\/\/www.flickr.com\/photos\/98640399@N08\/10030588973\/in\/photolist-ghnoDc-2jwZtLs-peMD4r-2j8PGqh-CmW7Gz-GRrX67-acuUgd-HCD7ij-2jF7giC-2jEj6jo-76Xr92-aeipS5-qHxfPg-2j8Nk9v-GGcXWh-7Q6paw-7JECaQ-2j8PGea-9VPaxZ-zrbMdo-MZiz-5aqZ4U-9vaKVE-5amJiR-MZiy-V6kKkC-2gbXQwS-DTuTJ9-7tePMb-zKHs-dfmpWu-SbhsSH-9k4Dgm-2jEP4RJ-SWoBg-vjgr7A-7Axac8-7n9phL-Gx3CJN-2j8PFrt-2csjkuu-7JG7ts-EyuFeo-hPPt38-ddKLea-cb1bEW-9SW2uq-2ehjR28-23ENBD8-nbrFLy\" target=\"_blank\" rel=\"noopener\">Barta IV<\/a>\u00a0\u00a0\/ CC BY 2.0\t\t\t\t\t<\/div>\n\t\t\t\t\t\t<\/div>\n\t\t\t\t<\/div>\n\t\t\t\t\t\t<\/div>\n\t\t\t\t\t<\/div>\n\t\t<\/div>\n\t\t\t\t\t\t\t\t<\/div>\n\t\t\t\t\t<\/div>\n\t\t<\/section>\n\t\t\t\t\t\t\t\t\t<\/div>\n\t\t\t<\/div>\n\t\t\t\t\t<\/div>\n\t\t","protected":false},"excerpt":{"rendered":"<p>La Edici\u00f3n nacional del Compendio de las traducciones italianas en el mundo \u2013 Entradit La Edici\u00f3n nacional del Compendio de las traducciones italianas en el mundo \u2013 Entradit\u201d es un proyectopromovido por el Instituto de Estudios Pol\u00edticos S. P\u00edo V de Roma y financiado por el Ministerio de los Bienes y Actividades Culturales y del [&hellip;]<\/p>\n","protected":false},"author":1,"featured_media":0,"parent":0,"menu_order":0,"comment_status":"closed","ping_status":"closed","template":"page-full-width.php","meta":[],"yoast_head":"<!-- This site is optimized with the Yoast SEO plugin v19.6.1 - https:\/\/yoast.com\/wordpress\/plugins\/seo\/ -->\n<title>Home - Entradit<\/title>\n<meta name=\"robots\" content=\"index, follow, max-snippet:-1, max-image-preview:large, max-video-preview:-1\" \/>\n<link rel=\"canonical\" href=\"https:\/\/entradit.it\/es\/\" \/>\n<meta property=\"og:locale\" content=\"es_ES\" \/>\n<meta property=\"og:type\" content=\"article\" \/>\n<meta property=\"og:title\" content=\"Home - Entradit\" \/>\n<meta property=\"og:description\" content=\"La Edici\u00f3n nacional del Compendio de las traducciones italianas en el mundo \u2013 Entradit La Edici\u00f3n nacional del Compendio de las traducciones italianas en el mundo \u2013 Entradit\u201d es un proyectopromovido por el Instituto de Estudios Pol\u00edticos S. P\u00edo V de Roma y financiado por el Ministerio de los Bienes y Actividades Culturales y del [&hellip;]\" \/>\n<meta property=\"og:url\" content=\"https:\/\/entradit.it\/es\/\" \/>\n<meta property=\"og:site_name\" content=\"Entradit\" \/>\n<meta property=\"article:modified_time\" content=\"2020-12-17T09:48:01+00:00\" \/>\n<meta property=\"og:image\" content=\"https:\/\/entradit.it\/wp-content\/uploads\/elementor\/thumbs\/home-ozv2x6dok1ixketvw7nr7ke3n0r82q1ggi68ohd954.jpg\" \/>\n<meta name=\"twitter:card\" content=\"summary_large_image\" \/>\n<meta name=\"twitter:label1\" content=\"Tiempo de lectura\" \/>\n\t<meta name=\"twitter:data1\" content=\"1 minuto\" \/>\n<script type=\"application\/ld+json\" class=\"yoast-schema-graph\">{\"@context\":\"https:\/\/schema.org\",\"@graph\":[{\"@type\":\"WebPage\",\"@id\":\"https:\/\/entradit.it\/es\/\",\"url\":\"https:\/\/entradit.it\/es\/\",\"name\":\"Home - Entradit\",\"isPartOf\":{\"@id\":\"https:\/\/entradit.it\/es\/#website\"},\"datePublished\":\"2020-11-09T14:42:31+00:00\",\"dateModified\":\"2020-12-17T09:48:01+00:00\",\"breadcrumb\":{\"@id\":\"https:\/\/entradit.it\/es\/#breadcrumb\"},\"inLanguage\":\"es\",\"potentialAction\":[{\"@type\":\"ReadAction\",\"target\":[\"https:\/\/entradit.it\/es\/\"]}]},{\"@type\":\"BreadcrumbList\",\"@id\":\"https:\/\/entradit.it\/es\/#breadcrumb\",\"itemListElement\":[{\"@type\":\"ListItem\",\"position\":1,\"name\":\"Home\",\"item\":\"https:\/\/entradit.it\/es\/\"},{\"@type\":\"ListItem\",\"position\":2,\"name\":\"Home\"}]},{\"@type\":\"WebSite\",\"@id\":\"https:\/\/entradit.it\/es\/#website\",\"url\":\"https:\/\/entradit.it\/es\/\",\"name\":\"Entradit\",\"description\":\"L\u2019Edizione nazionale del Compendio delle traduzioni italiane nel mondo\",\"potentialAction\":[{\"@type\":\"SearchAction\",\"target\":{\"@type\":\"EntryPoint\",\"urlTemplate\":\"https:\/\/entradit.it\/es\/?s={search_term_string}\"},\"query-input\":\"required name=search_term_string\"}],\"inLanguage\":\"es\"}]}<\/script>\n<!-- \/ Yoast SEO plugin. -->","yoast_head_json":{"title":"Home - Entradit","robots":{"index":"index","follow":"follow","max-snippet":"max-snippet:-1","max-image-preview":"max-image-preview:large","max-video-preview":"max-video-preview:-1"},"canonical":"https:\/\/entradit.it\/es\/","og_locale":"es_ES","og_type":"article","og_title":"Home - Entradit","og_description":"La Edici\u00f3n nacional del Compendio de las traducciones italianas en el mundo \u2013 Entradit La Edici\u00f3n nacional del Compendio de las traducciones italianas en el mundo \u2013 Entradit\u201d es un proyectopromovido por el Instituto de Estudios Pol\u00edticos S. P\u00edo V de Roma y financiado por el Ministerio de los Bienes y Actividades Culturales y del [&hellip;]","og_url":"https:\/\/entradit.it\/es\/","og_site_name":"Entradit","article_modified_time":"2020-12-17T09:48:01+00:00","og_image":[{"url":"https:\/\/entradit.it\/wp-content\/uploads\/elementor\/thumbs\/home-ozv2x6dok1ixketvw7nr7ke3n0r82q1ggi68ohd954.jpg"}],"twitter_card":"summary_large_image","twitter_misc":{"Tiempo de lectura":"1 minuto"},"schema":{"@context":"https:\/\/schema.org","@graph":[{"@type":"WebPage","@id":"https:\/\/entradit.it\/es\/","url":"https:\/\/entradit.it\/es\/","name":"Home - Entradit","isPartOf":{"@id":"https:\/\/entradit.it\/es\/#website"},"datePublished":"2020-11-09T14:42:31+00:00","dateModified":"2020-12-17T09:48:01+00:00","breadcrumb":{"@id":"https:\/\/entradit.it\/es\/#breadcrumb"},"inLanguage":"es","potentialAction":[{"@type":"ReadAction","target":["https:\/\/entradit.it\/es\/"]}]},{"@type":"BreadcrumbList","@id":"https:\/\/entradit.it\/es\/#breadcrumb","itemListElement":[{"@type":"ListItem","position":1,"name":"Home","item":"https:\/\/entradit.it\/es\/"},{"@type":"ListItem","position":2,"name":"Home"}]},{"@type":"WebSite","@id":"https:\/\/entradit.it\/es\/#website","url":"https:\/\/entradit.it\/es\/","name":"Entradit","description":"L\u2019Edizione nazionale del Compendio delle traduzioni italiane nel mondo","potentialAction":[{"@type":"SearchAction","target":{"@type":"EntryPoint","urlTemplate":"https:\/\/entradit.it\/es\/?s={search_term_string}"},"query-input":"required name=search_term_string"}],"inLanguage":"es"}]}},"_links":{"self":[{"href":"https:\/\/entradit.it\/es\/wp-json\/wp\/v2\/pages\/4221"}],"collection":[{"href":"https:\/\/entradit.it\/es\/wp-json\/wp\/v2\/pages"}],"about":[{"href":"https:\/\/entradit.it\/es\/wp-json\/wp\/v2\/types\/page"}],"author":[{"embeddable":true,"href":"https:\/\/entradit.it\/es\/wp-json\/wp\/v2\/users\/1"}],"replies":[{"embeddable":true,"href":"https:\/\/entradit.it\/es\/wp-json\/wp\/v2\/comments?post=4221"}],"version-history":[{"count":31,"href":"https:\/\/entradit.it\/es\/wp-json\/wp\/v2\/pages\/4221\/revisions"}],"predecessor-version":[{"id":5387,"href":"https:\/\/entradit.it\/es\/wp-json\/wp\/v2\/pages\/4221\/revisions\/5387"}],"wp:attachment":[{"href":"https:\/\/entradit.it\/es\/wp-json\/wp\/v2\/media?parent=4221"}],"curies":[{"name":"wp","href":"https:\/\/api.w.org\/{rel}","templated":true}]}}