{"id":4368,"date":"2020-11-11T14:56:51","date_gmt":"2020-11-11T13:56:51","guid":{"rendered":"https:\/\/test.hellodude.it\/compendio\/giordano-bruno\/"},"modified":"2020-12-17T12:56:47","modified_gmt":"2020-12-17T11:56:47","slug":"giordano-bruno","status":"publish","type":"page","link":"https:\/\/entradit.it\/es\/giordano-bruno\/","title":{"rendered":"Giordano Bruno"},"content":{"rendered":"\t\t<div data-elementor-type=\"wp-page\" data-elementor-id=\"4368\" class=\"elementor elementor-4368 elementor-3960\">\n\t\t\t\t\t\t<div class=\"elementor-inner\">\n\t\t\t\t<div class=\"elementor-section-wrap\">\n\t\t\t\t\t\t\t\t\t<section class=\"elementor-section elementor-top-section elementor-element elementor-element-490a496 elementor-section-boxed elementor-section-height-default elementor-section-height-default qodef-elementor-content-no\" data-id=\"490a496\" data-element_type=\"section\">\n\t\t\t\t\t\t<div class=\"elementor-container elementor-column-gap-default\">\n\t\t\t\t\t\t\t<div class=\"elementor-row\">\n\t\t\t\t\t<div class=\"elementor-column elementor-col-100 elementor-top-column elementor-element elementor-element-3eb365d\" data-id=\"3eb365d\" data-element_type=\"column\">\n\t\t\t<div class=\"elementor-column-wrap elementor-element-populated\">\n\t\t\t\t\t\t\t<div class=\"elementor-widget-wrap\">\n\t\t\t\t\t\t<div class=\"elementor-element elementor-element-70b7f34 elementor-widget elementor-widget-image\" data-id=\"70b7f34\" data-element_type=\"widget\" data-widget_type=\"image.default\">\n\t\t\t\t<div class=\"elementor-widget-container\">\n\t\t\t\t\t\t\t\t<div class=\"elementor-image\">\n\t\t\t\t\t\t\t\t\t\t\t\t<img width=\"1024\" height=\"569\" src=\"https:\/\/entradit.it\/wp-content\/uploads\/2020\/11\/giordano-bruno_ritratto-1024x569.jpg\" class=\"attachment-large size-large\" alt=\"\" loading=\"lazy\" srcset=\"https:\/\/entradit.it\/wp-content\/uploads\/2020\/11\/giordano-bruno_ritratto-1024x569.jpg 1024w, https:\/\/entradit.it\/wp-content\/uploads\/2020\/11\/giordano-bruno_ritratto-300x167.jpg 300w, https:\/\/entradit.it\/wp-content\/uploads\/2020\/11\/giordano-bruno_ritratto-768x427.jpg 768w, https:\/\/entradit.it\/wp-content\/uploads\/2020\/11\/giordano-bruno_ritratto.jpg 1440w\" sizes=\"(max-width: 1024px) 100vw, 1024px\" \/>\t\t\t\t\t\t\t\t\t\t\t\t\t\t<\/div>\n\t\t\t\t\t\t<\/div>\n\t\t\t\t<\/div>\n\t\t\t\t<div class=\"elementor-element elementor-element-bcc1359 elementor-widget elementor-widget-text-editor\" data-id=\"bcc1359\" data-element_type=\"widget\" data-widget_type=\"text-editor.default\">\n\t\t\t\t<div class=\"elementor-widget-container\">\n\t\t\t\t\t\t\t\t<div class=\"elementor-text-editor elementor-clearfix\">\n\t\t\t\t<p class=\"p1\">Naci\u00f3 en Nola, en Campania, en 1548, en la familia de los Brunos. A los 17 a\u00f1os ingres\u00f3 al convento de Santo Domingo en N\u00e1poles. En 1576, en Roma, acusado de herej\u00eda por sus ideas revolucionarias, decidi\u00f3 renunciar a sus votos. Peregrin\u00f3 por las ciudades de Ginebra, Tolosa, Par\u00eds, Londres y Fr\u00e1ncfort hasta que, en 1591, en Venecia, fue aprehendido por la Inquisici\u00f3n. Durante el primer juicio, declar\u00f3 su intenci\u00f3n de retractarse, pero, al estar ante la Inquisici\u00f3n de Roma, en el segundo juicio, insisti\u00f3 en sus opiniones y, por eso, fue sentenciado a morir en la hoguera, en Campo de\u2019 Fiori, en 1600.<\/p><p class=\"p1\">La filosof\u00eda de Giordano Bruno surge de la idea que Dios, a la vez unidad e infinidad, se replique en infinitas formas de la existencia. Seg\u00fan Bruno, religi\u00f3n significa reconocer a Dios en cualquier<b> <\/b>lugar e identificar asimismo sus formas variables. A pesar de que utilice t\u00e9rminos propios de l\u00edneas de pensamiento anteriores, la originalidad de Bruno radica en la inspiraci\u00f3n subyacente a sus oraciones especulativas sobre el excesivo pensamiento metaf\u00edsico y la infinidad del mundo, profundamente atadas tambi\u00e9n a la moral. De hecho, Bruno rompe con el determinismo inherente a la circularidad de unidad y multiplicidad, sosteniendo que el acto de conocer es acto de libertad, de superaci\u00f3n de la naturaleza. Esa ruptura se percibe tambi\u00e9n en el \u00e1mbito literario, en el que ser\u00e1 uno de los primeros en promover la libertad del poeta y del hombre, contra la Po\u00e9tica aristot\u00e9lica, contra las imitaciones: Bruno rechaza claramente los g\u00e9neros literarios y se opone a los gram\u00e1ticos y al estricto normativismo\u00b9. Incluso la decisi\u00f3n de utilizar la lengua vulgar se halla estrechamente relacionada con la nueva filosof\u00eda: Bruno, efectivamente, afirma hacerlo porque motivado por \u00abla conciencia de que un nuevo pensamiento necesita una nueva lengua\u00bb\u00b2, aunque algunos estudiosos, como por ejemplo Giovanni Aquilecchia\u00b3, relacionan el uso de la lengua vulgar con la actividad cultural de los c\u00edrculos londinenses, los cuales prefer\u00edan su empleo.<\/p><p class=\"p1\">La fusi\u00f3n de diferentes registros de la lengua puede estar conectada con la idea de la Vida &#8211; materia infinita de Bruno, por lo tanto \u00abdesde el punto de vista de la consistencia, del orden y de la belleza de la realidad, todo tiene igual valor y dignidad\u00bb\u2074.<\/p><p class=\"p1\">Por eso, seleccionamos todas las obras seleccionadas de Giordano Bruno que escribi\u00f3 originalmente en vulgar, es decir \u201cLa cena de las cenizas\u201d (1584), \u201cCausa, principio y unidad\u201d (1584), \u201cSobre el infinito universo y los mundos\u201d (1584), \u201cLa expulsi\u00f3n de la bestia triunfante\u201d (1584), \u201cDe los heroicos furores\u201d (1585), \u201cC\u00e1bala del caballo pegaseo\u201d (1585), \u201cCandelero\u201d (1582). Dichas obras fueron traducidas a 30 idiomas y se hallan en 90 Pa\u00edses del mundo; para observar la concentraci\u00f3n de esas traducciones, f\u00edjense en el gr\u00e1fico de abajo, creado a partir de la base de datos en la que se encuentran los registros bibliogr\u00e1ficos a nivel mundial.<\/p>\t\t\t\t\t<\/div>\n\t\t\t\t\t\t<\/div>\n\t\t\t\t<\/div>\n\t\t\t\t<div class=\"elementor-element elementor-element-7e73799 elementor-align-center elementor-widget elementor-widget-button\" data-id=\"7e73799\" data-element_type=\"widget\" data-widget_type=\"button.default\">\n\t\t\t\t<div class=\"elementor-widget-container\">\n\t\t\t\t\t<div class=\"elementor-button-wrapper\">\n\t\t\t<a href=\"https:\/\/docs.google.com\/spreadsheets\/d\/1towgmKUZlX_FLa5gnJbJ2yzSSuP4b7lgngVVs2wXnew\/edit\" target=\"_blank\" class=\"elementor-button-link elementor-button elementor-size-sm\" role=\"button\">\n\t\t\t\t\t\t<span class=\"elementor-button-content-wrapper\">\n\t\t\t\t\t\t\t<span class=\"elementor-button-icon elementor-align-icon-left\">\n\t\t\t\t<i aria-hidden=\"true\" class=\"far fa-file-excel\"><\/i>\t\t\t<\/span>\n\t\t\t\t\t\t<span class=\"elementor-button-text\">DATOS BIBLIOGR\u00c1FICOS <\/span>\n\t\t<\/span>\n\t\t\t\t\t<\/a>\n\t\t<\/div>\n\t\t\t\t<\/div>\n\t\t\t\t<\/div>\n\t\t\t\t<div class=\"elementor-element elementor-element-4c3d18a elementor-widget elementor-widget-olema_core_separator\" data-id=\"4c3d18a\" data-element_type=\"widget\" data-widget_type=\"olema_core_separator.default\">\n\t\t\t\t<div class=\"elementor-widget-container\">\n\t\t\t<div class=\"qodef-shortcode qodef-m  qodef-separator clear \">\n\t<div class=\"qodef-m-line\" ><\/div>\n<\/div>\t\t<\/div>\n\t\t\t\t<\/div>\n\t\t\t\t<section class=\"elementor-section elementor-inner-section elementor-element elementor-element-4a8e949 elementor-section-boxed elementor-section-height-default elementor-section-height-default qodef-elementor-content-no\" data-id=\"4a8e949\" data-element_type=\"section\">\n\t\t\t\t\t\t<div class=\"elementor-container elementor-column-gap-default\">\n\t\t\t\t\t\t\t<div class=\"elementor-row\">\n\t\t\t\t\t<div class=\"elementor-column elementor-col-50 elementor-inner-column elementor-element elementor-element-636d21b\" data-id=\"636d21b\" data-element_type=\"column\">\n\t\t\t<div class=\"elementor-column-wrap elementor-element-populated\">\n\t\t\t\t\t\t\t<div class=\"elementor-widget-wrap\">\n\t\t\t\t\t\t<div class=\"elementor-element elementor-element-81123d5 elementor-widget elementor-widget-olema_core_section_title\" data-id=\"81123d5\" data-element_type=\"widget\" data-widget_type=\"olema_core_section_title.default\">\n\t\t\t\t<div class=\"elementor-widget-container\">\n\t\t\t<div class=\"qodef-shortcode qodef-m  qodef-section-title qodef-alignment--left  qodef--has-appear\"  style=\"max-width: unset\">\n\t\t\t<h2 class=\"qodef-m-title\" >\n\t\t\t\t\tDistribuci\u00f3n de las traducciones de las obras de Giordano Bruno en el mundo\t\t\t<\/h2>\n\t<\/div>\t\t<\/div>\n\t\t\t\t<\/div>\n\t\t\t\t\t\t<\/div>\n\t\t\t\t\t<\/div>\n\t\t<\/div>\n\t\t\t\t<div class=\"elementor-column elementor-col-50 elementor-inner-column elementor-element elementor-element-dd5ebde\" data-id=\"dd5ebde\" data-element_type=\"column\">\n\t\t\t<div class=\"elementor-column-wrap elementor-element-populated\">\n\t\t\t\t\t\t\t<div class=\"elementor-widget-wrap\">\n\t\t\t\t\t\t<div class=\"elementor-element elementor-element-6f79d5a elementor-widget elementor-widget-image\" data-id=\"6f79d5a\" data-element_type=\"widget\" data-widget_type=\"image.default\">\n\t\t\t\t<div class=\"elementor-widget-container\">\n\t\t\t\t\t\t\t\t<div class=\"elementor-image\">\n\t\t\t\t\t\t\t\t\t\t\t\t\t<a href=\"https:\/\/docs.google.com\/spreadsheets\/d\/1towgmKUZlX_FLa5gnJbJ2yzSSuP4b7lgngVVs2wXnew\/edit#gid=386896819\" target=\"_blank\">\n\t\t\t\t\t\t\t<img width=\"600\" height=\"371\" src=\"https:\/\/entradit.it\/wp-content\/uploads\/2020\/11\/mappa-giordano-bruno.png\" class=\"attachment-large size-large\" alt=\"\" loading=\"lazy\" srcset=\"https:\/\/entradit.it\/wp-content\/uploads\/2020\/11\/mappa-giordano-bruno.png 600w, https:\/\/entradit.it\/wp-content\/uploads\/2020\/11\/mappa-giordano-bruno-300x186.png 300w\" sizes=\"(max-width: 600px) 100vw, 600px\" \/>\t\t\t\t\t\t\t\t<\/a>\n\t\t\t\t\t\t\t\t\t\t\t\t\t\t<\/div>\n\t\t\t\t\t\t<\/div>\n\t\t\t\t<\/div>\n\t\t\t\t\t\t<\/div>\n\t\t\t\t\t<\/div>\n\t\t<\/div>\n\t\t\t\t\t\t\t\t<\/div>\n\t\t\t\t\t<\/div>\n\t\t<\/section>\n\t\t\t\t<div class=\"elementor-element elementor-element-d5e5824 elementor-widget elementor-widget-olema_core_separator\" data-id=\"d5e5824\" data-element_type=\"widget\" data-widget_type=\"olema_core_separator.default\">\n\t\t\t\t<div class=\"elementor-widget-container\">\n\t\t\t<div class=\"qodef-shortcode qodef-m  qodef-separator clear \">\n\t<div class=\"qodef-m-line\" ><\/div>\n<\/div>\t\t<\/div>\n\t\t\t\t<\/div>\n\t\t\t\t<div class=\"elementor-element elementor-element-aa2a3e6 elementor-widget elementor-widget-olema_core_section_title\" data-id=\"aa2a3e6\" data-element_type=\"widget\" data-widget_type=\"olema_core_section_title.default\">\n\t\t\t\t<div class=\"elementor-widget-container\">\n\t\t\t<div class=\"qodef-shortcode qodef-m  qodef-section-title qodef-alignment--left  qodef--has-appear\"  style=\"max-width: unset\">\n\t\t\t<h2 class=\"qodef-m-title\" >\n\t\t\t\t\tBibliogr\u00e1ficos \t\t\t<\/h2>\n\t<\/div>\t\t<\/div>\n\t\t\t\t<\/div>\n\t\t\t\t<div class=\"elementor-element elementor-element-cddb52b elementor-widget elementor-widget-text-editor\" data-id=\"cddb52b\" data-element_type=\"widget\" data-widget_type=\"text-editor.default\">\n\t\t\t\t<div class=\"elementor-widget-container\">\n\t\t\t\t\t\t\t\t<div class=\"elementor-text-editor elementor-clearfix\">\n\t\t\t\t<p class=\"p1\">Aquilecchia G., (1953), <i>L\u2019adozione del volgare nei dialoghi londinesi di Giordano Bruno<\/i>, \u00abCultura Neolatina\u00bb, XIII, pp. 165-189.<\/p><p class=\"p1\">Bruno G., (1994),<i> Spaccio de la bestia trionfante<\/i>, pr\u00f3logo de Sturlese R., Istituto Suor Orsola di Benincasa, Napoli.<\/p><p class=\"p1\"><a href=\"https:\/\/www.treccani.it\/enciclopedia\/giordano-bruno\/\" target=\"_blank\" rel=\"noopener\"><i>Bruno Giordano<\/i>, Treccani<\/a> (o.l.)<span class=\"Apple-converted-space\">\u00a0 <\/span>(consultado el 06\/10\/2020).<\/p><p class=\"p1\">Campa R., (2019), <i>Il convivio linguistico. Riflessioni sul ruolo dell\u2019italiano nel mondo contemporaneo<\/i>, Carocci, Roma.<\/p><p class=\"p1\">Ciliberto M., (2005), <i>Pensare per contrari. Disincanto e utopia nel Rinascimento<\/i>, Roma, Edizioni di Storia e letteratura, p. 219<span class=\"s2\">. <\/span><\/p>\t\t\t\t\t<\/div>\n\t\t\t\t\t\t<\/div>\n\t\t\t\t<\/div>\n\t\t\t\t<div class=\"elementor-element elementor-element-a8dc1dd elementor-widget elementor-widget-olema_core_separator\" data-id=\"a8dc1dd\" data-element_type=\"widget\" data-widget_type=\"olema_core_separator.default\">\n\t\t\t\t<div class=\"elementor-widget-container\">\n\t\t\t<div class=\"qodef-shortcode qodef-m  qodef-separator clear \">\n\t<div class=\"qodef-m-line\" ><\/div>\n<\/div>\t\t<\/div>\n\t\t\t\t<\/div>\n\t\t\t\t<div class=\"elementor-element elementor-element-3ef875c elementor-widget elementor-widget-text-editor\" data-id=\"3ef875c\" data-element_type=\"widget\" data-widget_type=\"text-editor.default\">\n\t\t\t\t<div class=\"elementor-widget-container\">\n\t\t\t\t\t\t\t\t<div class=\"elementor-text-editor elementor-clearfix\">\n\t\t\t\t<em><a href=\"https:\/\/www.flickr.com\/photos\/dorlino\/14018832943\/in\/photolist-nmNbCg-48YcQZ-2hihjkt-5Zx2JB-7V4vtF-2gQxRrn-fkHnoL-nmNbCX-9hGc4w-9f3cKZ-fktbAx-Tt9TM-67bhkB-PNZFo-8jxDSx-83gnD7-9FJuoz-PPu6g-9vBggc-Fpgx2R-GPYqQP-F67g1Y-EA72Qr-9Y5bMY-2gQyFsd-F672Ds-9UZngv-6yLit8-2higM1p-EzKaZ5-F66VXN-EA6Lyp-67fuu1-5eKPbw-FmZQLo-icpZ6t-6RF1WU-F67bDw-WpZoNH-bMA2eP-AFCcwK-z5Zq7Z-2hs1CZ-8AFNvf-baPQAz-Vu4oaW-oH31XW-oH3pr1-qAcaVT-2hnMc98\" target=\"_blank\" rel=\"noreferrer noopener\" data-rich-text-format-boundary=\"true\">Foto<\/a> de Dorli Photography \/ CC BY-NC-ND 2.0<\/em>\t\t\t\t\t<\/div>\n\t\t\t\t\t\t<\/div>\n\t\t\t\t<\/div>\n\t\t\t\t<div class=\"elementor-element elementor-element-122e589 elementor-widget elementor-widget-olema_core_separator\" data-id=\"122e589\" data-element_type=\"widget\" data-widget_type=\"olema_core_separator.default\">\n\t\t\t\t<div class=\"elementor-widget-container\">\n\t\t\t<div class=\"qodef-shortcode qodef-m  qodef-separator clear \">\n\t<div class=\"qodef-m-line\" ><\/div>\n<\/div>\t\t<\/div>\n\t\t\t\t<\/div>\n\t\t\t\t<div class=\"elementor-element elementor-element-dad6a3c elementor-widget elementor-widget-text-editor\" data-id=\"dad6a3c\" data-element_type=\"widget\" data-widget_type=\"text-editor.default\">\n\t\t\t\t<div class=\"elementor-widget-container\">\n\t\t\t\t\t\t\t\t<div class=\"elementor-text-editor elementor-clearfix\">\n\t\t\t\t<p>\u00b9 Ciliberto M., (2005), <i>Pensare per contrari. Disincanto e utopia nel Rinascimento<\/i>, Roma, Edizioni di Storia e letteratura, p. 219.<\/p><p>\u00b2 <i>\u00abDalla consapevolezza che un nuovo pensiero vuole una nuova lingua<\/i><span class=\"s1\"><i>\u00bb<\/i>,<\/span> Bruno G., (1994),<i> Spaccio de la bestia trionfante<\/i>, pr\u00f3logo de Sturlese R., Instituto Suor Orsola de Benincasa, Napoli (trad.es. Palumbo G., 2020).<\/p><p>\u00b3 Aquilecchia G., (1953), <i>L\u2019adozione del volgare nei dialoghi londinesi di Giordano Bruno<\/i>, <span class=\"s1\">\u00abCultura Neolatina\u00bb, XIII, pp. 165-189.<\/span><\/p><p>\u2074 <span class=\"s1\"><i>\u00abDal punto di vista della consistenza, dell\u2019ordine e della bellezza della realt\u00e0, tutto ha pari valore e dignit\u00e0\u00bb<\/i><\/span>, Ciliberto M., (2005), <i>Pensare per contrari. Disincanto e utopia nel Rinascimento<\/i>, Roma, Edizioni di Storia e letteratura, p. 219 (trad.es. Palumbo G., 2020).<\/p>\t\t\t\t\t<\/div>\n\t\t\t\t\t\t<\/div>\n\t\t\t\t<\/div>\n\t\t\t\t\t\t<\/div>\n\t\t\t\t\t<\/div>\n\t\t<\/div>\n\t\t\t\t\t\t\t\t<\/div>\n\t\t\t\t\t<\/div>\n\t\t<\/section>\n\t\t\t\t\t\t\t\t\t<\/div>\n\t\t\t<\/div>\n\t\t\t\t\t<\/div>\n\t\t","protected":false},"excerpt":{"rendered":"<p>Naci\u00f3 en Nola, en Campania, en 1548, en la familia de los Brunos. A los 17 a\u00f1os ingres\u00f3 al convento de Santo Domingo en N\u00e1poles. En 1576, en Roma, acusado de herej\u00eda por sus ideas revolucionarias, decidi\u00f3 renunciar a sus votos. Peregrin\u00f3 por las ciudades de Ginebra, Tolosa, Par\u00eds, Londres y Fr\u00e1ncfort hasta que, en [&hellip;]<\/p>\n","protected":false},"author":1,"featured_media":0,"parent":0,"menu_order":0,"comment_status":"closed","ping_status":"closed","template":"","meta":[],"yoast_head":"<!-- This site is optimized with the Yoast SEO plugin v19.6.1 - https:\/\/yoast.com\/wordpress\/plugins\/seo\/ -->\n<title>Giordano Bruno - Entradit<\/title>\n<meta name=\"robots\" content=\"index, follow, max-snippet:-1, max-image-preview:large, max-video-preview:-1\" \/>\n<link rel=\"canonical\" href=\"https:\/\/entradit.it\/es\/giordano-bruno\/\" \/>\n<meta property=\"og:locale\" content=\"es_ES\" \/>\n<meta property=\"og:type\" content=\"article\" \/>\n<meta property=\"og:title\" content=\"Giordano Bruno - Entradit\" \/>\n<meta property=\"og:description\" content=\"Naci\u00f3 en Nola, en Campania, en 1548, en la familia de los Brunos. A los 17 a\u00f1os ingres\u00f3 al convento de Santo Domingo en N\u00e1poles. En 1576, en Roma, acusado de herej\u00eda por sus ideas revolucionarias, decidi\u00f3 renunciar a sus votos. Peregrin\u00f3 por las ciudades de Ginebra, Tolosa, Par\u00eds, Londres y Fr\u00e1ncfort hasta que, en [&hellip;]\" \/>\n<meta property=\"og:url\" content=\"https:\/\/entradit.it\/es\/giordano-bruno\/\" \/>\n<meta property=\"og:site_name\" content=\"Entradit\" \/>\n<meta property=\"article:modified_time\" content=\"2020-12-17T11:56:47+00:00\" \/>\n<meta property=\"og:image\" content=\"https:\/\/entradit.it\/wp-content\/uploads\/2020\/11\/giordano-bruno_ritratto-1024x569.jpg\" \/>\n<meta name=\"twitter:card\" content=\"summary_large_image\" \/>\n<meta name=\"twitter:label1\" content=\"Tiempo de lectura\" \/>\n\t<meta name=\"twitter:data1\" content=\"4 minutos\" \/>\n<script type=\"application\/ld+json\" class=\"yoast-schema-graph\">{\"@context\":\"https:\/\/schema.org\",\"@graph\":[{\"@type\":\"WebPage\",\"@id\":\"https:\/\/entradit.it\/es\/giordano-bruno\/\",\"url\":\"https:\/\/entradit.it\/es\/giordano-bruno\/\",\"name\":\"Giordano Bruno - Entradit\",\"isPartOf\":{\"@id\":\"https:\/\/entradit.it\/es\/#website\"},\"datePublished\":\"2020-11-11T13:56:51+00:00\",\"dateModified\":\"2020-12-17T11:56:47+00:00\",\"breadcrumb\":{\"@id\":\"https:\/\/entradit.it\/es\/giordano-bruno\/#breadcrumb\"},\"inLanguage\":\"es\",\"potentialAction\":[{\"@type\":\"ReadAction\",\"target\":[\"https:\/\/entradit.it\/es\/giordano-bruno\/\"]}]},{\"@type\":\"BreadcrumbList\",\"@id\":\"https:\/\/entradit.it\/es\/giordano-bruno\/#breadcrumb\",\"itemListElement\":[{\"@type\":\"ListItem\",\"position\":1,\"name\":\"Home\",\"item\":\"https:\/\/entradit.it\/es\/\"},{\"@type\":\"ListItem\",\"position\":2,\"name\":\"Giordano Bruno\"}]},{\"@type\":\"WebSite\",\"@id\":\"https:\/\/entradit.it\/es\/#website\",\"url\":\"https:\/\/entradit.it\/es\/\",\"name\":\"Entradit\",\"description\":\"L\u2019Edizione nazionale del Compendio delle traduzioni italiane nel mondo\",\"potentialAction\":[{\"@type\":\"SearchAction\",\"target\":{\"@type\":\"EntryPoint\",\"urlTemplate\":\"https:\/\/entradit.it\/es\/?s={search_term_string}\"},\"query-input\":\"required name=search_term_string\"}],\"inLanguage\":\"es\"}]}<\/script>\n<!-- \/ Yoast SEO plugin. -->","yoast_head_json":{"title":"Giordano Bruno - Entradit","robots":{"index":"index","follow":"follow","max-snippet":"max-snippet:-1","max-image-preview":"max-image-preview:large","max-video-preview":"max-video-preview:-1"},"canonical":"https:\/\/entradit.it\/es\/giordano-bruno\/","og_locale":"es_ES","og_type":"article","og_title":"Giordano Bruno - Entradit","og_description":"Naci\u00f3 en Nola, en Campania, en 1548, en la familia de los Brunos. A los 17 a\u00f1os ingres\u00f3 al convento de Santo Domingo en N\u00e1poles. En 1576, en Roma, acusado de herej\u00eda por sus ideas revolucionarias, decidi\u00f3 renunciar a sus votos. Peregrin\u00f3 por las ciudades de Ginebra, Tolosa, Par\u00eds, Londres y Fr\u00e1ncfort hasta que, en [&hellip;]","og_url":"https:\/\/entradit.it\/es\/giordano-bruno\/","og_site_name":"Entradit","article_modified_time":"2020-12-17T11:56:47+00:00","og_image":[{"url":"https:\/\/entradit.it\/wp-content\/uploads\/2020\/11\/giordano-bruno_ritratto-1024x569.jpg"}],"twitter_card":"summary_large_image","twitter_misc":{"Tiempo de lectura":"4 minutos"},"schema":{"@context":"https:\/\/schema.org","@graph":[{"@type":"WebPage","@id":"https:\/\/entradit.it\/es\/giordano-bruno\/","url":"https:\/\/entradit.it\/es\/giordano-bruno\/","name":"Giordano Bruno - Entradit","isPartOf":{"@id":"https:\/\/entradit.it\/es\/#website"},"datePublished":"2020-11-11T13:56:51+00:00","dateModified":"2020-12-17T11:56:47+00:00","breadcrumb":{"@id":"https:\/\/entradit.it\/es\/giordano-bruno\/#breadcrumb"},"inLanguage":"es","potentialAction":[{"@type":"ReadAction","target":["https:\/\/entradit.it\/es\/giordano-bruno\/"]}]},{"@type":"BreadcrumbList","@id":"https:\/\/entradit.it\/es\/giordano-bruno\/#breadcrumb","itemListElement":[{"@type":"ListItem","position":1,"name":"Home","item":"https:\/\/entradit.it\/es\/"},{"@type":"ListItem","position":2,"name":"Giordano Bruno"}]},{"@type":"WebSite","@id":"https:\/\/entradit.it\/es\/#website","url":"https:\/\/entradit.it\/es\/","name":"Entradit","description":"L\u2019Edizione nazionale del Compendio delle traduzioni italiane nel mondo","potentialAction":[{"@type":"SearchAction","target":{"@type":"EntryPoint","urlTemplate":"https:\/\/entradit.it\/es\/?s={search_term_string}"},"query-input":"required name=search_term_string"}],"inLanguage":"es"}]}},"_links":{"self":[{"href":"https:\/\/entradit.it\/es\/wp-json\/wp\/v2\/pages\/4368"}],"collection":[{"href":"https:\/\/entradit.it\/es\/wp-json\/wp\/v2\/pages"}],"about":[{"href":"https:\/\/entradit.it\/es\/wp-json\/wp\/v2\/types\/page"}],"author":[{"embeddable":true,"href":"https:\/\/entradit.it\/es\/wp-json\/wp\/v2\/users\/1"}],"replies":[{"embeddable":true,"href":"https:\/\/entradit.it\/es\/wp-json\/wp\/v2\/comments?post=4368"}],"version-history":[{"count":28,"href":"https:\/\/entradit.it\/es\/wp-json\/wp\/v2\/pages\/4368\/revisions"}],"predecessor-version":[{"id":5572,"href":"https:\/\/entradit.it\/es\/wp-json\/wp\/v2\/pages\/4368\/revisions\/5572"}],"wp:attachment":[{"href":"https:\/\/entradit.it\/es\/wp-json\/wp\/v2\/media?parent=4368"}],"curies":[{"name":"wp","href":"https:\/\/api.w.org\/{rel}","templated":true}]}}