{"id":4375,"date":"2020-11-11T15:19:50","date_gmt":"2020-11-11T14:19:50","guid":{"rendered":"https:\/\/test.hellodude.it\/compendio\/tommaso-campanella\/"},"modified":"2020-12-17T13:08:17","modified_gmt":"2020-12-17T12:08:17","slug":"tommaso-campanella","status":"publish","type":"page","link":"https:\/\/entradit.it\/es\/tommaso-campanella\/","title":{"rendered":"Tommaso Campanella"},"content":{"rendered":"\t\t<div data-elementor-type=\"wp-page\" data-elementor-id=\"4375\" class=\"elementor elementor-4375 elementor-3969\">\n\t\t\t\t\t\t<div class=\"elementor-inner\">\n\t\t\t\t<div class=\"elementor-section-wrap\">\n\t\t\t\t\t\t\t\t\t<section class=\"elementor-section elementor-top-section elementor-element elementor-element-8439651 elementor-section-boxed elementor-section-height-default elementor-section-height-default qodef-elementor-content-no\" data-id=\"8439651\" data-element_type=\"section\">\n\t\t\t\t\t\t<div class=\"elementor-container elementor-column-gap-default\">\n\t\t\t\t\t\t\t<div class=\"elementor-row\">\n\t\t\t\t\t<div class=\"elementor-column elementor-col-100 elementor-top-column elementor-element elementor-element-c1a91f5\" data-id=\"c1a91f5\" data-element_type=\"column\">\n\t\t\t<div class=\"elementor-column-wrap elementor-element-populated\">\n\t\t\t\t\t\t\t<div class=\"elementor-widget-wrap\">\n\t\t\t\t\t\t<div class=\"elementor-element elementor-element-1a62a87 elementor-widget elementor-widget-image\" data-id=\"1a62a87\" data-element_type=\"widget\" data-widget_type=\"image.default\">\n\t\t\t\t<div class=\"elementor-widget-container\">\n\t\t\t\t\t\t\t\t<div class=\"elementor-image\">\n\t\t\t\t\t\t\t\t\t\t\t\t<img width=\"1024\" height=\"569\" src=\"https:\/\/entradit.it\/wp-content\/uploads\/2020\/11\/Tommaso-Campanella_ritratto-1024x569.jpg\" class=\"attachment-large size-large\" alt=\"\" loading=\"lazy\" srcset=\"https:\/\/entradit.it\/wp-content\/uploads\/2020\/11\/Tommaso-Campanella_ritratto-1024x569.jpg 1024w, https:\/\/entradit.it\/wp-content\/uploads\/2020\/11\/Tommaso-Campanella_ritratto-300x167.jpg 300w, https:\/\/entradit.it\/wp-content\/uploads\/2020\/11\/Tommaso-Campanella_ritratto-768x427.jpg 768w, https:\/\/entradit.it\/wp-content\/uploads\/2020\/11\/Tommaso-Campanella_ritratto.jpg 1440w\" sizes=\"(max-width: 1024px) 100vw, 1024px\" \/>\t\t\t\t\t\t\t\t\t\t\t\t\t\t<\/div>\n\t\t\t\t\t\t<\/div>\n\t\t\t\t<\/div>\n\t\t\t\t<div class=\"elementor-element elementor-element-5bc7643 elementor-widget elementor-widget-text-editor\" data-id=\"5bc7643\" data-element_type=\"widget\" data-widget_type=\"text-editor.default\">\n\t\t\t\t<div class=\"elementor-widget-container\">\n\t\t\t\t\t\t\t\t<div class=\"elementor-text-editor elementor-clearfix\">\n\t\t\t\t<div class=\"block-editor-block-list__layout is-root-container\"><p class=\"p1\">Naci\u00f3 en Stilo, en Calabria, en 1568. Ingresado a la orden de los dominicos cuando era adolescente, form\u00f3 su cultura filos\u00f3fica a partir de la lectura de las obras de los plat\u00f3nicos y de las de Telesio. En 1596, Campanella se enfrent\u00f3 a un juicio por herej\u00eda, al que se a\u00f1adi\u00f3 otro en Padua y, por \u00faltimo, a\u00fan otro en Roma, en 1596, el cual termin\u00f3 con la condena y la abjuraci\u00f3n. En 1599, Campanella conjur\u00f3 contra el gobierno espa\u00f1ol al objeto de crear una reforma religiosa y pol\u00edtica que llevara el cristianismo a su ra\u00edz universal y que instaurara una forma de gobierno republicano basado en principios filos\u00f3ficos. M\u00e1s adelante, Campanella fue detenido por esa conjuraci\u00f3n y condenado a cadena perpetua en N\u00e1poles, donde pas\u00f3 27 a\u00f1os. Durante su reclusi\u00f3n compuso la mayor\u00eda de sus obras m\u00e1s importantes, entre las que cabe destacar la \u201cMonarqu\u00eda hisp\u00e1nica\u201d (1602), \u201cLa ciudad del sol\u201d (1602), \u201cDe sensu rerum\u201d (1603)\u00b9.<\/p><p class=\"p1\">A finales de los a\u00f1os 80 y principios de los a\u00f1os 90, la lectura de algunas obras de Maquiavelo, como por ejemplo \u201cEl Pr\u00edncipe\u201d, los \u201cDiscursos\u201d y tal vez \u201cLa vida de Castruccio Castracani\u201d, influyeron en la educaci\u00f3n pol\u00edtica de Campanella\u00b2. Algunos estudiosos, incluyendo Giuliano Procacci y Vittorio Frajese, creen que hay muchos indicios de \u00abreminiscencias de Maquiavelo\u00bb\u00b3 en las obras de Campanella, especialmente en la \u201cMonarqu\u00eda hisp\u00e1nica\u201d, la cual, prescindiendo de los problemas de dataci\u00f3n, fue concebida y escrita alrededor de los a\u00f1os de la conjuraci\u00f3n de 1599.<\/p><p class=\"p1\">Las obras de Campanella que seleccionamos est\u00e1n escritas, en su mayor\u00eda, originalmente en lengua vulgar y, en algunos casos, fueron traducidas posteriormente al lat\u00edn por el mismo autor: la \u201cMonarqu\u00eda hisp\u00e1nica\u201d (1601), \u201cLa ciudad del sol\u201d (1602), la <i>Scelta d\u2019alcune poesie filosofiche <\/i>(1622) y la \u201cMonarqu\u00eda de Francia\u201d (1636). Desde el punto de vista ling\u00fc\u00edstico, en los textos del fil\u00f3sofo de Stilo se halla una \u00abresemantizaci\u00f3n progresiva y sist\u00e9mica del l\u00e9xico \u00e9tico, pol\u00edtico, y religioso, adoptado de la tradici\u00f3n, pero hecho m\u00e1s eficaz dentro de un marco conceptual original\u00bb\u2074.<\/p><p class=\"p1\">Las obras de Tom\u00e1s Campanella se tradujeron a 34 idiomas y se extendieron por m\u00e1s de 60 Pa\u00edses del mundo. Para observar la concentraci\u00f3n de esas traducciones, f\u00edjense en el gr\u00e1fico de abajo, creado a partir de la base de datos en la que se encuentran los registros bibliogr\u00e1ficos a nivel mundial.<\/p><\/div>\t\t\t\t\t<\/div>\n\t\t\t\t\t\t<\/div>\n\t\t\t\t<\/div>\n\t\t\t\t<div class=\"elementor-element elementor-element-adacb03 elementor-align-center elementor-widget elementor-widget-button\" data-id=\"adacb03\" data-element_type=\"widget\" data-widget_type=\"button.default\">\n\t\t\t\t<div class=\"elementor-widget-container\">\n\t\t\t\t\t<div class=\"elementor-button-wrapper\">\n\t\t\t<a href=\"https:\/\/docs.google.com\/spreadsheets\/d\/1AFsioSvjaflRR_294NRY1D9d-1MvhBwbV2tnvFbxYf8\/edit#gid=0\" target=\"_blank\" class=\"elementor-button-link elementor-button elementor-size-sm\" role=\"button\">\n\t\t\t\t\t\t<span class=\"elementor-button-content-wrapper\">\n\t\t\t\t\t\t\t<span class=\"elementor-button-icon elementor-align-icon-left\">\n\t\t\t\t<i aria-hidden=\"true\" class=\"far fa-file-excel\"><\/i>\t\t\t<\/span>\n\t\t\t\t\t\t<span class=\"elementor-button-text\">DATOS BIBLIOGR\u00c1FICOS<\/span>\n\t\t<\/span>\n\t\t\t\t\t<\/a>\n\t\t<\/div>\n\t\t\t\t<\/div>\n\t\t\t\t<\/div>\n\t\t\t\t<div class=\"elementor-element elementor-element-fd1ec8e elementor-widget elementor-widget-olema_core_separator\" data-id=\"fd1ec8e\" data-element_type=\"widget\" data-widget_type=\"olema_core_separator.default\">\n\t\t\t\t<div class=\"elementor-widget-container\">\n\t\t\t<div class=\"qodef-shortcode qodef-m  qodef-separator clear \">\n\t<div class=\"qodef-m-line\" ><\/div>\n<\/div>\t\t<\/div>\n\t\t\t\t<\/div>\n\t\t\t\t<section class=\"elementor-section elementor-inner-section elementor-element elementor-element-ee9949a elementor-section-boxed elementor-section-height-default elementor-section-height-default qodef-elementor-content-no\" data-id=\"ee9949a\" data-element_type=\"section\">\n\t\t\t\t\t\t<div class=\"elementor-container elementor-column-gap-default\">\n\t\t\t\t\t\t\t<div class=\"elementor-row\">\n\t\t\t\t\t<div class=\"elementor-column elementor-col-50 elementor-inner-column elementor-element elementor-element-e6487c8\" data-id=\"e6487c8\" data-element_type=\"column\">\n\t\t\t<div class=\"elementor-column-wrap elementor-element-populated\">\n\t\t\t\t\t\t\t<div class=\"elementor-widget-wrap\">\n\t\t\t\t\t\t<div class=\"elementor-element elementor-element-8f8b263 elementor-widget elementor-widget-olema_core_section_title\" data-id=\"8f8b263\" data-element_type=\"widget\" data-widget_type=\"olema_core_section_title.default\">\n\t\t\t\t<div class=\"elementor-widget-container\">\n\t\t\t<div class=\"qodef-shortcode qodef-m  qodef-section-title qodef-alignment--left  qodef--has-appear\"  style=\"max-width: unset\">\n\t\t\t<h2 class=\"qodef-m-title\" >\n\t\t\t\t\tDistribuci\u00f3n de las traducciones de las obras de Tom\u00e1s Campanella en el mundo\t\t\t<\/h2>\n\t<\/div>\t\t<\/div>\n\t\t\t\t<\/div>\n\t\t\t\t\t\t<\/div>\n\t\t\t\t\t<\/div>\n\t\t<\/div>\n\t\t\t\t<div class=\"elementor-column elementor-col-50 elementor-inner-column elementor-element elementor-element-f64acbf\" data-id=\"f64acbf\" data-element_type=\"column\">\n\t\t\t<div class=\"elementor-column-wrap elementor-element-populated\">\n\t\t\t\t\t\t\t<div class=\"elementor-widget-wrap\">\n\t\t\t\t\t\t<div class=\"elementor-element elementor-element-88c0804 elementor-widget elementor-widget-image\" data-id=\"88c0804\" data-element_type=\"widget\" data-widget_type=\"image.default\">\n\t\t\t\t<div class=\"elementor-widget-container\">\n\t\t\t\t\t\t\t\t<div class=\"elementor-image\">\n\t\t\t\t\t\t\t\t\t\t\t\t\t<a href=\"https:\/\/docs.google.com\/spreadsheets\/d\/1AFsioSvjaflRR_294NRY1D9d-1MvhBwbV2tnvFbxYf8\/edit#gid=346805911\" target=\"_blank\">\n\t\t\t\t\t\t\t<img width=\"600\" height=\"371\" src=\"https:\/\/entradit.it\/wp-content\/uploads\/2020\/11\/mappa-tommaso-campanella.png\" class=\"attachment-large size-large\" alt=\"\" loading=\"lazy\" srcset=\"https:\/\/entradit.it\/wp-content\/uploads\/2020\/11\/mappa-tommaso-campanella.png 600w, https:\/\/entradit.it\/wp-content\/uploads\/2020\/11\/mappa-tommaso-campanella-300x186.png 300w\" sizes=\"(max-width: 600px) 100vw, 600px\" \/>\t\t\t\t\t\t\t\t<\/a>\n\t\t\t\t\t\t\t\t\t\t\t\t\t\t<\/div>\n\t\t\t\t\t\t<\/div>\n\t\t\t\t<\/div>\n\t\t\t\t\t\t<\/div>\n\t\t\t\t\t<\/div>\n\t\t<\/div>\n\t\t\t\t\t\t\t\t<\/div>\n\t\t\t\t\t<\/div>\n\t\t<\/section>\n\t\t\t\t<div class=\"elementor-element elementor-element-d8692a2 elementor-widget elementor-widget-olema_core_separator\" data-id=\"d8692a2\" data-element_type=\"widget\" data-widget_type=\"olema_core_separator.default\">\n\t\t\t\t<div class=\"elementor-widget-container\">\n\t\t\t<div class=\"qodef-shortcode qodef-m  qodef-separator clear \">\n\t<div class=\"qodef-m-line\" ><\/div>\n<\/div>\t\t<\/div>\n\t\t\t\t<\/div>\n\t\t\t\t<div class=\"elementor-element elementor-element-1b1a9bb elementor-widget elementor-widget-olema_core_section_title\" data-id=\"1b1a9bb\" data-element_type=\"widget\" data-widget_type=\"olema_core_section_title.default\">\n\t\t\t\t<div class=\"elementor-widget-container\">\n\t\t\t<div class=\"qodef-shortcode qodef-m  qodef-section-title qodef-alignment--left  qodef--has-appear\"  style=\"max-width: unset\">\n\t\t\t<h2 class=\"qodef-m-title\" >\n\t\t\t\t\tBibliogr\u00e1ficos\t\t\t<\/h2>\n\t<\/div>\t\t<\/div>\n\t\t\t\t<\/div>\n\t\t\t\t<div class=\"elementor-element elementor-element-9ed0827 elementor-widget elementor-widget-text-editor\" data-id=\"9ed0827\" data-element_type=\"widget\" data-widget_type=\"text-editor.default\">\n\t\t\t\t<div class=\"elementor-widget-container\">\n\t\t\t\t\t\t\t\t<div class=\"elementor-text-editor elementor-clearfix\">\n\t\t\t\t<p class=\"p1\">Addante L., (2004), <i>Campanella e Machiavelli; indagine su un caso di dissimulazione<\/i>, \u00abStudi storici\u00bb, julio-septiempre, Carocci, Roma.<\/p><p class=\"p1\"><a href=\"https:\/\/www.treccani.it\/enciclopedia\/tommaso-campanella\/\" target=\"_blank\" rel=\"noopener\"><i>Campanella Tommaso<\/i>, Treccani<\/a> (o.l.) (consultado el 14\/10\/2020).<\/p><p class=\"p1\">Frajese V., (2002), <i>Profezia e machiavellismo<\/i>, Il giovane Campanella, Roma, Carocci.<\/p><p class=\"p1\"><a href=\"https:\/\/www.treccani.it\/enciclopedia\/tommaso-campanella_%28Enciclopedia-machiavelliana%29\/\" target=\"_blank\" rel=\"noopener\">Frajese V., (2014) (o.l.), <i>Tommaso Campanella<\/i>, Enciclopedia machiavelliana, Treccani<\/a>. (consultado el 14\/10\/2020).<\/p><p class=\"p1\">Procacci G., (1995), <i>Machiavelli nella cultura europea<\/i>, Roma, Laterza, p.161.<\/p><p class=\"p2\"><a href=\"https:\/\/www.academia.edu\/11863648\/Lessico_etico_religioso_e_politico_di_Tommaso_Campanella\" target=\"_blank\" rel=\"noopener\">Suggi A., (o.l.) (2009), <i>Lessico etico-religioso e politico di Tommaso Campanella<\/i><\/a>\u00a0(consultado el 14\/10\/2020).<\/p>\t\t\t\t\t<\/div>\n\t\t\t\t\t\t<\/div>\n\t\t\t\t<\/div>\n\t\t\t\t<div class=\"elementor-element elementor-element-30399e9 elementor-widget elementor-widget-olema_core_separator\" data-id=\"30399e9\" data-element_type=\"widget\" data-widget_type=\"olema_core_separator.default\">\n\t\t\t\t<div class=\"elementor-widget-container\">\n\t\t\t<div class=\"qodef-shortcode qodef-m  qodef-separator clear \">\n\t<div class=\"qodef-m-line\" ><\/div>\n<\/div>\t\t<\/div>\n\t\t\t\t<\/div>\n\t\t\t\t<div class=\"elementor-element elementor-element-08c18c1 elementor-widget elementor-widget-text-editor\" data-id=\"08c18c1\" data-element_type=\"widget\" data-widget_type=\"text-editor.default\">\n\t\t\t\t<div class=\"elementor-widget-container\">\n\t\t\t\t\t\t\t\t<div class=\"elementor-text-editor elementor-clearfix\">\n\t\t\t\t<div class=\"block-editor-block-list__layout is-root-container\"><p id=\"block-a528314b-b550-467b-8d52-84e0c81dea06\" class=\"block-editor-block-list__block wp-block rich-text block-editor-rich-text__editable wp-block\" tabindex=\"0\" role=\"textbox\" aria-label=\"Blocco del paragrafo\" aria-multiline=\"true\" data-block=\"a528314b-b550-467b-8d52-84e0c81dea06\" data-type=\"core\/paragraph\" data-title=\"Paragrafo\"><em>Foto de\u00a0<a href=\"https:\/\/www.flickr.com\/photos\/63794459@N07\/6169212436\/in\/photolist-aYbBoK-ap9PVE\" target=\"_blank\" rel=\"noopener\">Skara kommun<\/a> \/ CC BY 2.0<\/em><\/p><\/div>\t\t\t\t\t<\/div>\n\t\t\t\t\t\t<\/div>\n\t\t\t\t<\/div>\n\t\t\t\t<div class=\"elementor-element elementor-element-d4fc08b elementor-widget elementor-widget-olema_core_separator\" data-id=\"d4fc08b\" data-element_type=\"widget\" data-widget_type=\"olema_core_separator.default\">\n\t\t\t\t<div class=\"elementor-widget-container\">\n\t\t\t<div class=\"qodef-shortcode qodef-m  qodef-separator clear \">\n\t<div class=\"qodef-m-line\" ><\/div>\n<\/div>\t\t<\/div>\n\t\t\t\t<\/div>\n\t\t\t\t<div class=\"elementor-element elementor-element-5586c2d elementor-widget elementor-widget-text-editor\" data-id=\"5586c2d\" data-element_type=\"widget\" data-widget_type=\"text-editor.default\">\n\t\t\t\t<div class=\"elementor-widget-container\">\n\t\t\t\t\t\t\t\t<div class=\"elementor-text-editor elementor-clearfix\">\n\t\t\t\t<p>\u00b9 <a href=\"https:\/\/www.treccani.it\/enciclopedia\/tommaso-campanella\/\" target=\"_blank\" rel=\"noopener\">https:\/\/www.treccani.it\/enciclopedia\/tommaso-campanella\/<\/a><\/p><p>\u00b2 <a href=\"https:\/\/www.treccani.it\/enciclopedia\/tommaso-campanella_%28Enciclopedia-machiavelliana%29\/\" target=\"_blank\" rel=\"noopener\">https:\/\/www.treccani.it\/enciclopedia\/tommaso-campanella_%28Enciclopedia-machiavelliana%29\/<\/a><\/p><p>\u00b3 <span class=\"s1\"><i>\u00abRiecheggiamenti machiavelliani\u00bb<\/i><\/span><i>,<\/i> Procacci G., (1995), <i>Machiavelli nella cultura europea<\/i>, Roma, Laterza, p.161 (trad.es. Palumbo G., 2020).<\/p><p>\u2074 <span class=\"s1\"><i>\u00abProgressiva e sistematica risemantizzazione del vocabolario etico, politico e religioso, mutuato dalla tradizione, ma reso efficace all\u2019interno di un quadro concettuale originale\u00bb<\/i><\/span><i>, <\/i><a href=\"https:\/\/www.academia.edu\/11863648\/Lessico_etico_religioso_e_politico_di_Tommaso_Campanella\" target=\"_blank\" rel=\"noopener\">Suggi A., (o.l.) (2009) <i>Lessico etico-religioso e politico di Tommaso Campanella<\/i><\/a>\u00a0(trad.es. Palumbo G., 2020).<\/p>\t\t\t\t\t<\/div>\n\t\t\t\t\t\t<\/div>\n\t\t\t\t<\/div>\n\t\t\t\t\t\t<\/div>\n\t\t\t\t\t<\/div>\n\t\t<\/div>\n\t\t\t\t\t\t\t\t<\/div>\n\t\t\t\t\t<\/div>\n\t\t<\/section>\n\t\t\t\t\t\t\t\t\t<\/div>\n\t\t\t<\/div>\n\t\t\t\t\t<\/div>\n\t\t","protected":false},"excerpt":{"rendered":"<p>Naci\u00f3 en Stilo, en Calabria, en 1568. Ingresado a la orden de los dominicos cuando era adolescente, form\u00f3 su cultura filos\u00f3fica a partir de la lectura de las obras de los plat\u00f3nicos y de las de Telesio. En 1596, Campanella se enfrent\u00f3 a un juicio por herej\u00eda, al que se a\u00f1adi\u00f3 otro en Padua y, [&hellip;]<\/p>\n","protected":false},"author":1,"featured_media":0,"parent":0,"menu_order":0,"comment_status":"closed","ping_status":"closed","template":"","meta":[],"yoast_head":"<!-- This site is optimized with the Yoast SEO plugin v19.6.1 - https:\/\/yoast.com\/wordpress\/plugins\/seo\/ -->\n<title>Tommaso Campanella - Entradit<\/title>\n<meta name=\"robots\" content=\"index, follow, max-snippet:-1, max-image-preview:large, max-video-preview:-1\" \/>\n<link rel=\"canonical\" href=\"https:\/\/entradit.it\/es\/tommaso-campanella\/\" \/>\n<meta property=\"og:locale\" content=\"es_ES\" \/>\n<meta property=\"og:type\" content=\"article\" \/>\n<meta property=\"og:title\" content=\"Tommaso Campanella - Entradit\" \/>\n<meta property=\"og:description\" content=\"Naci\u00f3 en Stilo, en Calabria, en 1568. Ingresado a la orden de los dominicos cuando era adolescente, form\u00f3 su cultura filos\u00f3fica a partir de la lectura de las obras de los plat\u00f3nicos y de las de Telesio. En 1596, Campanella se enfrent\u00f3 a un juicio por herej\u00eda, al que se a\u00f1adi\u00f3 otro en Padua y, [&hellip;]\" \/>\n<meta property=\"og:url\" content=\"https:\/\/entradit.it\/es\/tommaso-campanella\/\" \/>\n<meta property=\"og:site_name\" content=\"Entradit\" \/>\n<meta property=\"article:modified_time\" content=\"2020-12-17T12:08:17+00:00\" \/>\n<meta property=\"og:image\" content=\"https:\/\/entradit.it\/wp-content\/uploads\/2020\/11\/Tommaso-Campanella_ritratto-1024x569.jpg\" \/>\n<meta name=\"twitter:card\" content=\"summary_large_image\" \/>\n<meta name=\"twitter:label1\" content=\"Tiempo de lectura\" \/>\n\t<meta name=\"twitter:data1\" content=\"3 minutos\" \/>\n<script type=\"application\/ld+json\" class=\"yoast-schema-graph\">{\"@context\":\"https:\/\/schema.org\",\"@graph\":[{\"@type\":\"WebPage\",\"@id\":\"https:\/\/entradit.it\/es\/tommaso-campanella\/\",\"url\":\"https:\/\/entradit.it\/es\/tommaso-campanella\/\",\"name\":\"Tommaso Campanella - Entradit\",\"isPartOf\":{\"@id\":\"https:\/\/entradit.it\/es\/#website\"},\"datePublished\":\"2020-11-11T14:19:50+00:00\",\"dateModified\":\"2020-12-17T12:08:17+00:00\",\"breadcrumb\":{\"@id\":\"https:\/\/entradit.it\/es\/tommaso-campanella\/#breadcrumb\"},\"inLanguage\":\"es\",\"potentialAction\":[{\"@type\":\"ReadAction\",\"target\":[\"https:\/\/entradit.it\/es\/tommaso-campanella\/\"]}]},{\"@type\":\"BreadcrumbList\",\"@id\":\"https:\/\/entradit.it\/es\/tommaso-campanella\/#breadcrumb\",\"itemListElement\":[{\"@type\":\"ListItem\",\"position\":1,\"name\":\"Home\",\"item\":\"https:\/\/entradit.it\/es\/\"},{\"@type\":\"ListItem\",\"position\":2,\"name\":\"Tommaso Campanella\"}]},{\"@type\":\"WebSite\",\"@id\":\"https:\/\/entradit.it\/es\/#website\",\"url\":\"https:\/\/entradit.it\/es\/\",\"name\":\"Entradit\",\"description\":\"L\u2019Edizione nazionale del Compendio delle traduzioni italiane nel mondo\",\"potentialAction\":[{\"@type\":\"SearchAction\",\"target\":{\"@type\":\"EntryPoint\",\"urlTemplate\":\"https:\/\/entradit.it\/es\/?s={search_term_string}\"},\"query-input\":\"required name=search_term_string\"}],\"inLanguage\":\"es\"}]}<\/script>\n<!-- \/ Yoast SEO plugin. -->","yoast_head_json":{"title":"Tommaso Campanella - Entradit","robots":{"index":"index","follow":"follow","max-snippet":"max-snippet:-1","max-image-preview":"max-image-preview:large","max-video-preview":"max-video-preview:-1"},"canonical":"https:\/\/entradit.it\/es\/tommaso-campanella\/","og_locale":"es_ES","og_type":"article","og_title":"Tommaso Campanella - Entradit","og_description":"Naci\u00f3 en Stilo, en Calabria, en 1568. Ingresado a la orden de los dominicos cuando era adolescente, form\u00f3 su cultura filos\u00f3fica a partir de la lectura de las obras de los plat\u00f3nicos y de las de Telesio. En 1596, Campanella se enfrent\u00f3 a un juicio por herej\u00eda, al que se a\u00f1adi\u00f3 otro en Padua y, [&hellip;]","og_url":"https:\/\/entradit.it\/es\/tommaso-campanella\/","og_site_name":"Entradit","article_modified_time":"2020-12-17T12:08:17+00:00","og_image":[{"url":"https:\/\/entradit.it\/wp-content\/uploads\/2020\/11\/Tommaso-Campanella_ritratto-1024x569.jpg"}],"twitter_card":"summary_large_image","twitter_misc":{"Tiempo de lectura":"3 minutos"},"schema":{"@context":"https:\/\/schema.org","@graph":[{"@type":"WebPage","@id":"https:\/\/entradit.it\/es\/tommaso-campanella\/","url":"https:\/\/entradit.it\/es\/tommaso-campanella\/","name":"Tommaso Campanella - Entradit","isPartOf":{"@id":"https:\/\/entradit.it\/es\/#website"},"datePublished":"2020-11-11T14:19:50+00:00","dateModified":"2020-12-17T12:08:17+00:00","breadcrumb":{"@id":"https:\/\/entradit.it\/es\/tommaso-campanella\/#breadcrumb"},"inLanguage":"es","potentialAction":[{"@type":"ReadAction","target":["https:\/\/entradit.it\/es\/tommaso-campanella\/"]}]},{"@type":"BreadcrumbList","@id":"https:\/\/entradit.it\/es\/tommaso-campanella\/#breadcrumb","itemListElement":[{"@type":"ListItem","position":1,"name":"Home","item":"https:\/\/entradit.it\/es\/"},{"@type":"ListItem","position":2,"name":"Tommaso Campanella"}]},{"@type":"WebSite","@id":"https:\/\/entradit.it\/es\/#website","url":"https:\/\/entradit.it\/es\/","name":"Entradit","description":"L\u2019Edizione nazionale del Compendio delle traduzioni italiane nel mondo","potentialAction":[{"@type":"SearchAction","target":{"@type":"EntryPoint","urlTemplate":"https:\/\/entradit.it\/es\/?s={search_term_string}"},"query-input":"required name=search_term_string"}],"inLanguage":"es"}]}},"_links":{"self":[{"href":"https:\/\/entradit.it\/es\/wp-json\/wp\/v2\/pages\/4375"}],"collection":[{"href":"https:\/\/entradit.it\/es\/wp-json\/wp\/v2\/pages"}],"about":[{"href":"https:\/\/entradit.it\/es\/wp-json\/wp\/v2\/types\/page"}],"author":[{"embeddable":true,"href":"https:\/\/entradit.it\/es\/wp-json\/wp\/v2\/users\/1"}],"replies":[{"embeddable":true,"href":"https:\/\/entradit.it\/es\/wp-json\/wp\/v2\/comments?post=4375"}],"version-history":[{"count":29,"href":"https:\/\/entradit.it\/es\/wp-json\/wp\/v2\/pages\/4375\/revisions"}],"predecessor-version":[{"id":5593,"href":"https:\/\/entradit.it\/es\/wp-json\/wp\/v2\/pages\/4375\/revisions\/5593"}],"wp:attachment":[{"href":"https:\/\/entradit.it\/es\/wp-json\/wp\/v2\/media?parent=4375"}],"curies":[{"name":"wp","href":"https:\/\/api.w.org\/{rel}","templated":true}]}}