{"id":6340,"date":"2026-03-20T11:29:21","date_gmt":"2026-03-20T10:29:21","guid":{"rendered":"https:\/\/entradit.it\/?page_id=6340"},"modified":"2026-03-20T13:21:18","modified_gmt":"2026-03-20T12:21:18","slug":"__trashed","status":"publish","type":"page","link":"https:\/\/entradit.it\/es\/__trashed\/","title":{"rendered":"Galileo Galilei"},"content":{"rendered":"\t\t<div data-elementor-type=\"wp-page\" data-elementor-id=\"6340\" class=\"elementor elementor-6340 elementor-6336\">\n\t\t\t\t\t\t<div class=\"elementor-inner\">\n\t\t\t\t<div class=\"elementor-section-wrap\">\n\t\t\t\t\t\t\t\t\t<section class=\"elementor-section elementor-top-section elementor-element elementor-element-793f87a elementor-section-boxed elementor-section-height-default elementor-section-height-default qodef-elementor-content-no\" data-id=\"793f87a\" data-element_type=\"section\">\n\t\t\t\t\t\t<div class=\"elementor-container elementor-column-gap-default\">\n\t\t\t\t\t\t\t<div class=\"elementor-row\">\n\t\t\t\t\t<div class=\"elementor-column elementor-col-100 elementor-top-column elementor-element elementor-element-8fdf58c\" data-id=\"8fdf58c\" data-element_type=\"column\">\n\t\t\t<div class=\"elementor-column-wrap elementor-element-populated\">\n\t\t\t\t\t\t\t<div class=\"elementor-widget-wrap\">\n\t\t\t\t\t\t<div class=\"elementor-element elementor-element-093df6d elementor-widget elementor-widget-image\" data-id=\"093df6d\" data-element_type=\"widget\" data-widget_type=\"image.default\">\n\t\t\t\t<div class=\"elementor-widget-container\">\n\t\t\t\t\t\t\t\t<div class=\"elementor-image\">\n\t\t\t\t\t\t\t\t\t\t\t\t<img width=\"806\" height=\"1024\" src=\"https:\/\/entradit.it\/wp-content\/uploads\/2026\/03\/Galileo-Galilei_common-license-806x1024.jpg\" class=\"attachment-large size-large\" alt=\"\" loading=\"lazy\" srcset=\"https:\/\/entradit.it\/wp-content\/uploads\/2026\/03\/Galileo-Galilei_common-license-806x1024.jpg 806w, https:\/\/entradit.it\/wp-content\/uploads\/2026\/03\/Galileo-Galilei_common-license-236x300.jpg 236w, https:\/\/entradit.it\/wp-content\/uploads\/2026\/03\/Galileo-Galilei_common-license-768x976.jpg 768w, https:\/\/entradit.it\/wp-content\/uploads\/2026\/03\/Galileo-Galilei_common-license-1209x1536.jpg 1209w, https:\/\/entradit.it\/wp-content\/uploads\/2026\/03\/Galileo-Galilei_common-license-1612x2048.jpg 1612w, https:\/\/entradit.it\/wp-content\/uploads\/2026\/03\/Galileo-Galilei_common-license-scaled.jpg 2015w\" sizes=\"(max-width: 806px) 100vw, 806px\" \/>\t\t\t\t\t\t\t\t\t\t\t\t\t\t<\/div>\n\t\t\t\t\t\t<\/div>\n\t\t\t\t<\/div>\n\t\t\t\t<div class=\"elementor-element elementor-element-edd8f43 elementor-widget elementor-widget-text-editor\" data-id=\"edd8f43\" data-element_type=\"widget\" data-widget_type=\"text-editor.default\">\n\t\t\t\t<div class=\"elementor-widget-container\">\n\t\t\t\t\t\t\t\t<div class=\"elementor-text-editor elementor-clearfix\">\n\t\t\t\t<p>Nace en Pisa en 1564 y, desde muy joven, se dedica al cultivo formal de la inspiraci\u00f3n art\u00edstica hasta su matriculaci\u00f3n universitaria; sin embargo, hacia los diecis\u00e9is a\u00f1os se apasiona por los estudios de matem\u00e1ticas y de geometr\u00eda euclidiana. Los primeros tratados en lat\u00edn y en lengua vulgar son ensayos did\u00e1cticos sobre la construcci\u00f3n y el uso de instrumentos cient\u00edficos y mec\u00e1nicos, o demostraciones matem\u00e1ticas de teoremas, arquitecturas l\u00f3gicas y cosmolog\u00edas, aunque pronto se encaminar\u00e1 hacia la refutaci\u00f3n de algunos dogmas aristot\u00e9licos mediante la experimentaci\u00f3n directa. La observaci\u00f3n y el empirismo constituir\u00e1n la base del m\u00e9todo galileano a lo largo de toda su carrera, tanto acad\u00e9mica como, durante un breve per\u00edodo en Padua, militar, en calidad de ingeniero y consejero privado.<\/p><p>Es en 1597 cuando Galileo Galilei tiene conocimiento de la reducid\u00edsima <i>intelligentia<\/i> europea copernicana y entra indirectamente, y en una relaci\u00f3n epistolar intermitente, en contacto con Kepler gracias al obsequio a la c\u00e1tedra de Padua de su obra astron\u00f3mica <i>Mysterium cosmographicum<\/i> (1596) por mediaci\u00f3n de Paul Homberger, por voluntad del propio astr\u00f3nomo alem\u00e1n, deseoso de compartir sus c\u00e1lculos y descubrimientos con las academias de Europa.<\/p><p>De este renovado vigor cient\u00edfico nace que Galilei, de regreso a Toscana en calidad de Matem\u00e1tico y Fil\u00f3sofo del Gran Duque, conciba sus invenciones y obras hoy todav\u00eda m\u00e1s conocidas, como el telescopio, descrito t\u00e9cnicamente en el <i>Sidereus Nuncius<\/i> (1610), dedicado a Cosme II de Toscana, y, tras un largo intervalo, el consiguiente <i>El Ensayador <\/i>(1623), un ensayo magistral de pol\u00e9mica literaria y cient\u00edfica que anticipar\u00e1, en cierto modo, el similar <i>Di\u00e1logo sobre los dos m\u00e1ximos sistemas<\/i> (1624-1630), publicado en 1632 en Florencia por Giovan Battista Landini. Con estas dos obras se abre, con pleno derecho, un vivo inter\u00e9s entre los contempor\u00e1neos \u2014de Galilei y tambi\u00e9n de los nuestros\u2014 por la curiosa elecci\u00f3n del uso de la lengua vulgar en lugar del lat\u00edn para escribir sobre cuestiones cient\u00edficas, dado que la lengua vulgar sirvi\u00f3 para su m\u00e1xima difusi\u00f3n en la patria entre detractores e inquisidores, mientras que la escritura en lat\u00edn habr\u00eda \u2014y de hecho tendr\u00e1, con las tard\u00edas traducciones promovidas por el propio Galilei\u2014 lectores y defensores de las tesis copernicanas en toda Europa.<\/p><p>Si no puede refutarse el conocimiento por parte de Galileo Galilei del <i>Convivio<\/i> de Dante y de sus apolog\u00edas de la lengua vulgar \u2014en la triple motivaci\u00f3n de la \u00abcautela de desorden inconveniente\u00bb, la \u00abprontitud de liberalidad\u00bb y el \u00abamor natural a la propia lengua\u00bb\u2014, quiz\u00e1 resulte m\u00e1s probable atribuir esta elecci\u00f3n a la influencia de la figura de Alessandro Piccolomini durante el per\u00edodo paduano de Galilei, as\u00ed como a su voluntad de atraerse la benevolencia de la casa de los Medici de Toscana, ennobleciendo al mismo tiempo y de manera rec\u00edproca la funci\u00f3n pol\u00edtica relevante de la lengua florentina y las novedades tecnol\u00f3gicas y cient\u00edficas posibles gracias al telescopio y al m\u00e9todo experimental, como testimonia la correspondencia privada de Galilei.<\/p>\t\t\t\t\t<\/div>\n\t\t\t\t\t\t<\/div>\n\t\t\t\t<\/div>\n\t\t\t\t<div class=\"elementor-element elementor-element-38cfa0c elementor-widget elementor-widget-olema_core_separator\" data-id=\"38cfa0c\" data-element_type=\"widget\" data-widget_type=\"olema_core_separator.default\">\n\t\t\t\t<div class=\"elementor-widget-container\">\n\t\t\t<div class=\"qodef-shortcode qodef-m  qodef-separator clear \">\n\t<div class=\"qodef-m-line\" ><\/div>\n<\/div>\t\t<\/div>\n\t\t\t\t<\/div>\n\t\t\t\t<section class=\"elementor-section elementor-inner-section elementor-element elementor-element-53ae471 elementor-section-boxed elementor-section-height-default elementor-section-height-default qodef-elementor-content-no\" data-id=\"53ae471\" data-element_type=\"section\">\n\t\t\t\t\t\t<div class=\"elementor-container elementor-column-gap-default\">\n\t\t\t\t\t\t\t<div class=\"elementor-row\">\n\t\t\t\t\t<div class=\"elementor-column elementor-col-50 elementor-inner-column elementor-element elementor-element-ba0517e\" data-id=\"ba0517e\" data-element_type=\"column\">\n\t\t\t<div class=\"elementor-column-wrap elementor-element-populated\">\n\t\t\t\t\t\t\t<div class=\"elementor-widget-wrap\">\n\t\t\t\t\t\t<div class=\"elementor-element elementor-element-4cc6020 elementor-widget elementor-widget-olema_core_section_title\" data-id=\"4cc6020\" data-element_type=\"widget\" data-widget_type=\"olema_core_section_title.default\">\n\t\t\t\t<div class=\"elementor-widget-container\">\n\t\t\t<div class=\"qodef-shortcode qodef-m  qodef-section-title qodef-alignment--left  qodef--has-appear\"  style=\"max-width: unset\">\n\t\t\t<h2 class=\"qodef-m-title\" >\n\t\t\t\t\tDistribuzione delle traduzioni di \"Dialogo sopra i due massimi sistemi\" nel mondo\t\t\t<\/h2>\n\t<\/div>\t\t<\/div>\n\t\t\t\t<\/div>\n\t\t\t\t\t\t<\/div>\n\t\t\t\t\t<\/div>\n\t\t<\/div>\n\t\t\t\t<div class=\"elementor-column elementor-col-50 elementor-inner-column elementor-element elementor-element-ca6ed24\" data-id=\"ca6ed24\" data-element_type=\"column\">\n\t\t\t<div class=\"elementor-column-wrap elementor-element-populated\">\n\t\t\t\t\t\t\t<div class=\"elementor-widget-wrap\">\n\t\t\t\t\t\t<div class=\"elementor-element elementor-element-5e3d548 elementor-widget elementor-widget-image\" data-id=\"5e3d548\" data-element_type=\"widget\" data-widget_type=\"image.default\">\n\t\t\t\t<div class=\"elementor-widget-container\">\n\t\t\t\t\t\t\t\t<div class=\"elementor-image\">\n\t\t\t\t\t\t\t\t\t\t\t\t\t<a href=\"https:\/\/docs.google.com\/spreadsheets\/d\/1q1iIixJv4figiP_B-jDfifZYW5JpzDr8IXGbUbObupw\/edit#gid=1612953718\" target=\"_blank\">\n\t\t\t\t\t\t\t<img width=\"600\" height=\"371\" src=\"https:\/\/entradit.it\/wp-content\/uploads\/2026\/03\/Dialogo-sopra-i-due-massimi-sistemi_numero-edizioni.png\" class=\"attachment-large size-large\" alt=\"\" loading=\"lazy\" srcset=\"https:\/\/entradit.it\/wp-content\/uploads\/2026\/03\/Dialogo-sopra-i-due-massimi-sistemi_numero-edizioni.png 600w, https:\/\/entradit.it\/wp-content\/uploads\/2026\/03\/Dialogo-sopra-i-due-massimi-sistemi_numero-edizioni-300x186.png 300w\" sizes=\"(max-width: 600px) 100vw, 600px\" \/>\t\t\t\t\t\t\t\t<\/a>\n\t\t\t\t\t\t\t\t\t\t\t\t\t\t<\/div>\n\t\t\t\t\t\t<\/div>\n\t\t\t\t<\/div>\n\t\t\t\t\t\t<\/div>\n\t\t\t\t\t<\/div>\n\t\t<\/div>\n\t\t\t\t\t\t\t\t<\/div>\n\t\t\t\t\t<\/div>\n\t\t<\/section>\n\t\t\t\t<div class=\"elementor-element elementor-element-e1e4ffd elementor-widget elementor-widget-spacer\" data-id=\"e1e4ffd\" data-element_type=\"widget\" data-widget_type=\"spacer.default\">\n\t\t\t\t<div class=\"elementor-widget-container\">\n\t\t\t\t\t<div class=\"elementor-spacer\">\n\t\t\t<div class=\"elementor-spacer-inner\"><\/div>\n\t\t<\/div>\n\t\t\t\t<\/div>\n\t\t\t\t<\/div>\n\t\t\t\t<section class=\"elementor-section elementor-inner-section elementor-element elementor-element-cdc12bd elementor-section-boxed elementor-section-height-default elementor-section-height-default qodef-elementor-content-no\" data-id=\"cdc12bd\" data-element_type=\"section\">\n\t\t\t\t\t\t<div class=\"elementor-container elementor-column-gap-default\">\n\t\t\t\t\t\t\t<div class=\"elementor-row\">\n\t\t\t\t\t<div class=\"elementor-column elementor-col-50 elementor-inner-column elementor-element elementor-element-95363ba\" data-id=\"95363ba\" data-element_type=\"column\">\n\t\t\t<div class=\"elementor-column-wrap elementor-element-populated\">\n\t\t\t\t\t\t\t<div class=\"elementor-widget-wrap\">\n\t\t\t\t\t\t<div class=\"elementor-element elementor-element-c1c04a2 elementor-widget elementor-widget-olema_core_section_title\" data-id=\"c1c04a2\" data-element_type=\"widget\" data-widget_type=\"olema_core_section_title.default\">\n\t\t\t\t<div class=\"elementor-widget-container\">\n\t\t\t<div class=\"qodef-shortcode qodef-m  qodef-section-title qodef-alignment--left  qodef--has-appear\"  style=\"max-width: unset\">\n\t\t\t<h2 class=\"qodef-m-title\" >\n\t\t\t\t\tDistribuzione delle traduzioni di \"Il Saggiatore\" nel mondo\t\t\t<\/h2>\n\t<\/div>\t\t<\/div>\n\t\t\t\t<\/div>\n\t\t\t\t\t\t<\/div>\n\t\t\t\t\t<\/div>\n\t\t<\/div>\n\t\t\t\t<div class=\"elementor-column elementor-col-50 elementor-inner-column elementor-element elementor-element-d7edd1d\" data-id=\"d7edd1d\" data-element_type=\"column\">\n\t\t\t<div class=\"elementor-column-wrap elementor-element-populated\">\n\t\t\t\t\t\t\t<div class=\"elementor-widget-wrap\">\n\t\t\t\t\t\t<div class=\"elementor-element elementor-element-f225e04 elementor-widget elementor-widget-image\" data-id=\"f225e04\" data-element_type=\"widget\" data-widget_type=\"image.default\">\n\t\t\t\t<div class=\"elementor-widget-container\">\n\t\t\t\t\t\t\t\t<div class=\"elementor-image\">\n\t\t\t\t\t\t\t\t\t\t\t\t\t<a href=\"https:\/\/docs.google.com\/spreadsheets\/d\/1q1iIixJv4figiP_B-jDfifZYW5JpzDr8IXGbUbObupw\/edit#gid=1612953718\" target=\"_blank\">\n\t\t\t\t\t\t\t<img width=\"600\" height=\"371\" src=\"https:\/\/entradit.it\/wp-content\/uploads\/2026\/03\/Il-Saggiatore_numero-edizioni.png\" class=\"attachment-large size-large\" alt=\"\" loading=\"lazy\" srcset=\"https:\/\/entradit.it\/wp-content\/uploads\/2026\/03\/Il-Saggiatore_numero-edizioni.png 600w, https:\/\/entradit.it\/wp-content\/uploads\/2026\/03\/Il-Saggiatore_numero-edizioni-300x186.png 300w\" sizes=\"(max-width: 600px) 100vw, 600px\" \/>\t\t\t\t\t\t\t\t<\/a>\n\t\t\t\t\t\t\t\t\t\t\t\t\t\t<\/div>\n\t\t\t\t\t\t<\/div>\n\t\t\t\t<\/div>\n\t\t\t\t\t\t<\/div>\n\t\t\t\t\t<\/div>\n\t\t<\/div>\n\t\t\t\t\t\t\t\t<\/div>\n\t\t\t\t\t<\/div>\n\t\t<\/section>\n\t\t\t\t<div class=\"elementor-element elementor-element-2f2e23f elementor-widget elementor-widget-olema_core_separator\" data-id=\"2f2e23f\" data-element_type=\"widget\" data-widget_type=\"olema_core_separator.default\">\n\t\t\t\t<div class=\"elementor-widget-container\">\n\t\t\t<div class=\"qodef-shortcode qodef-m  qodef-separator clear \">\n\t<div class=\"qodef-m-line\" ><\/div>\n<\/div>\t\t<\/div>\n\t\t\t\t<\/div>\n\t\t\t\t<div class=\"elementor-element elementor-element-39e3945 elementor-widget elementor-widget-olema_core_section_title\" data-id=\"39e3945\" data-element_type=\"widget\" data-widget_type=\"olema_core_section_title.default\">\n\t\t\t\t<div class=\"elementor-widget-container\">\n\t\t\t<div class=\"qodef-shortcode qodef-m  qodef-section-title qodef-alignment--left  qodef--has-appear\"  style=\"max-width: unset\">\n\t\t\t<h2 class=\"qodef-m-title\" >\n\t\t\t\t\tBibliogr\u00e1ficos\t\t\t<\/h2>\n\t<\/div>\t\t<\/div>\n\t\t\t\t<\/div>\n\t\t\t\t<div class=\"elementor-element elementor-element-91aa3d8 elementor-widget elementor-widget-text-editor\" data-id=\"91aa3d8\" data-element_type=\"widget\" data-widget_type=\"text-editor.default\">\n\t\t\t\t<div class=\"elementor-widget-container\">\n\t\t\t\t\t\t\t\t<div class=\"elementor-text-editor elementor-clearfix\">\n\t\t\t\t<div class=\"block-editor-block-list__layout is-root-container\">\n<p id=\"block-29bb1437-f2b5-4c61-aaa0-858af6993f51\" class=\"block-editor-block-list__block wp-block rich-text block-editor-rich-text__editable wp-block\" tabindex=\"0\" role=\"textbox\" aria-label=\"Blocco del paragrafo\" aria-multiline=\"true\" data-block=\"29bb1437-f2b5-4c61-aaa0-858af6993f51\" data-type=\"core\/paragraph\" data-title=\"Paragrafo\">Campa R., (2019), <em>Il convivio linguistico. Riflessioni sul ruolo dell\u2019italiano nel mondo contemporaneo<\/em>, Carocci, Roma.<\/p>\n<p id=\"block-a3d0ddc9-9014-4bba-8e6b-7f6cc4fcaa32\" class=\"block-editor-block-list__block wp-block rich-text block-editor-rich-text__editable wp-block\" tabindex=\"0\" role=\"textbox\" aria-label=\"Blocco del paragrafo\" aria-multiline=\"true\" data-block=\"a3d0ddc9-9014-4bba-8e6b-7f6cc4fcaa32\" data-type=\"core\/paragraph\" data-title=\"Paragrafo\">Giglioni, G. (2010). <em>The first of the moderns or the last of the ancients? Bernardino Telesio on nature and sentience<\/em>. Bruniana &amp; campanelliana, 69-87.<\/p>\n<p id=\"block-136d1212-23fa-439c-beba-71f9d0ebcbbb\" class=\"block-editor-block-list__block wp-block rich-text block-editor-rich-text__editable wp-block\" tabindex=\"0\" role=\"textbox\" aria-label=\"Blocco del paragrafo\" aria-multiline=\"true\" data-block=\"136d1212-23fa-439c-beba-71f9d0ebcbbb\" data-type=\"core\/paragraph\" data-title=\"Paragrafo\"><em>Telesio, B<\/em>., Treccani (o.l.) (<a href=\"http:\/\/www.treccani.it\/enciclopedia\/bernardino-telesio\" target=\"_blank\" rel=\"noopener\">Visite el link<\/a> consultato il 14\/10\/2020).<\/p>\n<p id=\"block-1821ac4c-8a86-408e-a76a-334133a97c5b\" class=\"block-editor-block-list__block wp-block rich-text block-editor-rich-text__editable wp-block\" tabindex=\"0\" role=\"textbox\" aria-label=\"Blocco del paragrafo\" aria-multiline=\"true\" data-block=\"1821ac4c-8a86-408e-a76a-334133a97c5b\" data-type=\"core\/paragraph\" data-title=\"Paragrafo\">Van Deusen, N. C. (1932). <em>Telesio: the First of the Moderns<\/em>, New York, Columbia university.<\/p>\n\n<\/div>\t\t\t\t\t<\/div>\n\t\t\t\t\t\t<\/div>\n\t\t\t\t<\/div>\n\t\t\t\t\t\t<\/div>\n\t\t\t\t\t<\/div>\n\t\t<\/div>\n\t\t\t\t\t\t\t\t<\/div>\n\t\t\t\t\t<\/div>\n\t\t<\/section>\n\t\t\t\t\t\t\t\t\t<\/div>\n\t\t\t<\/div>\n\t\t\t\t\t<\/div>\n\t\t","protected":false},"excerpt":{"rendered":"<p>Nace en Pisa en 1564 y, desde muy joven, se dedica al cultivo formal de la inspiraci\u00f3n art\u00edstica hasta su matriculaci\u00f3n universitaria; sin embargo, hacia los diecis\u00e9is a\u00f1os se apasiona por los estudios de matem\u00e1ticas y de geometr\u00eda euclidiana. Los primeros tratados en lat\u00edn y en lengua vulgar son ensayos did\u00e1cticos sobre la construcci\u00f3n y [&hellip;]<\/p>\n","protected":false},"author":1,"featured_media":0,"parent":0,"menu_order":0,"comment_status":"closed","ping_status":"closed","template":"","meta":[],"yoast_head":"<!-- This site is optimized with the Yoast SEO plugin v19.6.1 - https:\/\/yoast.com\/wordpress\/plugins\/seo\/ -->\n<title>Galileo Galilei - Entradit<\/title>\n<meta name=\"robots\" content=\"index, follow, max-snippet:-1, max-image-preview:large, max-video-preview:-1\" \/>\n<link rel=\"canonical\" href=\"https:\/\/entradit.it\/es\/__trashed\/\" \/>\n<meta property=\"og:locale\" content=\"es_ES\" \/>\n<meta property=\"og:type\" content=\"article\" \/>\n<meta property=\"og:title\" content=\"Galileo Galilei - Entradit\" \/>\n<meta property=\"og:description\" content=\"Nace en Pisa en 1564 y, desde muy joven, se dedica al cultivo formal de la inspiraci\u00f3n art\u00edstica hasta su matriculaci\u00f3n universitaria; sin embargo, hacia los diecis\u00e9is a\u00f1os se apasiona por los estudios de matem\u00e1ticas y de geometr\u00eda euclidiana. Los primeros tratados en lat\u00edn y en lengua vulgar son ensayos did\u00e1cticos sobre la construcci\u00f3n y [&hellip;]\" \/>\n<meta property=\"og:url\" content=\"https:\/\/entradit.it\/es\/__trashed\/\" \/>\n<meta property=\"og:site_name\" content=\"Entradit\" \/>\n<meta property=\"article:modified_time\" content=\"2026-03-20T12:21:18+00:00\" \/>\n<meta property=\"og:image\" content=\"https:\/\/entradit.it\/wp-content\/uploads\/2026\/03\/Galileo-Galilei_common-license-806x1024.jpg\" \/>\n<meta name=\"twitter:card\" content=\"summary_large_image\" \/>\n<meta name=\"twitter:label1\" content=\"Tiempo de lectura\" \/>\n\t<meta name=\"twitter:data1\" content=\"4 minutos\" \/>\n<script type=\"application\/ld+json\" class=\"yoast-schema-graph\">{\"@context\":\"https:\/\/schema.org\",\"@graph\":[{\"@type\":\"WebPage\",\"@id\":\"https:\/\/entradit.it\/es\/__trashed\/\",\"url\":\"https:\/\/entradit.it\/es\/__trashed\/\",\"name\":\"Galileo Galilei - Entradit\",\"isPartOf\":{\"@id\":\"https:\/\/entradit.it\/es\/#website\"},\"datePublished\":\"2026-03-20T10:29:21+00:00\",\"dateModified\":\"2026-03-20T12:21:18+00:00\",\"breadcrumb\":{\"@id\":\"https:\/\/entradit.it\/es\/__trashed\/#breadcrumb\"},\"inLanguage\":\"es\",\"potentialAction\":[{\"@type\":\"ReadAction\",\"target\":[\"https:\/\/entradit.it\/es\/__trashed\/\"]}]},{\"@type\":\"BreadcrumbList\",\"@id\":\"https:\/\/entradit.it\/es\/__trashed\/#breadcrumb\",\"itemListElement\":[{\"@type\":\"ListItem\",\"position\":1,\"name\":\"Home\",\"item\":\"https:\/\/entradit.it\/es\/\"},{\"@type\":\"ListItem\",\"position\":2,\"name\":\"Galileo Galilei\"}]},{\"@type\":\"WebSite\",\"@id\":\"https:\/\/entradit.it\/es\/#website\",\"url\":\"https:\/\/entradit.it\/es\/\",\"name\":\"Entradit\",\"description\":\"L\u2019Edizione nazionale del Compendio delle traduzioni italiane nel mondo\",\"potentialAction\":[{\"@type\":\"SearchAction\",\"target\":{\"@type\":\"EntryPoint\",\"urlTemplate\":\"https:\/\/entradit.it\/es\/?s={search_term_string}\"},\"query-input\":\"required name=search_term_string\"}],\"inLanguage\":\"es\"}]}<\/script>\n<!-- \/ Yoast SEO plugin. -->","yoast_head_json":{"title":"Galileo Galilei - Entradit","robots":{"index":"index","follow":"follow","max-snippet":"max-snippet:-1","max-image-preview":"max-image-preview:large","max-video-preview":"max-video-preview:-1"},"canonical":"https:\/\/entradit.it\/es\/__trashed\/","og_locale":"es_ES","og_type":"article","og_title":"Galileo Galilei - Entradit","og_description":"Nace en Pisa en 1564 y, desde muy joven, se dedica al cultivo formal de la inspiraci\u00f3n art\u00edstica hasta su matriculaci\u00f3n universitaria; sin embargo, hacia los diecis\u00e9is a\u00f1os se apasiona por los estudios de matem\u00e1ticas y de geometr\u00eda euclidiana. Los primeros tratados en lat\u00edn y en lengua vulgar son ensayos did\u00e1cticos sobre la construcci\u00f3n y [&hellip;]","og_url":"https:\/\/entradit.it\/es\/__trashed\/","og_site_name":"Entradit","article_modified_time":"2026-03-20T12:21:18+00:00","og_image":[{"url":"https:\/\/entradit.it\/wp-content\/uploads\/2026\/03\/Galileo-Galilei_common-license-806x1024.jpg"}],"twitter_card":"summary_large_image","twitter_misc":{"Tiempo de lectura":"4 minutos"},"schema":{"@context":"https:\/\/schema.org","@graph":[{"@type":"WebPage","@id":"https:\/\/entradit.it\/es\/__trashed\/","url":"https:\/\/entradit.it\/es\/__trashed\/","name":"Galileo Galilei - Entradit","isPartOf":{"@id":"https:\/\/entradit.it\/es\/#website"},"datePublished":"2026-03-20T10:29:21+00:00","dateModified":"2026-03-20T12:21:18+00:00","breadcrumb":{"@id":"https:\/\/entradit.it\/es\/__trashed\/#breadcrumb"},"inLanguage":"es","potentialAction":[{"@type":"ReadAction","target":["https:\/\/entradit.it\/es\/__trashed\/"]}]},{"@type":"BreadcrumbList","@id":"https:\/\/entradit.it\/es\/__trashed\/#breadcrumb","itemListElement":[{"@type":"ListItem","position":1,"name":"Home","item":"https:\/\/entradit.it\/es\/"},{"@type":"ListItem","position":2,"name":"Galileo Galilei"}]},{"@type":"WebSite","@id":"https:\/\/entradit.it\/es\/#website","url":"https:\/\/entradit.it\/es\/","name":"Entradit","description":"L\u2019Edizione nazionale del Compendio delle traduzioni italiane nel mondo","potentialAction":[{"@type":"SearchAction","target":{"@type":"EntryPoint","urlTemplate":"https:\/\/entradit.it\/es\/?s={search_term_string}"},"query-input":"required name=search_term_string"}],"inLanguage":"es"}]}},"_links":{"self":[{"href":"https:\/\/entradit.it\/es\/wp-json\/wp\/v2\/pages\/6340"}],"collection":[{"href":"https:\/\/entradit.it\/es\/wp-json\/wp\/v2\/pages"}],"about":[{"href":"https:\/\/entradit.it\/es\/wp-json\/wp\/v2\/types\/page"}],"author":[{"embeddable":true,"href":"https:\/\/entradit.it\/es\/wp-json\/wp\/v2\/users\/1"}],"replies":[{"embeddable":true,"href":"https:\/\/entradit.it\/es\/wp-json\/wp\/v2\/comments?post=6340"}],"version-history":[{"count":5,"href":"https:\/\/entradit.it\/es\/wp-json\/wp\/v2\/pages\/6340\/revisions"}],"predecessor-version":[{"id":6491,"href":"https:\/\/entradit.it\/es\/wp-json\/wp\/v2\/pages\/6340\/revisions\/6491"}],"wp:attachment":[{"href":"https:\/\/entradit.it\/es\/wp-json\/wp\/v2\/media?parent=6340"}],"curies":[{"name":"wp","href":"https:\/\/api.w.org\/{rel}","templated":true}]}}