{"id":6369,"date":"2026-03-20T11:25:16","date_gmt":"2026-03-20T10:25:16","guid":{"rendered":"https:\/\/entradit.it\/?page_id=6369"},"modified":"2026-03-20T14:01:22","modified_gmt":"2026-03-20T13:01:22","slug":"niccolo-machiavelli","status":"publish","type":"page","link":"https:\/\/entradit.it\/es\/niccolo-machiavelli\/","title":{"rendered":"Niccol\u00f2 Machiavelli"},"content":{"rendered":"\t\t<div data-elementor-type=\"wp-page\" data-elementor-id=\"6369\" class=\"elementor elementor-6369 elementor-6365\">\n\t\t\t\t\t\t<div class=\"elementor-inner\">\n\t\t\t\t<div class=\"elementor-section-wrap\">\n\t\t\t\t\t\t\t\t\t<section class=\"elementor-section elementor-top-section elementor-element elementor-element-793f87a elementor-section-boxed elementor-section-height-default elementor-section-height-default qodef-elementor-content-no\" data-id=\"793f87a\" data-element_type=\"section\">\n\t\t\t\t\t\t<div class=\"elementor-container elementor-column-gap-default\">\n\t\t\t\t\t\t\t<div class=\"elementor-row\">\n\t\t\t\t\t<div class=\"elementor-column elementor-col-100 elementor-top-column elementor-element elementor-element-8fdf58c\" data-id=\"8fdf58c\" data-element_type=\"column\">\n\t\t\t<div class=\"elementor-column-wrap elementor-element-populated\">\n\t\t\t\t\t\t\t<div class=\"elementor-widget-wrap\">\n\t\t\t\t\t\t<div class=\"elementor-element elementor-element-093df6d elementor-widget elementor-widget-image\" data-id=\"093df6d\" data-element_type=\"widget\" data-widget_type=\"image.default\">\n\t\t\t\t<div class=\"elementor-widget-container\">\n\t\t\t\t\t\t\t\t<div class=\"elementor-image\">\n\t\t\t\t\t\t\t\t\t\t\t\t<img width=\"1024\" height=\"512\" src=\"https:\/\/entradit.it\/wp-content\/uploads\/2026\/03\/Niccolo-Machiavelli_Lorenzo-Bartolini_Uffizi-1024x512.jpg\" class=\"attachment-large size-large\" alt=\"\" loading=\"lazy\" srcset=\"https:\/\/entradit.it\/wp-content\/uploads\/2026\/03\/Niccolo-Machiavelli_Lorenzo-Bartolini_Uffizi-1024x512.jpg 1024w, https:\/\/entradit.it\/wp-content\/uploads\/2026\/03\/Niccolo-Machiavelli_Lorenzo-Bartolini_Uffizi-300x150.jpg 300w, https:\/\/entradit.it\/wp-content\/uploads\/2026\/03\/Niccolo-Machiavelli_Lorenzo-Bartolini_Uffizi-768x384.jpg 768w, https:\/\/entradit.it\/wp-content\/uploads\/2026\/03\/Niccolo-Machiavelli_Lorenzo-Bartolini_Uffizi-1536x768.jpg 1536w, https:\/\/entradit.it\/wp-content\/uploads\/2026\/03\/Niccolo-Machiavelli_Lorenzo-Bartolini_Uffizi-2048x1024.jpg 2048w, https:\/\/entradit.it\/wp-content\/uploads\/2026\/03\/Niccolo-Machiavelli_Lorenzo-Bartolini_Uffizi-1300x650.jpg 1300w\" sizes=\"(max-width: 1024px) 100vw, 1024px\" \/>\t\t\t\t\t\t\t\t\t\t\t\t\t\t<\/div>\n\t\t\t\t\t\t<\/div>\n\t\t\t\t<\/div>\n\t\t\t\t<div class=\"elementor-element elementor-element-edd8f43 elementor-widget elementor-widget-text-editor\" data-id=\"edd8f43\" data-element_type=\"widget\" data-widget_type=\"text-editor.default\">\n\t\t\t\t<div class=\"elementor-widget-container\">\n\t\t\t\t\t\t\t\t<div class=\"elementor-text-editor elementor-clearfix\">\n\t\t\t\t<div class=\"block-editor-block-list__layout is-root-container\"><p>Nace en Florencia en 1469 y, desde muy joven, se dedica al estudio de las matem\u00e1ticas y de las materias human\u00edsticas, la gram\u00e1tica y en particular el lat\u00edn, que le dar\u00e1 acceso a lecturas de historiograf\u00eda y filosof\u00eda de autores como Lucrecio, Terencio, Livio y Justino, como testimonia su padre Bernardo Machiavelli (Bernardo di Niccol\u00f2 di Buoninsegna) en su propio <i>Libro dei ricordi<\/i>, aunque en forma de registro econ\u00f3mico para el pago de los preceptores y la compra de libros. La cultura matem\u00e1tica, pero sobre todo filos\u00f3fica, hist\u00f3rica y militar, aunque madurada en los libros, le ser\u00e1 \u00fatil para obtener y desempe\u00f1ar los cargos republicanos, primero como secretario de la Segunda Canciller\u00eda, luego como secretario de los Diez \u2014magistratura encargada de la guerra y de la seguridad\u2014 y finalmente como \u201cmandatario\u201d de la Rep\u00fablica de Florencia ante las cortes italianas y extranjeras, cargos que le fueron asignados tras la muerte y ca\u00edda de Savonarola, ya combatido por Machiavelli cuando a\u00fan viv\u00eda.<\/p><p>La experiencia en las cortes italianas le lleva a ser testigo directo, entre Emilia y Roma, de las capacidades y de la astucia de Cesare Borgia, llamado el \u201cValentino\u201d, cualidades que describir\u00e1 detalladamente como propias de un buen pr\u00edncipe en la obra hom\u00f3nima de 1513 (ca.), escrita en gran parte durante la inactividad forzada y el confinamiento en el Albergaccio (San Casciano Val di Pesa) tras la ca\u00edda de la Rep\u00fablica en 1512, y ofrecida como intento de <i>captatio benevolentiae<\/i> a Lorenzo di Piero de\u2019 Medici, duque de Urbino restaurado en Florencia, quien probablemente nunca la leer\u00e1.<\/p>C\u00f3mplice tambi\u00e9n de una ya amplia documentaci\u00f3n sobre los \u00e9xitos de traducci\u00f3n de <i>El Pr\u00edncipe<\/i>, nuestro inter\u00e9s principal se dirige a las obras en lengua vulgar compuestas despu\u00e9s de 1516, en el \u00faltimo per\u00edodo de la vida de Machiavelli, pasado en estrecho contacto con Cosimo Rucellai y Zanobi Buondelmonti \u2014a quienes se debe la redacci\u00f3n de los <i>Discursos sobre la primera d\u00e9cada de Tito Livio<\/i> y que figuran entre los principales interlocutores de <i>Del arte de la guerra<\/i> o <i>De re militari<\/i>\u2014 y otros j\u00f3venes intelectuales, en su mayor\u00eda republicanos, que se reun\u00edan en torno a los Orti Oricellari de Florencia, entre los cuales se encontraba Lorenzo di Filippo Strozzi, bien considerado por los Medici de Florencia. A su amistad se debe el acercamiento de Machiavelli a la dramaturgia, componiendo en aquellos a\u00f1os <i>La Mandr\u00e1gora<\/i>, que fue representada primero en Florencia y despu\u00e9s en Roma, por voluntad del cardenal Giulio de\u2019 Medici, a quien se dedicar\u00e1n, durante su pontificado bajo el nombre de Clemente VII, las <i>Historias florentinas<\/i>, reci\u00e9n concluidas y compiladas en el Albergaccio bajo una modesta paga precisamente de la familia Medici.<\/div>\t\t\t\t\t<\/div>\n\t\t\t\t\t\t<\/div>\n\t\t\t\t<\/div>\n\t\t\t\t<div class=\"elementor-element elementor-element-38cfa0c elementor-widget elementor-widget-olema_core_separator\" data-id=\"38cfa0c\" data-element_type=\"widget\" data-widget_type=\"olema_core_separator.default\">\n\t\t\t\t<div class=\"elementor-widget-container\">\n\t\t\t<div class=\"qodef-shortcode qodef-m  qodef-separator clear \">\n\t<div class=\"qodef-m-line\" ><\/div>\n<\/div>\t\t<\/div>\n\t\t\t\t<\/div>\n\t\t\t\t<section class=\"elementor-section elementor-inner-section elementor-element elementor-element-53ae471 elementor-section-boxed elementor-section-height-default elementor-section-height-default qodef-elementor-content-no\" data-id=\"53ae471\" data-element_type=\"section\">\n\t\t\t\t\t\t<div class=\"elementor-container elementor-column-gap-default\">\n\t\t\t\t\t\t\t<div class=\"elementor-row\">\n\t\t\t\t\t<div class=\"elementor-column elementor-col-50 elementor-inner-column elementor-element elementor-element-ba0517e\" data-id=\"ba0517e\" data-element_type=\"column\">\n\t\t\t<div class=\"elementor-column-wrap elementor-element-populated\">\n\t\t\t\t\t\t\t<div class=\"elementor-widget-wrap\">\n\t\t\t\t\t\t<div class=\"elementor-element elementor-element-4cc6020 elementor-widget elementor-widget-olema_core_section_title\" data-id=\"4cc6020\" data-element_type=\"widget\" data-widget_type=\"olema_core_section_title.default\">\n\t\t\t\t<div class=\"elementor-widget-container\">\n\t\t\t<div class=\"qodef-shortcode qodef-m  qodef-section-title qodef-alignment--left  qodef--has-appear\"  style=\"max-width: unset\">\n\t\t\t<h2 class=\"qodef-m-title\" >\n\t\t\t\t\tDistribuzione delle traduzioni di \"Dell'arte della guerra\" nel mondo\t\t\t<\/h2>\n\t<\/div>\t\t<\/div>\n\t\t\t\t<\/div>\n\t\t\t\t\t\t<\/div>\n\t\t\t\t\t<\/div>\n\t\t<\/div>\n\t\t\t\t<div class=\"elementor-column elementor-col-50 elementor-inner-column elementor-element elementor-element-ca6ed24\" data-id=\"ca6ed24\" data-element_type=\"column\">\n\t\t\t<div class=\"elementor-column-wrap elementor-element-populated\">\n\t\t\t\t\t\t\t<div class=\"elementor-widget-wrap\">\n\t\t\t\t\t\t<div class=\"elementor-element elementor-element-5e3d548 elementor-widget elementor-widget-image\" data-id=\"5e3d548\" data-element_type=\"widget\" data-widget_type=\"image.default\">\n\t\t\t\t<div class=\"elementor-widget-container\">\n\t\t\t\t\t\t\t\t<div class=\"elementor-image\">\n\t\t\t\t\t\t\t\t\t\t\t\t\t<a href=\"https:\/\/docs.google.com\/spreadsheets\/d\/1q1iIixJv4figiP_B-jDfifZYW5JpzDr8IXGbUbObupw\/edit#gid=1612953718\" target=\"_blank\">\n\t\t\t\t\t\t\t<img width=\"600\" height=\"371\" src=\"https:\/\/entradit.it\/wp-content\/uploads\/2026\/03\/Dellarte-della-guerra_numero-edizioni.png\" class=\"attachment-large size-large\" alt=\"\" loading=\"lazy\" srcset=\"https:\/\/entradit.it\/wp-content\/uploads\/2026\/03\/Dellarte-della-guerra_numero-edizioni.png 600w, https:\/\/entradit.it\/wp-content\/uploads\/2026\/03\/Dellarte-della-guerra_numero-edizioni-300x186.png 300w\" sizes=\"(max-width: 600px) 100vw, 600px\" \/>\t\t\t\t\t\t\t\t<\/a>\n\t\t\t\t\t\t\t\t\t\t\t\t\t\t<\/div>\n\t\t\t\t\t\t<\/div>\n\t\t\t\t<\/div>\n\t\t\t\t\t\t<\/div>\n\t\t\t\t\t<\/div>\n\t\t<\/div>\n\t\t\t\t\t\t\t\t<\/div>\n\t\t\t\t\t<\/div>\n\t\t<\/section>\n\t\t\t\t<div class=\"elementor-element elementor-element-a4d8999 elementor-widget elementor-widget-spacer\" data-id=\"a4d8999\" data-element_type=\"widget\" data-widget_type=\"spacer.default\">\n\t\t\t\t<div class=\"elementor-widget-container\">\n\t\t\t\t\t<div class=\"elementor-spacer\">\n\t\t\t<div class=\"elementor-spacer-inner\"><\/div>\n\t\t<\/div>\n\t\t\t\t<\/div>\n\t\t\t\t<\/div>\n\t\t\t\t<section class=\"elementor-section elementor-inner-section elementor-element elementor-element-0e9a4f5 elementor-section-boxed elementor-section-height-default elementor-section-height-default qodef-elementor-content-no\" data-id=\"0e9a4f5\" data-element_type=\"section\">\n\t\t\t\t\t\t<div class=\"elementor-container elementor-column-gap-default\">\n\t\t\t\t\t\t\t<div class=\"elementor-row\">\n\t\t\t\t\t<div class=\"elementor-column elementor-col-50 elementor-inner-column elementor-element elementor-element-3658834\" data-id=\"3658834\" data-element_type=\"column\">\n\t\t\t<div class=\"elementor-column-wrap elementor-element-populated\">\n\t\t\t\t\t\t\t<div class=\"elementor-widget-wrap\">\n\t\t\t\t\t\t<div class=\"elementor-element elementor-element-d0e3a18 elementor-widget elementor-widget-olema_core_section_title\" data-id=\"d0e3a18\" data-element_type=\"widget\" data-widget_type=\"olema_core_section_title.default\">\n\t\t\t\t<div class=\"elementor-widget-container\">\n\t\t\t<div class=\"qodef-shortcode qodef-m  qodef-section-title qodef-alignment--left  qodef--has-appear\"  style=\"max-width: unset\">\n\t\t\t<h2 class=\"qodef-m-title\" >\n\t\t\t\t\tDistribuzione delle traduzioni di \"Discorsi sopra la prima deca\" nel mondo\t\t\t<\/h2>\n\t<\/div>\t\t<\/div>\n\t\t\t\t<\/div>\n\t\t\t\t\t\t<\/div>\n\t\t\t\t\t<\/div>\n\t\t<\/div>\n\t\t\t\t<div class=\"elementor-column elementor-col-50 elementor-inner-column elementor-element elementor-element-5723e12\" data-id=\"5723e12\" data-element_type=\"column\">\n\t\t\t<div class=\"elementor-column-wrap elementor-element-populated\">\n\t\t\t\t\t\t\t<div class=\"elementor-widget-wrap\">\n\t\t\t\t\t\t<div class=\"elementor-element elementor-element-5a08626 elementor-widget elementor-widget-image\" data-id=\"5a08626\" data-element_type=\"widget\" data-widget_type=\"image.default\">\n\t\t\t\t<div class=\"elementor-widget-container\">\n\t\t\t\t\t\t\t\t<div class=\"elementor-image\">\n\t\t\t\t\t\t\t\t\t\t\t\t\t<a href=\"https:\/\/docs.google.com\/spreadsheets\/d\/1q1iIixJv4figiP_B-jDfifZYW5JpzDr8IXGbUbObupw\/edit#gid=1612953718\" target=\"_blank\">\n\t\t\t\t\t\t\t<img width=\"600\" height=\"371\" src=\"https:\/\/entradit.it\/wp-content\/uploads\/2026\/03\/Discorsi-sopra-la-prima-deca_numero-edizioni.png\" class=\"attachment-large size-large\" alt=\"\" loading=\"lazy\" srcset=\"https:\/\/entradit.it\/wp-content\/uploads\/2026\/03\/Discorsi-sopra-la-prima-deca_numero-edizioni.png 600w, https:\/\/entradit.it\/wp-content\/uploads\/2026\/03\/Discorsi-sopra-la-prima-deca_numero-edizioni-300x186.png 300w\" sizes=\"(max-width: 600px) 100vw, 600px\" \/>\t\t\t\t\t\t\t\t<\/a>\n\t\t\t\t\t\t\t\t\t\t\t\t\t\t<\/div>\n\t\t\t\t\t\t<\/div>\n\t\t\t\t<\/div>\n\t\t\t\t\t\t<\/div>\n\t\t\t\t\t<\/div>\n\t\t<\/div>\n\t\t\t\t\t\t\t\t<\/div>\n\t\t\t\t\t<\/div>\n\t\t<\/section>\n\t\t\t\t<div class=\"elementor-element elementor-element-a6c4a50 elementor-widget elementor-widget-spacer\" data-id=\"a6c4a50\" data-element_type=\"widget\" data-widget_type=\"spacer.default\">\n\t\t\t\t<div class=\"elementor-widget-container\">\n\t\t\t\t\t<div class=\"elementor-spacer\">\n\t\t\t<div class=\"elementor-spacer-inner\"><\/div>\n\t\t<\/div>\n\t\t\t\t<\/div>\n\t\t\t\t<\/div>\n\t\t\t\t<section class=\"elementor-section elementor-inner-section elementor-element elementor-element-9b92a70 elementor-section-boxed elementor-section-height-default elementor-section-height-default qodef-elementor-content-no\" data-id=\"9b92a70\" data-element_type=\"section\">\n\t\t\t\t\t\t<div class=\"elementor-container elementor-column-gap-default\">\n\t\t\t\t\t\t\t<div class=\"elementor-row\">\n\t\t\t\t\t<div class=\"elementor-column elementor-col-50 elementor-inner-column elementor-element elementor-element-9791133\" data-id=\"9791133\" data-element_type=\"column\">\n\t\t\t<div class=\"elementor-column-wrap elementor-element-populated\">\n\t\t\t\t\t\t\t<div class=\"elementor-widget-wrap\">\n\t\t\t\t\t\t<div class=\"elementor-element elementor-element-84463bb elementor-widget elementor-widget-olema_core_section_title\" data-id=\"84463bb\" data-element_type=\"widget\" data-widget_type=\"olema_core_section_title.default\">\n\t\t\t\t<div class=\"elementor-widget-container\">\n\t\t\t<div class=\"qodef-shortcode qodef-m  qodef-section-title qodef-alignment--left  qodef--has-appear\"  style=\"max-width: unset\">\n\t\t\t<h2 class=\"qodef-m-title\" >\n\t\t\t\t\tDistribuzione delle traduzioni di \"Istorie Fiorentine\" nel mondo\t\t\t<\/h2>\n\t<\/div>\t\t<\/div>\n\t\t\t\t<\/div>\n\t\t\t\t\t\t<\/div>\n\t\t\t\t\t<\/div>\n\t\t<\/div>\n\t\t\t\t<div class=\"elementor-column elementor-col-50 elementor-inner-column elementor-element elementor-element-4d94400\" data-id=\"4d94400\" data-element_type=\"column\">\n\t\t\t<div class=\"elementor-column-wrap elementor-element-populated\">\n\t\t\t\t\t\t\t<div class=\"elementor-widget-wrap\">\n\t\t\t\t\t\t<div class=\"elementor-element elementor-element-e6cbaca elementor-widget elementor-widget-image\" data-id=\"e6cbaca\" data-element_type=\"widget\" data-widget_type=\"image.default\">\n\t\t\t\t<div class=\"elementor-widget-container\">\n\t\t\t\t\t\t\t\t<div class=\"elementor-image\">\n\t\t\t\t\t\t\t\t\t\t\t\t\t<a href=\"https:\/\/docs.google.com\/spreadsheets\/d\/1q1iIixJv4figiP_B-jDfifZYW5JpzDr8IXGbUbObupw\/edit#gid=1612953718\" target=\"_blank\">\n\t\t\t\t\t\t\t<img width=\"600\" height=\"371\" src=\"https:\/\/entradit.it\/wp-content\/uploads\/2026\/03\/Istorie-Fiorentine_numero-edizioni.png\" class=\"attachment-large size-large\" alt=\"\" loading=\"lazy\" srcset=\"https:\/\/entradit.it\/wp-content\/uploads\/2026\/03\/Istorie-Fiorentine_numero-edizioni.png 600w, https:\/\/entradit.it\/wp-content\/uploads\/2026\/03\/Istorie-Fiorentine_numero-edizioni-300x186.png 300w\" sizes=\"(max-width: 600px) 100vw, 600px\" \/>\t\t\t\t\t\t\t\t<\/a>\n\t\t\t\t\t\t\t\t\t\t\t\t\t\t<\/div>\n\t\t\t\t\t\t<\/div>\n\t\t\t\t<\/div>\n\t\t\t\t\t\t<\/div>\n\t\t\t\t\t<\/div>\n\t\t<\/div>\n\t\t\t\t\t\t\t\t<\/div>\n\t\t\t\t\t<\/div>\n\t\t<\/section>\n\t\t\t\t<div class=\"elementor-element elementor-element-61da216 elementor-widget elementor-widget-spacer\" data-id=\"61da216\" data-element_type=\"widget\" data-widget_type=\"spacer.default\">\n\t\t\t\t<div class=\"elementor-widget-container\">\n\t\t\t\t\t<div class=\"elementor-spacer\">\n\t\t\t<div class=\"elementor-spacer-inner\"><\/div>\n\t\t<\/div>\n\t\t\t\t<\/div>\n\t\t\t\t<\/div>\n\t\t\t\t<section class=\"elementor-section elementor-inner-section elementor-element elementor-element-cbd4e56 elementor-section-boxed elementor-section-height-default elementor-section-height-default qodef-elementor-content-no\" data-id=\"cbd4e56\" data-element_type=\"section\">\n\t\t\t\t\t\t<div class=\"elementor-container elementor-column-gap-default\">\n\t\t\t\t\t\t\t<div class=\"elementor-row\">\n\t\t\t\t\t<div class=\"elementor-column elementor-col-50 elementor-inner-column elementor-element elementor-element-82ba5a5\" data-id=\"82ba5a5\" data-element_type=\"column\">\n\t\t\t<div class=\"elementor-column-wrap elementor-element-populated\">\n\t\t\t\t\t\t\t<div class=\"elementor-widget-wrap\">\n\t\t\t\t\t\t<div class=\"elementor-element elementor-element-09d9f0c elementor-widget elementor-widget-olema_core_section_title\" data-id=\"09d9f0c\" data-element_type=\"widget\" data-widget_type=\"olema_core_section_title.default\">\n\t\t\t\t<div class=\"elementor-widget-container\">\n\t\t\t<div class=\"qodef-shortcode qodef-m  qodef-section-title qodef-alignment--left  qodef--has-appear\"  style=\"max-width: unset\">\n\t\t\t<h2 class=\"qodef-m-title\" >\n\t\t\t\t\tDistribuzione delle traduzioni di \"La mandragola\" nel mondo\t\t\t<\/h2>\n\t<\/div>\t\t<\/div>\n\t\t\t\t<\/div>\n\t\t\t\t\t\t<\/div>\n\t\t\t\t\t<\/div>\n\t\t<\/div>\n\t\t\t\t<div class=\"elementor-column elementor-col-50 elementor-inner-column elementor-element elementor-element-6ab6f03\" data-id=\"6ab6f03\" data-element_type=\"column\">\n\t\t\t<div class=\"elementor-column-wrap elementor-element-populated\">\n\t\t\t\t\t\t\t<div class=\"elementor-widget-wrap\">\n\t\t\t\t\t\t<div class=\"elementor-element elementor-element-3e04286 elementor-widget elementor-widget-image\" data-id=\"3e04286\" data-element_type=\"widget\" data-widget_type=\"image.default\">\n\t\t\t\t<div class=\"elementor-widget-container\">\n\t\t\t\t\t\t\t\t<div class=\"elementor-image\">\n\t\t\t\t\t\t\t\t\t\t\t\t\t<a href=\"https:\/\/docs.google.com\/spreadsheets\/d\/1q1iIixJv4figiP_B-jDfifZYW5JpzDr8IXGbUbObupw\/edit#gid=1612953718\" target=\"_blank\">\n\t\t\t\t\t\t\t<img width=\"600\" height=\"371\" src=\"https:\/\/entradit.it\/wp-content\/uploads\/2026\/03\/La-mandragola_numero-edizioni.png\" class=\"attachment-large size-large\" alt=\"\" loading=\"lazy\" srcset=\"https:\/\/entradit.it\/wp-content\/uploads\/2026\/03\/La-mandragola_numero-edizioni.png 600w, https:\/\/entradit.it\/wp-content\/uploads\/2026\/03\/La-mandragola_numero-edizioni-300x186.png 300w\" sizes=\"(max-width: 600px) 100vw, 600px\" \/>\t\t\t\t\t\t\t\t<\/a>\n\t\t\t\t\t\t\t\t\t\t\t\t\t\t<\/div>\n\t\t\t\t\t\t<\/div>\n\t\t\t\t<\/div>\n\t\t\t\t\t\t<\/div>\n\t\t\t\t\t<\/div>\n\t\t<\/div>\n\t\t\t\t\t\t\t\t<\/div>\n\t\t\t\t\t<\/div>\n\t\t<\/section>\n\t\t\t\t<div class=\"elementor-element elementor-element-2f2e23f elementor-widget elementor-widget-olema_core_separator\" data-id=\"2f2e23f\" data-element_type=\"widget\" data-widget_type=\"olema_core_separator.default\">\n\t\t\t\t<div class=\"elementor-widget-container\">\n\t\t\t<div class=\"qodef-shortcode qodef-m  qodef-separator clear \">\n\t<div class=\"qodef-m-line\" ><\/div>\n<\/div>\t\t<\/div>\n\t\t\t\t<\/div>\n\t\t\t\t<div class=\"elementor-element elementor-element-39e3945 elementor-widget elementor-widget-olema_core_section_title\" data-id=\"39e3945\" data-element_type=\"widget\" data-widget_type=\"olema_core_section_title.default\">\n\t\t\t\t<div class=\"elementor-widget-container\">\n\t\t\t<div class=\"qodef-shortcode qodef-m  qodef-section-title qodef-alignment--left  qodef--has-appear\"  style=\"max-width: unset\">\n\t\t\t<h2 class=\"qodef-m-title\" >\n\t\t\t\t\tBibliogr\u00e1ficos\t\t\t<\/h2>\n\t<\/div>\t\t<\/div>\n\t\t\t\t<\/div>\n\t\t\t\t<div class=\"elementor-element elementor-element-91aa3d8 elementor-widget elementor-widget-text-editor\" data-id=\"91aa3d8\" data-element_type=\"widget\" data-widget_type=\"text-editor.default\">\n\t\t\t\t<div class=\"elementor-widget-container\">\n\t\t\t\t\t\t\t\t<div class=\"elementor-text-editor elementor-clearfix\">\n\t\t\t\t<p><a href=\"https:\/\/www.treccani.it\/enciclopedia\/niccolo-machiavelli\/\">Machiavelli<\/a>, Niccol\u00f2, Enciclopedia Treccani<\/p><p>[1] Bernardo Machiavelli, Libro dei ricordi, a cura di Cesare Olschki, Firenze, Le Monnier, 1954.<\/p>\t\t\t\t\t<\/div>\n\t\t\t\t\t\t<\/div>\n\t\t\t\t<\/div>\n\t\t\t\t\t\t<\/div>\n\t\t\t\t\t<\/div>\n\t\t<\/div>\n\t\t\t\t\t\t\t\t<\/div>\n\t\t\t\t\t<\/div>\n\t\t<\/section>\n\t\t\t\t\t\t\t\t\t<\/div>\n\t\t\t<\/div>\n\t\t\t\t\t<\/div>\n\t\t","protected":false},"excerpt":{"rendered":"<p>Nace en Florencia en 1469 y, desde muy joven, se dedica al estudio de las matem\u00e1ticas y de las materias human\u00edsticas, la gram\u00e1tica y en particular el lat\u00edn, que le dar\u00e1 acceso a lecturas de historiograf\u00eda y filosof\u00eda de autores como Lucrecio, Terencio, Livio y Justino, como testimonia su padre Bernardo Machiavelli (Bernardo di Niccol\u00f2 [&hellip;]<\/p>\n","protected":false},"author":1,"featured_media":0,"parent":0,"menu_order":0,"comment_status":"closed","ping_status":"closed","template":"","meta":[],"yoast_head":"<!-- This site is optimized with the Yoast SEO plugin v19.6.1 - https:\/\/yoast.com\/wordpress\/plugins\/seo\/ -->\n<title>Niccol\u00f2 Machiavelli - Entradit<\/title>\n<meta name=\"robots\" content=\"index, follow, max-snippet:-1, max-image-preview:large, max-video-preview:-1\" \/>\n<link rel=\"canonical\" href=\"https:\/\/entradit.it\/es\/niccolo-machiavelli\/\" \/>\n<meta property=\"og:locale\" content=\"es_ES\" \/>\n<meta property=\"og:type\" content=\"article\" \/>\n<meta property=\"og:title\" content=\"Niccol\u00f2 Machiavelli - Entradit\" \/>\n<meta property=\"og:description\" content=\"Nace en Florencia en 1469 y, desde muy joven, se dedica al estudio de las matem\u00e1ticas y de las materias human\u00edsticas, la gram\u00e1tica y en particular el lat\u00edn, que le dar\u00e1 acceso a lecturas de historiograf\u00eda y filosof\u00eda de autores como Lucrecio, Terencio, Livio y Justino, como testimonia su padre Bernardo Machiavelli (Bernardo di Niccol\u00f2 [&hellip;]\" \/>\n<meta property=\"og:url\" content=\"https:\/\/entradit.it\/es\/niccolo-machiavelli\/\" \/>\n<meta property=\"og:site_name\" content=\"Entradit\" \/>\n<meta property=\"article:modified_time\" content=\"2026-03-20T13:01:22+00:00\" \/>\n<meta property=\"og:image\" content=\"https:\/\/entradit.it\/wp-content\/uploads\/2026\/03\/Niccolo-Machiavelli_Lorenzo-Bartolini_Uffizi-1024x512.jpg\" \/>\n<meta name=\"twitter:card\" content=\"summary_large_image\" \/>\n<meta name=\"twitter:label1\" content=\"Tiempo de lectura\" \/>\n\t<meta name=\"twitter:data1\" content=\"4 minutos\" \/>\n<script type=\"application\/ld+json\" class=\"yoast-schema-graph\">{\"@context\":\"https:\/\/schema.org\",\"@graph\":[{\"@type\":\"WebPage\",\"@id\":\"https:\/\/entradit.it\/es\/niccolo-machiavelli\/\",\"url\":\"https:\/\/entradit.it\/es\/niccolo-machiavelli\/\",\"name\":\"Niccol\u00f2 Machiavelli - Entradit\",\"isPartOf\":{\"@id\":\"https:\/\/entradit.it\/es\/#website\"},\"datePublished\":\"2026-03-20T10:25:16+00:00\",\"dateModified\":\"2026-03-20T13:01:22+00:00\",\"breadcrumb\":{\"@id\":\"https:\/\/entradit.it\/es\/niccolo-machiavelli\/#breadcrumb\"},\"inLanguage\":\"es\",\"potentialAction\":[{\"@type\":\"ReadAction\",\"target\":[\"https:\/\/entradit.it\/es\/niccolo-machiavelli\/\"]}]},{\"@type\":\"BreadcrumbList\",\"@id\":\"https:\/\/entradit.it\/es\/niccolo-machiavelli\/#breadcrumb\",\"itemListElement\":[{\"@type\":\"ListItem\",\"position\":1,\"name\":\"Home\",\"item\":\"https:\/\/entradit.it\/es\/\"},{\"@type\":\"ListItem\",\"position\":2,\"name\":\"Niccol\u00f2 Machiavelli\"}]},{\"@type\":\"WebSite\",\"@id\":\"https:\/\/entradit.it\/es\/#website\",\"url\":\"https:\/\/entradit.it\/es\/\",\"name\":\"Entradit\",\"description\":\"L\u2019Edizione nazionale del Compendio delle traduzioni italiane nel mondo\",\"potentialAction\":[{\"@type\":\"SearchAction\",\"target\":{\"@type\":\"EntryPoint\",\"urlTemplate\":\"https:\/\/entradit.it\/es\/?s={search_term_string}\"},\"query-input\":\"required name=search_term_string\"}],\"inLanguage\":\"es\"}]}<\/script>\n<!-- \/ Yoast SEO plugin. -->","yoast_head_json":{"title":"Niccol\u00f2 Machiavelli - Entradit","robots":{"index":"index","follow":"follow","max-snippet":"max-snippet:-1","max-image-preview":"max-image-preview:large","max-video-preview":"max-video-preview:-1"},"canonical":"https:\/\/entradit.it\/es\/niccolo-machiavelli\/","og_locale":"es_ES","og_type":"article","og_title":"Niccol\u00f2 Machiavelli - Entradit","og_description":"Nace en Florencia en 1469 y, desde muy joven, se dedica al estudio de las matem\u00e1ticas y de las materias human\u00edsticas, la gram\u00e1tica y en particular el lat\u00edn, que le dar\u00e1 acceso a lecturas de historiograf\u00eda y filosof\u00eda de autores como Lucrecio, Terencio, Livio y Justino, como testimonia su padre Bernardo Machiavelli (Bernardo di Niccol\u00f2 [&hellip;]","og_url":"https:\/\/entradit.it\/es\/niccolo-machiavelli\/","og_site_name":"Entradit","article_modified_time":"2026-03-20T13:01:22+00:00","og_image":[{"url":"https:\/\/entradit.it\/wp-content\/uploads\/2026\/03\/Niccolo-Machiavelli_Lorenzo-Bartolini_Uffizi-1024x512.jpg"}],"twitter_card":"summary_large_image","twitter_misc":{"Tiempo de lectura":"4 minutos"},"schema":{"@context":"https:\/\/schema.org","@graph":[{"@type":"WebPage","@id":"https:\/\/entradit.it\/es\/niccolo-machiavelli\/","url":"https:\/\/entradit.it\/es\/niccolo-machiavelli\/","name":"Niccol\u00f2 Machiavelli - Entradit","isPartOf":{"@id":"https:\/\/entradit.it\/es\/#website"},"datePublished":"2026-03-20T10:25:16+00:00","dateModified":"2026-03-20T13:01:22+00:00","breadcrumb":{"@id":"https:\/\/entradit.it\/es\/niccolo-machiavelli\/#breadcrumb"},"inLanguage":"es","potentialAction":[{"@type":"ReadAction","target":["https:\/\/entradit.it\/es\/niccolo-machiavelli\/"]}]},{"@type":"BreadcrumbList","@id":"https:\/\/entradit.it\/es\/niccolo-machiavelli\/#breadcrumb","itemListElement":[{"@type":"ListItem","position":1,"name":"Home","item":"https:\/\/entradit.it\/es\/"},{"@type":"ListItem","position":2,"name":"Niccol\u00f2 Machiavelli"}]},{"@type":"WebSite","@id":"https:\/\/entradit.it\/es\/#website","url":"https:\/\/entradit.it\/es\/","name":"Entradit","description":"L\u2019Edizione nazionale del Compendio delle traduzioni italiane nel mondo","potentialAction":[{"@type":"SearchAction","target":{"@type":"EntryPoint","urlTemplate":"https:\/\/entradit.it\/es\/?s={search_term_string}"},"query-input":"required name=search_term_string"}],"inLanguage":"es"}]}},"_links":{"self":[{"href":"https:\/\/entradit.it\/es\/wp-json\/wp\/v2\/pages\/6369"}],"collection":[{"href":"https:\/\/entradit.it\/es\/wp-json\/wp\/v2\/pages"}],"about":[{"href":"https:\/\/entradit.it\/es\/wp-json\/wp\/v2\/types\/page"}],"author":[{"embeddable":true,"href":"https:\/\/entradit.it\/es\/wp-json\/wp\/v2\/users\/1"}],"replies":[{"embeddable":true,"href":"https:\/\/entradit.it\/es\/wp-json\/wp\/v2\/comments?post=6369"}],"version-history":[{"count":7,"href":"https:\/\/entradit.it\/es\/wp-json\/wp\/v2\/pages\/6369\/revisions"}],"predecessor-version":[{"id":6516,"href":"https:\/\/entradit.it\/es\/wp-json\/wp\/v2\/pages\/6369\/revisions\/6516"}],"wp:attachment":[{"href":"https:\/\/entradit.it\/es\/wp-json\/wp\/v2\/media?parent=6369"}],"curies":[{"name":"wp","href":"https:\/\/api.w.org\/{rel}","templated":true}]}}