{"id":4004,"date":"2020-11-09T15:42:31","date_gmt":"2020-11-09T14:42:31","guid":{"rendered":"https:\/\/test.hellodude.it\/compendio\/home\/"},"modified":"2020-12-16T17:14:24","modified_gmt":"2020-12-16T16:14:24","slug":"home","status":"publish","type":"page","link":"https:\/\/entradit.it\/fr\/","title":{"rendered":"Accueil"},"content":{"rendered":"\t\t<div data-elementor-type=\"wp-page\" data-elementor-id=\"4004\" class=\"elementor elementor-4004 elementor-3931\">\n\t\t\t\t\t\t<div class=\"elementor-inner\">\n\t\t\t\t<div class=\"elementor-section-wrap\">\n\t\t\t\t\t\t\t\t\t<section class=\"elementor-section elementor-top-section elementor-element elementor-element-dc83bdb elementor-section-full_width qodef-elementor-content-grid elementor-section-height-default elementor-section-height-default\" data-id=\"dc83bdb\" data-element_type=\"section\" data-settings=\"{&quot;animation&quot;:&quot;none&quot;}\">\n\t\t\t\t\t\t<div class=\"elementor-container elementor-column-gap-no\">\n\t\t\t\t\t\t\t<div class=\"elementor-row\">\n\t\t\t\t\t<div class=\"elementor-column elementor-col-100 elementor-top-column elementor-element elementor-element-d06dc6e\" data-id=\"d06dc6e\" data-element_type=\"column\">\n\t\t\t<div class=\"elementor-column-wrap elementor-element-populated\">\n\t\t\t\t\t\t\t<div class=\"elementor-widget-wrap\">\n\t\t\t\t\t\t<div class=\"elementor-element elementor-element-e0e41e4 elementor-invisible elementor-widget elementor-widget-olema_core_section_title\" data-id=\"e0e41e4\" data-element_type=\"widget\" data-settings=\"{&quot;_animation&quot;:&quot;slideInUp&quot;}\" data-widget_type=\"olema_core_section_title.default\">\n\t\t\t\t<div class=\"elementor-widget-container\">\n\t\t\t<div class=\"qodef-shortcode qodef-m  qodef-section-title qodef-alignment--left  qodef--has-appear\"  style=\"max-width: 1080px\">\n\t\t\t<h1 class=\"qodef-m-title\" >\n\t\t\t\t\tL'\u00c9dition nationale du Recueil des traductions italiennes dans le monde - Entradit\t\t\t<\/h1>\n\t<\/div>\t\t<\/div>\n\t\t\t\t<\/div>\n\t\t\t\t<div class=\"elementor-element elementor-element-66bf897 elementor-widget elementor-widget-image\" data-id=\"66bf897\" data-element_type=\"widget\" data-widget_type=\"image.default\">\n\t\t\t\t<div class=\"elementor-widget-container\">\n\t\t\t\t\t\t\t\t<div class=\"elementor-image\">\n\t\t\t\t\t\t\t\t\t\t\t\t<img src=\"https:\/\/entradit.it\/wp-content\/uploads\/elementor\/thumbs\/home-ozv2x6dok1ixketvw7nr7ke3n0r82q1ggi68ohd954.jpg\" title=\"home\" alt=\"home\" \/>\t\t\t\t\t\t\t\t\t\t\t\t\t\t<\/div>\n\t\t\t\t\t\t<\/div>\n\t\t\t\t<\/div>\n\t\t\t\t<div class=\"elementor-element elementor-element-69d37fc elementor-widget elementor-widget-text-editor\" data-id=\"69d37fc\" data-element_type=\"widget\" data-widget_type=\"text-editor.default\">\n\t\t\t\t<div class=\"elementor-widget-container\">\n\t\t\t\t\t\t\t\t<div class=\"elementor-text-editor elementor-clearfix\">\n\t\t\t\t<p>L\u2019\u00c9dition nationale du Recueil des traductions italiennes dans le monde &#8211; Entradit est un projet promu par l\u2019Istituto di Studi Politici (Institut d\u2019\u00c9tudes Politiques) S. Pio V de Rome et soutenu par le MIBACT (Minist\u00e8re pour les Biens et Activit\u00e9s Culturels et pour le Tourisme) conform\u00e9ment \u00e0 la loi n\u00b0 420 du 1er d\u00e9cembre 1997, \u00ab\u00a0Mise en place de la Consultation des Comit\u00e9s Nationaux et des \u00c9ditions Nationales\u00a0\u00bb, publi\u00e9e au Journal Officiel n\u00b0 284 du 5 d\u00e9cembre 1997, et conform\u00e9ment au D\u00e9cret Minist\u00e9riel n\u00b0 103\/2017 du 27 septembre 2017, \u00ab\u00a0Interventions sur les Comit\u00e9s Nationaux pour les c\u00e9l\u00e9brations, anniversaires et \u00e9v\u00e9nements culturels et les \u00c9ditions Nationales\u00a0\u00bb.<\/p><p>L&rsquo;italien est traditionnellement r\u00e9pandu dans le monde entier en tant que langue de culture, c&rsquo;est-\u00e0-dire \u00ab\u00a0substrat omnipr\u00e9sent du d\u00e9veloppement de la civilisation occidentale\u00a0\u00bb.<\/p><p>Comment la culture et la langue se sont-elles r\u00e9pandues dans le monde ? Quels sont ces concepts, et les termes leur correspondant, n\u00e9s de la langue italienne mais entr\u00e9s ensuite dans le patrimoine identitaire de la civilisation? Comment la r\u00e9flexion scientifique, artistique et philosophique italienne a-t-elle influenc\u00e9 d&rsquo;autres cultures, notamment occidentales ?<br \/>La reconnaissance des traductions d&rsquo;\u0153uvres italiennes permet de reconstruire les chemins emprunt\u00e9s par la production intellectuelle italienne devenue patrimoine commun des cultures du monde.<\/p>\t\t\t\t\t<\/div>\n\t\t\t\t\t\t<\/div>\n\t\t\t\t<\/div>\n\t\t\t\t<div class=\"elementor-element elementor-element-92cc427 elementor-widget-divider--view-line elementor-widget elementor-widget-divider\" data-id=\"92cc427\" data-element_type=\"widget\" data-widget_type=\"divider.default\">\n\t\t\t\t<div class=\"elementor-widget-container\">\n\t\t\t\t\t<div class=\"elementor-divider\">\n\t\t\t<span class=\"elementor-divider-separator\">\n\t\t\t\t\t\t<\/span>\n\t\t<\/div>\n\t\t\t\t<\/div>\n\t\t\t\t<\/div>\n\t\t\t\t<div class=\"elementor-element elementor-element-07a1afd elementor-widget elementor-widget-text-editor\" data-id=\"07a1afd\" data-element_type=\"widget\" data-widget_type=\"text-editor.default\">\n\t\t\t\t<div class=\"elementor-widget-container\">\n\t\t\t\t\t\t\t\t<div class=\"elementor-text-editor elementor-clearfix\">\n\t\t\t\tPhoto de\u00a0<a href=\"https:\/\/www.flickr.com\/photos\/98640399@N08\/10030588973\/in\/photolist-ghnoDc-2jwZtLs-peMD4r-2j8PGqh-CmW7Gz-GRrX67-acuUgd-HCD7ij-2jF7giC-2jEj6jo-76Xr92-aeipS5-qHxfPg-2j8Nk9v-GGcXWh-7Q6paw-7JECaQ-2j8PGea-9VPaxZ-zrbMdo-MZiz-5aqZ4U-9vaKVE-5amJiR-MZiy-V6kKkC-2gbXQwS-DTuTJ9-7tePMb-zKHs-dfmpWu-SbhsSH-9k4Dgm-2jEP4RJ-SWoBg-vjgr7A-7Axac8-7n9phL-Gx3CJN-2j8PFrt-2csjkuu-7JG7ts-EyuFeo-hPPt38-ddKLea-cb1bEW-9SW2uq-2ehjR28-23ENBD8-nbrFLy\" target=\"_blank\" rel=\"noopener\">Barta IV<\/a>\u00a0\u00a0\/ CC BY 2.0\t\t\t\t\t<\/div>\n\t\t\t\t\t\t<\/div>\n\t\t\t\t<\/div>\n\t\t\t\t\t\t<\/div>\n\t\t\t\t\t<\/div>\n\t\t<\/div>\n\t\t\t\t\t\t\t\t<\/div>\n\t\t\t\t\t<\/div>\n\t\t<\/section>\n\t\t\t\t\t\t\t\t\t<\/div>\n\t\t\t<\/div>\n\t\t\t\t\t<\/div>\n\t\t","protected":false},"excerpt":{"rendered":"<p>L&rsquo;\u00c9dition nationale du Recueil des traductions italiennes dans le monde &#8211; Entradit L\u2019\u00c9dition nationale du Recueil des traductions italiennes dans le monde &#8211; Entradit est un projet promu par l\u2019Istituto di Studi Politici (Institut d\u2019\u00c9tudes Politiques) S. Pio V de Rome et soutenu par le MIBACT (Minist\u00e8re pour les Biens et Activit\u00e9s Culturels et pour [&hellip;]<\/p>\n","protected":false},"author":1,"featured_media":0,"parent":0,"menu_order":0,"comment_status":"closed","ping_status":"closed","template":"page-full-width.php","meta":[],"yoast_head":"<!-- This site is optimized with the Yoast SEO plugin v19.6.1 - https:\/\/yoast.com\/wordpress\/plugins\/seo\/ -->\n<title>Accueil - Entradit<\/title>\n<meta name=\"robots\" content=\"index, follow, max-snippet:-1, max-image-preview:large, max-video-preview:-1\" \/>\n<link rel=\"canonical\" href=\"https:\/\/entradit.it\/fr\/\" \/>\n<meta property=\"og:locale\" content=\"fr_FR\" \/>\n<meta property=\"og:type\" content=\"article\" \/>\n<meta property=\"og:title\" content=\"Accueil - Entradit\" \/>\n<meta property=\"og:description\" content=\"L&rsquo;\u00c9dition nationale du Recueil des traductions italiennes dans le monde &#8211; Entradit L\u2019\u00c9dition nationale du Recueil des traductions italiennes dans le monde &#8211; Entradit est un projet promu par l\u2019Istituto di Studi Politici (Institut d\u2019\u00c9tudes Politiques) S. Pio V de Rome et soutenu par le MIBACT (Minist\u00e8re pour les Biens et Activit\u00e9s Culturels et pour [&hellip;]\" \/>\n<meta property=\"og:url\" content=\"https:\/\/entradit.it\/fr\/\" \/>\n<meta property=\"og:site_name\" content=\"Entradit\" \/>\n<meta property=\"article:modified_time\" content=\"2020-12-16T16:14:24+00:00\" \/>\n<meta property=\"og:image\" content=\"https:\/\/entradit.it\/wp-content\/uploads\/elementor\/thumbs\/home-ozv2x6dok1ixketvw7nr7ke3n0r82q1ggi68ohd954.jpg\" \/>\n<meta name=\"twitter:card\" content=\"summary_large_image\" \/>\n<meta name=\"twitter:label1\" content=\"Dur\u00e9e de lecture estim\u00e9e\" \/>\n\t<meta name=\"twitter:data1\" content=\"1 minute\" \/>\n<script type=\"application\/ld+json\" class=\"yoast-schema-graph\">{\"@context\":\"https:\/\/schema.org\",\"@graph\":[{\"@type\":\"WebPage\",\"@id\":\"https:\/\/entradit.it\/fr\/\",\"url\":\"https:\/\/entradit.it\/fr\/\",\"name\":\"Accueil - Entradit\",\"isPartOf\":{\"@id\":\"https:\/\/entradit.it\/fr\/#website\"},\"datePublished\":\"2020-11-09T14:42:31+00:00\",\"dateModified\":\"2020-12-16T16:14:24+00:00\",\"breadcrumb\":{\"@id\":\"https:\/\/entradit.it\/fr\/#breadcrumb\"},\"inLanguage\":\"fr-FR\",\"potentialAction\":[{\"@type\":\"ReadAction\",\"target\":[\"https:\/\/entradit.it\/fr\/\"]}]},{\"@type\":\"BreadcrumbList\",\"@id\":\"https:\/\/entradit.it\/fr\/#breadcrumb\",\"itemListElement\":[{\"@type\":\"ListItem\",\"position\":1,\"name\":\"Home\",\"item\":\"https:\/\/entradit.it\/fr\/\"},{\"@type\":\"ListItem\",\"position\":2,\"name\":\"Accueil\"}]},{\"@type\":\"WebSite\",\"@id\":\"https:\/\/entradit.it\/fr\/#website\",\"url\":\"https:\/\/entradit.it\/fr\/\",\"name\":\"Entradit\",\"description\":\"L\u2019Edizione nazionale del Compendio delle traduzioni italiane nel mondo\",\"potentialAction\":[{\"@type\":\"SearchAction\",\"target\":{\"@type\":\"EntryPoint\",\"urlTemplate\":\"https:\/\/entradit.it\/fr\/?s={search_term_string}\"},\"query-input\":\"required name=search_term_string\"}],\"inLanguage\":\"fr-FR\"}]}<\/script>\n<!-- \/ Yoast SEO plugin. -->","yoast_head_json":{"title":"Accueil - Entradit","robots":{"index":"index","follow":"follow","max-snippet":"max-snippet:-1","max-image-preview":"max-image-preview:large","max-video-preview":"max-video-preview:-1"},"canonical":"https:\/\/entradit.it\/fr\/","og_locale":"fr_FR","og_type":"article","og_title":"Accueil - Entradit","og_description":"L&rsquo;\u00c9dition nationale du Recueil des traductions italiennes dans le monde &#8211; Entradit L\u2019\u00c9dition nationale du Recueil des traductions italiennes dans le monde &#8211; Entradit est un projet promu par l\u2019Istituto di Studi Politici (Institut d\u2019\u00c9tudes Politiques) S. Pio V de Rome et soutenu par le MIBACT (Minist\u00e8re pour les Biens et Activit\u00e9s Culturels et pour [&hellip;]","og_url":"https:\/\/entradit.it\/fr\/","og_site_name":"Entradit","article_modified_time":"2020-12-16T16:14:24+00:00","og_image":[{"url":"https:\/\/entradit.it\/wp-content\/uploads\/elementor\/thumbs\/home-ozv2x6dok1ixketvw7nr7ke3n0r82q1ggi68ohd954.jpg"}],"twitter_card":"summary_large_image","twitter_misc":{"Dur\u00e9e de lecture estim\u00e9e":"1 minute"},"schema":{"@context":"https:\/\/schema.org","@graph":[{"@type":"WebPage","@id":"https:\/\/entradit.it\/fr\/","url":"https:\/\/entradit.it\/fr\/","name":"Accueil - Entradit","isPartOf":{"@id":"https:\/\/entradit.it\/fr\/#website"},"datePublished":"2020-11-09T14:42:31+00:00","dateModified":"2020-12-16T16:14:24+00:00","breadcrumb":{"@id":"https:\/\/entradit.it\/fr\/#breadcrumb"},"inLanguage":"fr-FR","potentialAction":[{"@type":"ReadAction","target":["https:\/\/entradit.it\/fr\/"]}]},{"@type":"BreadcrumbList","@id":"https:\/\/entradit.it\/fr\/#breadcrumb","itemListElement":[{"@type":"ListItem","position":1,"name":"Home","item":"https:\/\/entradit.it\/fr\/"},{"@type":"ListItem","position":2,"name":"Accueil"}]},{"@type":"WebSite","@id":"https:\/\/entradit.it\/fr\/#website","url":"https:\/\/entradit.it\/fr\/","name":"Entradit","description":"L\u2019Edizione nazionale del Compendio delle traduzioni italiane nel mondo","potentialAction":[{"@type":"SearchAction","target":{"@type":"EntryPoint","urlTemplate":"https:\/\/entradit.it\/fr\/?s={search_term_string}"},"query-input":"required name=search_term_string"}],"inLanguage":"fr-FR"}]}},"_links":{"self":[{"href":"https:\/\/entradit.it\/fr\/wp-json\/wp\/v2\/pages\/4004"}],"collection":[{"href":"https:\/\/entradit.it\/fr\/wp-json\/wp\/v2\/pages"}],"about":[{"href":"https:\/\/entradit.it\/fr\/wp-json\/wp\/v2\/types\/page"}],"author":[{"embeddable":true,"href":"https:\/\/entradit.it\/fr\/wp-json\/wp\/v2\/users\/1"}],"replies":[{"embeddable":true,"href":"https:\/\/entradit.it\/fr\/wp-json\/wp\/v2\/comments?post=4004"}],"version-history":[{"count":26,"href":"https:\/\/entradit.it\/fr\/wp-json\/wp\/v2\/pages\/4004\/revisions"}],"predecessor-version":[{"id":5111,"href":"https:\/\/entradit.it\/fr\/wp-json\/wp\/v2\/pages\/4004\/revisions\/5111"}],"wp:attachment":[{"href":"https:\/\/entradit.it\/fr\/wp-json\/wp\/v2\/media?parent=4004"}],"curies":[{"name":"wp","href":"https:\/\/api.w.org\/{rel}","templated":true}]}}