{"id":4050,"date":"2020-11-23T08:55:04","date_gmt":"2020-11-23T07:55:04","guid":{"rendered":"https:\/\/test.hellodude.it\/compendio\/giordano-bruno\/"},"modified":"2020-12-18T15:52:45","modified_gmt":"2020-12-18T14:52:45","slug":"giordano-bruno","status":"publish","type":"page","link":"https:\/\/entradit.it\/fr\/giordano-bruno\/","title":{"rendered":"Giordano Bruno"},"content":{"rendered":"\t\t<div data-elementor-type=\"wp-page\" data-elementor-id=\"4050\" class=\"elementor elementor-4050 elementor-3960\">\n\t\t\t\t\t\t<div class=\"elementor-inner\">\n\t\t\t\t<div class=\"elementor-section-wrap\">\n\t\t\t\t\t\t\t\t\t<section class=\"elementor-section elementor-top-section elementor-element elementor-element-490a496 elementor-section-boxed elementor-section-height-default elementor-section-height-default qodef-elementor-content-no\" data-id=\"490a496\" data-element_type=\"section\">\n\t\t\t\t\t\t<div class=\"elementor-container elementor-column-gap-default\">\n\t\t\t\t\t\t\t<div class=\"elementor-row\">\n\t\t\t\t\t<div class=\"elementor-column elementor-col-100 elementor-top-column elementor-element elementor-element-3eb365d\" data-id=\"3eb365d\" data-element_type=\"column\">\n\t\t\t<div class=\"elementor-column-wrap elementor-element-populated\">\n\t\t\t\t\t\t\t<div class=\"elementor-widget-wrap\">\n\t\t\t\t\t\t<div class=\"elementor-element elementor-element-70b7f34 elementor-widget elementor-widget-image\" data-id=\"70b7f34\" data-element_type=\"widget\" data-widget_type=\"image.default\">\n\t\t\t\t<div class=\"elementor-widget-container\">\n\t\t\t\t\t\t\t\t<div class=\"elementor-image\">\n\t\t\t\t\t\t\t\t\t\t\t\t<img width=\"1024\" height=\"569\" src=\"https:\/\/entradit.it\/wp-content\/uploads\/2020\/11\/giordano-bruno_ritratto-1024x569.jpg\" class=\"attachment-large size-large\" alt=\"\" loading=\"lazy\" srcset=\"https:\/\/entradit.it\/wp-content\/uploads\/2020\/11\/giordano-bruno_ritratto-1024x569.jpg 1024w, https:\/\/entradit.it\/wp-content\/uploads\/2020\/11\/giordano-bruno_ritratto-300x167.jpg 300w, https:\/\/entradit.it\/wp-content\/uploads\/2020\/11\/giordano-bruno_ritratto-768x427.jpg 768w, https:\/\/entradit.it\/wp-content\/uploads\/2020\/11\/giordano-bruno_ritratto.jpg 1440w\" sizes=\"(max-width: 1024px) 100vw, 1024px\" \/>\t\t\t\t\t\t\t\t\t\t\t\t\t\t<\/div>\n\t\t\t\t\t\t<\/div>\n\t\t\t\t<\/div>\n\t\t\t\t<div class=\"elementor-element elementor-element-bcc1359 elementor-widget elementor-widget-text-editor\" data-id=\"bcc1359\" data-element_type=\"widget\" data-widget_type=\"text-editor.default\">\n\t\t\t\t<div class=\"elementor-widget-container\">\n\t\t\t\t\t\t\t\t<div class=\"elementor-text-editor elementor-clearfix\">\n\t\t\t\t<p class=\"p1\">Il est n\u00e9 \u00e0 Nola, en Campanie, en 1548 dans la famille Bruni. \u00c0 l&rsquo;\u00e2ge de 17 ans, il entre au couvent de S. Domenico \u00e0 Naples. En 1576, \u00e0 Rome, il d\u00e9cide de quitter l&rsquo;habit eccl\u00e9siastique apr\u00e8s avoir \u00e9t\u00e9 accus\u00e9 d&rsquo;h\u00e9r\u00e9sie pour ses id\u00e9es r\u00e9volutionnaires. Il erre entre les villes de Gen\u00e8ve, Toulouse, Paris, Londres et Francfort jusqu&rsquo;\u00e0 son arrestation par l&rsquo;Inquisition \u00e0 Venise en 1591. Au cours du proc\u00e8s, il d\u00e9clare vouloir se r\u00e9tracter, mais une fois devant l&rsquo;Inquisition \u00e0 Rome, au cours du deuxi\u00e8me proc\u00e8s, il campe sur ses positions et sera condamn\u00e9 \u00e0 mort sur le b\u00fbcher au Campo de&rsquo; Fiori en 1600. La philosophie de Bruno \u00e9tait bas\u00e9e sur l&rsquo;id\u00e9e que Dieu, unit\u00e9 et infinit\u00e9 \u00e0 la fois, se multiplie en subsistances infinies. Pour Bruno, la religion signifie reconna\u00eetre Dieu partout et reconna\u00eetre ses formes changeantes. Bien qu&rsquo;il utilise des termes typiques des \u00e9coles de pens\u00e9e pr\u00e9c\u00e9dentes, l&rsquo;originalit\u00e9 de Bruno r\u00e9side dans l&rsquo;inspiration qui sous-tend ses sp\u00e9culations sur la transvaluation m\u00e9taphysique et l&rsquo;infini du monde, qui sont \u00e9galement fortement ancr\u00e9es dans la morale. Bruno, en effet, rompt avec le d\u00e9terminisme inh\u00e9rent \u00e0 la circularit\u00e9 du un et multiple, sugg\u00e9rant que l&rsquo;acte cognitif est un acte de libert\u00e9, de d\u00e9passement de la nature. Cette rupture est \u00e9galement visible dans le domaine litt\u00e9raire, o\u00f9 il sera parmi les premiers \u00e0 promouvoir la libert\u00e9 du po\u00e8te et de l&rsquo;homme, contre les r\u00e8gles de la po\u00e9tique aristot\u00e9licienne, contre les imitations; Bruno, en effet, rejette clairement les genres litt\u00e9raires et s&rsquo;oppose aux grammaires et au normativisme p\u00e9dant\u00b9. Le m\u00eame choix du vulgaire est intimement li\u00e9 \u00e0 la nouvelle philosophie, Bruno affirme \u00eatre anim\u00e9 \u00ab\u00a0par la conscience qu&rsquo;une nouvelle pens\u00e9e veut une nouvelle langue\u00a0\u00bb\u00b2, bien que le choix du vulgaire soit li\u00e9 par certains universitaires, dont Giovanni Aquilecchia\u00b3, \u00e0 l&rsquo;activit\u00e9 culturelle des clubs londoniens et \u00e0 leur choix en faveur du vulgaire. L&rsquo;imbrication de diff\u00e9rents registres linguistiques semble \u00eatre li\u00e9e \u00e0 la conception de Bruno de la Vie-mati\u00e8re infinie, donc \u00ab\u00a0du point de vue de la coh\u00e9rence, de l&rsquo;ordre et de la beaut\u00e9 de la r\u00e9alit\u00e9, tout a une valeur et une dignit\u00e9 \u00e9gales\u00a0\u00bb\u2074.<br \/>Les \u0153uvres s\u00e9lectionn\u00e9es pour Giordano Bruno sont donc toutes celles \u00e9crites \u00e0 l&rsquo;origine par l&rsquo;auteur en vulgaire, \u00e0 savoir La cena de le ceneri (1584), De la causa, principio e uno (1584), De l&rsquo;infinito, universo e mondi (1584), Lo spaccio de la bestia trionfante (1584), De gli eroici furori (1585), La cabala del cavallo pegaseo con l&rsquo;aggiunta dell&rsquo;assino cillenico (1585) et, enfin, Candelaio (1582). Les traductions des ouvrages mentionn\u00e9s ci-dessus ont \u00e9t\u00e9 r\u00e9alis\u00e9es en 30 langues et sont pr\u00e9sentes dans 90 pays \u00e0 travers le monde. Pour d\u00e9couvrir leur r\u00e9partition g\u00e9ographique, veuillez vous r\u00e9f\u00e9rer au graphique ci-dessous qui a \u00e9t\u00e9 cr\u00e9\u00e9 \u00e0 partir de la base de donn\u00e9es o\u00f9 les notices bibliographiques ont \u00e9t\u00e9 collect\u00e9es dans le monde entier.<\/p>\t\t\t\t\t<\/div>\n\t\t\t\t\t\t<\/div>\n\t\t\t\t<\/div>\n\t\t\t\t<div class=\"elementor-element elementor-element-28d90b7 elementor-align-center elementor-widget elementor-widget-button\" data-id=\"28d90b7\" data-element_type=\"widget\" data-widget_type=\"button.default\">\n\t\t\t\t<div class=\"elementor-widget-container\">\n\t\t\t\t\t<div class=\"elementor-button-wrapper\">\n\t\t\t<a href=\"https:\/\/docs.google.com\/spreadsheets\/d\/19ujwzkzeIQ7fJIj88XWf18beN1bH5kwNub8RV-KAl5Q\/edit?usp=sharing\" target=\"_blank\" class=\"elementor-button-link elementor-button elementor-size-sm\" role=\"button\">\n\t\t\t\t\t\t<span class=\"elementor-button-content-wrapper\">\n\t\t\t\t\t\t\t<span class=\"elementor-button-icon elementor-align-icon-left\">\n\t\t\t\t<i aria-hidden=\"true\" class=\"far fa-file-excel\"><\/i>\t\t\t<\/span>\n\t\t\t\t\t\t<span class=\"elementor-button-text\">Notices Bibliographiques<\/span>\n\t\t<\/span>\n\t\t\t\t\t<\/a>\n\t\t<\/div>\n\t\t\t\t<\/div>\n\t\t\t\t<\/div>\n\t\t\t\t<div class=\"elementor-element elementor-element-daf391c elementor-widget elementor-widget-olema_core_separator\" data-id=\"daf391c\" data-element_type=\"widget\" data-widget_type=\"olema_core_separator.default\">\n\t\t\t\t<div class=\"elementor-widget-container\">\n\t\t\t<div class=\"qodef-shortcode qodef-m  qodef-separator clear \">\n\t<div class=\"qodef-m-line\" ><\/div>\n<\/div>\t\t<\/div>\n\t\t\t\t<\/div>\n\t\t\t\t<section class=\"elementor-section elementor-inner-section elementor-element elementor-element-108cf26 elementor-section-boxed elementor-section-height-default elementor-section-height-default qodef-elementor-content-no\" data-id=\"108cf26\" data-element_type=\"section\">\n\t\t\t\t\t\t<div class=\"elementor-container elementor-column-gap-default\">\n\t\t\t\t\t\t\t<div class=\"elementor-row\">\n\t\t\t\t\t<div class=\"elementor-column elementor-col-50 elementor-inner-column elementor-element elementor-element-faaeabc\" data-id=\"faaeabc\" data-element_type=\"column\">\n\t\t\t<div class=\"elementor-column-wrap elementor-element-populated\">\n\t\t\t\t\t\t\t<div class=\"elementor-widget-wrap\">\n\t\t\t\t\t\t<div class=\"elementor-element elementor-element-6120e6f elementor-widget elementor-widget-olema_core_section_title\" data-id=\"6120e6f\" data-element_type=\"widget\" data-widget_type=\"olema_core_section_title.default\">\n\t\t\t\t<div class=\"elementor-widget-container\">\n\t\t\t<div class=\"qodef-shortcode qodef-m  qodef-section-title qodef-alignment--left  qodef--has-appear\"  style=\"max-width: unset\">\n\t\t\t<h2 class=\"qodef-m-title\" >\n\t\t\t\t\tDistribution des traductions des \u0153uvres de Giordano Bruno dans le monde\t\t\t<\/h2>\n\t<\/div>\t\t<\/div>\n\t\t\t\t<\/div>\n\t\t\t\t\t\t<\/div>\n\t\t\t\t\t<\/div>\n\t\t<\/div>\n\t\t\t\t<div class=\"elementor-column elementor-col-50 elementor-inner-column elementor-element elementor-element-e2c1261\" data-id=\"e2c1261\" data-element_type=\"column\">\n\t\t\t<div class=\"elementor-column-wrap elementor-element-populated\">\n\t\t\t\t\t\t\t<div class=\"elementor-widget-wrap\">\n\t\t\t\t\t\t<div class=\"elementor-element elementor-element-c8c4f29 elementor-widget elementor-widget-image\" data-id=\"c8c4f29\" data-element_type=\"widget\" data-widget_type=\"image.default\">\n\t\t\t\t<div class=\"elementor-widget-container\">\n\t\t\t\t\t\t\t\t<div class=\"elementor-image\">\n\t\t\t\t\t\t\t\t\t\t\t\t\t<a href=\"https:\/\/docs.google.com\/spreadsheets\/d\/19ujwzkzeIQ7fJIj88XWf18beN1bH5kwNub8RV-KAl5Q\/edit#gid=386896819\" target=\"_blank\">\n\t\t\t\t\t\t\t<img width=\"600\" height=\"371\" src=\"https:\/\/entradit.it\/wp-content\/uploads\/2020\/11\/mappa-giordano-bruno-1.png\" class=\"attachment-large size-large\" alt=\"\" loading=\"lazy\" srcset=\"https:\/\/entradit.it\/wp-content\/uploads\/2020\/11\/mappa-giordano-bruno-1.png 600w, https:\/\/entradit.it\/wp-content\/uploads\/2020\/11\/mappa-giordano-bruno-1-300x186.png 300w\" sizes=\"(max-width: 600px) 100vw, 600px\" \/>\t\t\t\t\t\t\t\t<\/a>\n\t\t\t\t\t\t\t\t\t\t\t\t\t\t<\/div>\n\t\t\t\t\t\t<\/div>\n\t\t\t\t<\/div>\n\t\t\t\t\t\t<\/div>\n\t\t\t\t\t<\/div>\n\t\t<\/div>\n\t\t\t\t\t\t\t\t<\/div>\n\t\t\t\t\t<\/div>\n\t\t<\/section>\n\t\t\t\t<div class=\"elementor-element elementor-element-b92e984 elementor-widget elementor-widget-olema_core_separator\" data-id=\"b92e984\" data-element_type=\"widget\" data-widget_type=\"olema_core_separator.default\">\n\t\t\t\t<div class=\"elementor-widget-container\">\n\t\t\t<div class=\"qodef-shortcode qodef-m  qodef-separator clear \">\n\t<div class=\"qodef-m-line\" ><\/div>\n<\/div>\t\t<\/div>\n\t\t\t\t<\/div>\n\t\t\t\t<div class=\"elementor-element elementor-element-46dacab elementor-widget elementor-widget-olema_core_section_title\" data-id=\"46dacab\" data-element_type=\"widget\" data-widget_type=\"olema_core_section_title.default\">\n\t\t\t\t<div class=\"elementor-widget-container\">\n\t\t\t<div class=\"qodef-shortcode qodef-m  qodef-section-title qodef-alignment--left  qodef--has-appear\"  style=\"max-width: unset\">\n\t\t\t<h2 class=\"qodef-m-title\" >\n\t\t\t\t\tBibliographie\t\t\t<\/h2>\n\t<\/div>\t\t<\/div>\n\t\t\t\t<\/div>\n\t\t\t\t<div class=\"elementor-element elementor-element-93406d1 elementor-widget elementor-widget-text-editor\" data-id=\"93406d1\" data-element_type=\"widget\" data-widget_type=\"text-editor.default\">\n\t\t\t\t<div class=\"elementor-widget-container\">\n\t\t\t\t\t\t\t\t<div class=\"elementor-text-editor elementor-clearfix\">\n\t\t\t\t<p class=\"p3\">Aquilecchia G., (1953), L&rsquo;adozione del vulgare nei dialoghi londinesi di Giordano<\/p><p class=\"p3\">Bruno, \u00ab\u00a0Cultura Neolatina\u00a0\u00bb, XIII, pp. 165-189.<\/p><p class=\"p3\">Bruno G., (1994), Spaccio de la bestia trionfante, prefazione di Sturlese R., Istituto Suor Orsola di Benincasa, Napoli.<\/p><p class=\"p3\"><a href=\"http:\/\/www.treccani.it\/enciclopedia\/giordano-bruno\/\" target=\"_blank\" rel=\"noopener\">Bruno Giordano, Treccani<\/a> (o.l.) (consult\u00e9 le 06\/10\/2020).<\/p><p class=\"p3\">Campa R., (2019), Il convivio linguistico. Riflessioni sul ruolo dell\u2019italiano nel mondo contemporaneo, Carocci, Roma.<\/p><p class=\"p3\">Ciliberto M., (2005), Pensare per contrari. Disincanto e utopia nel Rinascimento, Roma, Edizioni di Storia e letteratura, p. 219.<\/p>\t\t\t\t\t<\/div>\n\t\t\t\t\t\t<\/div>\n\t\t\t\t<\/div>\n\t\t\t\t<div class=\"elementor-element elementor-element-688f0cf elementor-widget elementor-widget-olema_core_separator\" data-id=\"688f0cf\" data-element_type=\"widget\" data-widget_type=\"olema_core_separator.default\">\n\t\t\t\t<div class=\"elementor-widget-container\">\n\t\t\t<div class=\"qodef-shortcode qodef-m  qodef-separator clear \">\n\t<div class=\"qodef-m-line\" ><\/div>\n<\/div>\t\t<\/div>\n\t\t\t\t<\/div>\n\t\t\t\t<div class=\"elementor-element elementor-element-0ae4aa2 elementor-widget elementor-widget-text-editor\" data-id=\"0ae4aa2\" data-element_type=\"widget\" data-widget_type=\"text-editor.default\">\n\t\t\t\t<div class=\"elementor-widget-container\">\n\t\t\t\t\t\t\t\t<div class=\"elementor-text-editor elementor-clearfix\">\n\t\t\t\t<p><a href=\"https:\/\/www.flickr.com\/photos\/dorlino\/14018832943\/in\/photolist-nmNbCg-48YcQZ-2hihjkt-5Zx2JB-7V4vtF-2gQxRrn-fkHnoL-nmNbCX-9hGc4w-9f3cKZ-fktbAx-Tt9TM-67bhkB-PNZFo-8jxDSx-83gnD7-9FJuoz-PPu6g-9vBggc-Fpgx2R-GPYqQP-F67g1Y-EA72Qr-9Y5bMY-2gQyFsd-F672Ds-9UZngv-6yLit8-2higM1p-EzKaZ5-F66VXN-EA6Lyp-67fuu1-5eKPbw-FmZQLo-icpZ6t-6RF1WU-F67bDw-WpZoNH-bMA2eP-AFCcwK-z5Zq7Z-2hs1CZ-8AFNvf-baPQAz-Vu4oaW-oH31XW-oH3pr1-qAcaVT-2hnMc98\" target=\"_blank\" rel=\"noreferrer noopener\" data-rich-text-format-boundary=\"true\">Photo<\/a> de Dorli Photography \/ CC BY-NC-ND 2.0<\/p>\t\t\t\t\t<\/div>\n\t\t\t\t\t\t<\/div>\n\t\t\t\t<\/div>\n\t\t\t\t<div class=\"elementor-element elementor-element-1fde1c4 elementor-widget elementor-widget-olema_core_separator\" data-id=\"1fde1c4\" data-element_type=\"widget\" data-widget_type=\"olema_core_separator.default\">\n\t\t\t\t<div class=\"elementor-widget-container\">\n\t\t\t<div class=\"qodef-shortcode qodef-m  qodef-separator clear \">\n\t<div class=\"qodef-m-line\" ><\/div>\n<\/div>\t\t<\/div>\n\t\t\t\t<\/div>\n\t\t\t\t<div class=\"elementor-element elementor-element-6db3a92 elementor-widget elementor-widget-text-editor\" data-id=\"6db3a92\" data-element_type=\"widget\" data-widget_type=\"text-editor.default\">\n\t\t\t\t<div class=\"elementor-widget-container\">\n\t\t\t\t\t\t\t\t<div class=\"elementor-text-editor elementor-clearfix\">\n\t\t\t\t<p>\u00b9 Ciliberto M., (2005), Pensare per contrari. Disincanto e utopia nel Rinascimento, Roma, Edizioni di Storia e letteratura, p. 219.<\/p><p>\u00b2 Bruno G., (1994), Spaccio de la bestia trionfante, prefazione di Sturlese R., Istituto Suor Orsola di Benincasa, Napoli.<\/p><p>\u00b3 Aquilecchia G., (1953), L\u2019adozione del volgare nei dialoghi londinesi di Giordano Bruno, \u00abCultura Neolatina\u00bb, XIII, pp. 165-189.<\/p><p>\u2074 Ciliberto M., (2005), Pensare per contrari. Disincanto e utopia nel Rinascimento, Roma, Edizioni di Storia e letteratura, p. 219.<\/p>\t\t\t\t\t<\/div>\n\t\t\t\t\t\t<\/div>\n\t\t\t\t<\/div>\n\t\t\t\t\t\t<\/div>\n\t\t\t\t\t<\/div>\n\t\t<\/div>\n\t\t\t\t\t\t\t\t<\/div>\n\t\t\t\t\t<\/div>\n\t\t<\/section>\n\t\t\t\t\t\t\t\t\t<\/div>\n\t\t\t<\/div>\n\t\t\t\t\t<\/div>\n\t\t","protected":false},"excerpt":{"rendered":"<p>Il est n\u00e9 \u00e0 Nola, en Campanie, en 1548 dans la famille Bruni. \u00c0 l&rsquo;\u00e2ge de 17 ans, il entre au couvent de S. Domenico \u00e0 Naples. En 1576, \u00e0 Rome, il d\u00e9cide de quitter l&rsquo;habit eccl\u00e9siastique apr\u00e8s avoir \u00e9t\u00e9 accus\u00e9 d&rsquo;h\u00e9r\u00e9sie pour ses id\u00e9es r\u00e9volutionnaires. Il erre entre les villes de Gen\u00e8ve, Toulouse, Paris, [&hellip;]<\/p>\n","protected":false},"author":1,"featured_media":0,"parent":0,"menu_order":0,"comment_status":"closed","ping_status":"closed","template":"","meta":[],"yoast_head":"<!-- This site is optimized with the Yoast SEO plugin v19.6.1 - https:\/\/yoast.com\/wordpress\/plugins\/seo\/ -->\n<title>Giordano Bruno - Entradit<\/title>\n<meta name=\"robots\" content=\"index, follow, max-snippet:-1, max-image-preview:large, max-video-preview:-1\" \/>\n<link rel=\"canonical\" href=\"https:\/\/entradit.it\/fr\/giordano-bruno\/\" \/>\n<meta property=\"og:locale\" content=\"fr_FR\" \/>\n<meta property=\"og:type\" content=\"article\" \/>\n<meta property=\"og:title\" content=\"Giordano Bruno - Entradit\" \/>\n<meta property=\"og:description\" content=\"Il est n\u00e9 \u00e0 Nola, en Campanie, en 1548 dans la famille Bruni. \u00c0 l&rsquo;\u00e2ge de 17 ans, il entre au couvent de S. Domenico \u00e0 Naples. En 1576, \u00e0 Rome, il d\u00e9cide de quitter l&rsquo;habit eccl\u00e9siastique apr\u00e8s avoir \u00e9t\u00e9 accus\u00e9 d&rsquo;h\u00e9r\u00e9sie pour ses id\u00e9es r\u00e9volutionnaires. Il erre entre les villes de Gen\u00e8ve, Toulouse, Paris, [&hellip;]\" \/>\n<meta property=\"og:url\" content=\"https:\/\/entradit.it\/fr\/giordano-bruno\/\" \/>\n<meta property=\"og:site_name\" content=\"Entradit\" \/>\n<meta property=\"article:modified_time\" content=\"2020-12-18T14:52:45+00:00\" \/>\n<meta property=\"og:image\" content=\"https:\/\/entradit.it\/wp-content\/uploads\/2020\/11\/giordano-bruno_ritratto-1024x569.jpg\" \/>\n<meta name=\"twitter:card\" content=\"summary_large_image\" \/>\n<meta name=\"twitter:label1\" content=\"Dur\u00e9e de lecture estim\u00e9e\" \/>\n\t<meta name=\"twitter:data1\" content=\"3 minutes\" \/>\n<script type=\"application\/ld+json\" class=\"yoast-schema-graph\">{\"@context\":\"https:\/\/schema.org\",\"@graph\":[{\"@type\":\"WebPage\",\"@id\":\"https:\/\/entradit.it\/fr\/giordano-bruno\/\",\"url\":\"https:\/\/entradit.it\/fr\/giordano-bruno\/\",\"name\":\"Giordano Bruno - Entradit\",\"isPartOf\":{\"@id\":\"https:\/\/entradit.it\/fr\/#website\"},\"datePublished\":\"2020-11-23T07:55:04+00:00\",\"dateModified\":\"2020-12-18T14:52:45+00:00\",\"breadcrumb\":{\"@id\":\"https:\/\/entradit.it\/fr\/giordano-bruno\/#breadcrumb\"},\"inLanguage\":\"fr-FR\",\"potentialAction\":[{\"@type\":\"ReadAction\",\"target\":[\"https:\/\/entradit.it\/fr\/giordano-bruno\/\"]}]},{\"@type\":\"BreadcrumbList\",\"@id\":\"https:\/\/entradit.it\/fr\/giordano-bruno\/#breadcrumb\",\"itemListElement\":[{\"@type\":\"ListItem\",\"position\":1,\"name\":\"Home\",\"item\":\"https:\/\/entradit.it\/fr\/\"},{\"@type\":\"ListItem\",\"position\":2,\"name\":\"Giordano Bruno\"}]},{\"@type\":\"WebSite\",\"@id\":\"https:\/\/entradit.it\/fr\/#website\",\"url\":\"https:\/\/entradit.it\/fr\/\",\"name\":\"Entradit\",\"description\":\"L\u2019Edizione nazionale del Compendio delle traduzioni italiane nel mondo\",\"potentialAction\":[{\"@type\":\"SearchAction\",\"target\":{\"@type\":\"EntryPoint\",\"urlTemplate\":\"https:\/\/entradit.it\/fr\/?s={search_term_string}\"},\"query-input\":\"required name=search_term_string\"}],\"inLanguage\":\"fr-FR\"}]}<\/script>\n<!-- \/ Yoast SEO plugin. -->","yoast_head_json":{"title":"Giordano Bruno - Entradit","robots":{"index":"index","follow":"follow","max-snippet":"max-snippet:-1","max-image-preview":"max-image-preview:large","max-video-preview":"max-video-preview:-1"},"canonical":"https:\/\/entradit.it\/fr\/giordano-bruno\/","og_locale":"fr_FR","og_type":"article","og_title":"Giordano Bruno - Entradit","og_description":"Il est n\u00e9 \u00e0 Nola, en Campanie, en 1548 dans la famille Bruni. \u00c0 l&rsquo;\u00e2ge de 17 ans, il entre au couvent de S. Domenico \u00e0 Naples. En 1576, \u00e0 Rome, il d\u00e9cide de quitter l&rsquo;habit eccl\u00e9siastique apr\u00e8s avoir \u00e9t\u00e9 accus\u00e9 d&rsquo;h\u00e9r\u00e9sie pour ses id\u00e9es r\u00e9volutionnaires. Il erre entre les villes de Gen\u00e8ve, Toulouse, Paris, [&hellip;]","og_url":"https:\/\/entradit.it\/fr\/giordano-bruno\/","og_site_name":"Entradit","article_modified_time":"2020-12-18T14:52:45+00:00","og_image":[{"url":"https:\/\/entradit.it\/wp-content\/uploads\/2020\/11\/giordano-bruno_ritratto-1024x569.jpg"}],"twitter_card":"summary_large_image","twitter_misc":{"Dur\u00e9e de lecture estim\u00e9e":"3 minutes"},"schema":{"@context":"https:\/\/schema.org","@graph":[{"@type":"WebPage","@id":"https:\/\/entradit.it\/fr\/giordano-bruno\/","url":"https:\/\/entradit.it\/fr\/giordano-bruno\/","name":"Giordano Bruno - Entradit","isPartOf":{"@id":"https:\/\/entradit.it\/fr\/#website"},"datePublished":"2020-11-23T07:55:04+00:00","dateModified":"2020-12-18T14:52:45+00:00","breadcrumb":{"@id":"https:\/\/entradit.it\/fr\/giordano-bruno\/#breadcrumb"},"inLanguage":"fr-FR","potentialAction":[{"@type":"ReadAction","target":["https:\/\/entradit.it\/fr\/giordano-bruno\/"]}]},{"@type":"BreadcrumbList","@id":"https:\/\/entradit.it\/fr\/giordano-bruno\/#breadcrumb","itemListElement":[{"@type":"ListItem","position":1,"name":"Home","item":"https:\/\/entradit.it\/fr\/"},{"@type":"ListItem","position":2,"name":"Giordano Bruno"}]},{"@type":"WebSite","@id":"https:\/\/entradit.it\/fr\/#website","url":"https:\/\/entradit.it\/fr\/","name":"Entradit","description":"L\u2019Edizione nazionale del Compendio delle traduzioni italiane nel mondo","potentialAction":[{"@type":"SearchAction","target":{"@type":"EntryPoint","urlTemplate":"https:\/\/entradit.it\/fr\/?s={search_term_string}"},"query-input":"required name=search_term_string"}],"inLanguage":"fr-FR"}]}},"_links":{"self":[{"href":"https:\/\/entradit.it\/fr\/wp-json\/wp\/v2\/pages\/4050"}],"collection":[{"href":"https:\/\/entradit.it\/fr\/wp-json\/wp\/v2\/pages"}],"about":[{"href":"https:\/\/entradit.it\/fr\/wp-json\/wp\/v2\/types\/page"}],"author":[{"embeddable":true,"href":"https:\/\/entradit.it\/fr\/wp-json\/wp\/v2\/users\/1"}],"replies":[{"embeddable":true,"href":"https:\/\/entradit.it\/fr\/wp-json\/wp\/v2\/comments?post=4050"}],"version-history":[{"count":44,"href":"https:\/\/entradit.it\/fr\/wp-json\/wp\/v2\/pages\/4050\/revisions"}],"predecessor-version":[{"id":5792,"href":"https:\/\/entradit.it\/fr\/wp-json\/wp\/v2\/pages\/4050\/revisions\/5792"}],"wp:attachment":[{"href":"https:\/\/entradit.it\/fr\/wp-json\/wp\/v2\/media?parent=4050"}],"curies":[{"name":"wp","href":"https:\/\/api.w.org\/{rel}","templated":true}]}}