{"id":6338,"date":"2026-03-20T12:56:28","date_gmt":"2026-03-20T11:56:28","guid":{"rendered":"https:\/\/entradit.it\/?page_id=6338"},"modified":"2026-03-20T12:59:07","modified_gmt":"2026-03-20T11:59:07","slug":"galileo-galilei","status":"publish","type":"page","link":"https:\/\/entradit.it\/fr\/galileo-galilei\/","title":{"rendered":"Galileo Galilei"},"content":{"rendered":"\t\t<div data-elementor-type=\"wp-page\" data-elementor-id=\"6338\" class=\"elementor elementor-6338 elementor-6336\">\n\t\t\t\t\t\t<div class=\"elementor-inner\">\n\t\t\t\t<div class=\"elementor-section-wrap\">\n\t\t\t\t\t\t\t\t\t<section class=\"elementor-section elementor-top-section elementor-element elementor-element-793f87a elementor-section-boxed elementor-section-height-default elementor-section-height-default qodef-elementor-content-no\" data-id=\"793f87a\" data-element_type=\"section\">\n\t\t\t\t\t\t<div class=\"elementor-container elementor-column-gap-default\">\n\t\t\t\t\t\t\t<div class=\"elementor-row\">\n\t\t\t\t\t<div class=\"elementor-column elementor-col-100 elementor-top-column elementor-element elementor-element-8fdf58c\" data-id=\"8fdf58c\" data-element_type=\"column\">\n\t\t\t<div class=\"elementor-column-wrap elementor-element-populated\">\n\t\t\t\t\t\t\t<div class=\"elementor-widget-wrap\">\n\t\t\t\t\t\t<div class=\"elementor-element elementor-element-093df6d elementor-widget elementor-widget-image\" data-id=\"093df6d\" data-element_type=\"widget\" data-widget_type=\"image.default\">\n\t\t\t\t<div class=\"elementor-widget-container\">\n\t\t\t\t\t\t\t\t<div class=\"elementor-image\">\n\t\t\t\t\t\t\t\t\t\t\t\t<img width=\"806\" height=\"1024\" src=\"https:\/\/entradit.it\/wp-content\/uploads\/2026\/03\/Galileo-Galilei_common-license-806x1024.jpg\" class=\"attachment-large size-large\" alt=\"\" loading=\"lazy\" srcset=\"https:\/\/entradit.it\/wp-content\/uploads\/2026\/03\/Galileo-Galilei_common-license-806x1024.jpg 806w, https:\/\/entradit.it\/wp-content\/uploads\/2026\/03\/Galileo-Galilei_common-license-236x300.jpg 236w, https:\/\/entradit.it\/wp-content\/uploads\/2026\/03\/Galileo-Galilei_common-license-768x976.jpg 768w, https:\/\/entradit.it\/wp-content\/uploads\/2026\/03\/Galileo-Galilei_common-license-1209x1536.jpg 1209w, https:\/\/entradit.it\/wp-content\/uploads\/2026\/03\/Galileo-Galilei_common-license-1612x2048.jpg 1612w, https:\/\/entradit.it\/wp-content\/uploads\/2026\/03\/Galileo-Galilei_common-license-scaled.jpg 2015w\" sizes=\"(max-width: 806px) 100vw, 806px\" \/>\t\t\t\t\t\t\t\t\t\t\t\t\t\t<\/div>\n\t\t\t\t\t\t<\/div>\n\t\t\t\t<\/div>\n\t\t\t\t<div class=\"elementor-element elementor-element-edd8f43 elementor-widget elementor-widget-text-editor\" data-id=\"edd8f43\" data-element_type=\"widget\" data-widget_type=\"text-editor.default\">\n\t\t\t\t<div class=\"elementor-widget-container\">\n\t\t\t\t\t\t\t\t<div class=\"elementor-text-editor elementor-clearfix\">\n\t\t\t\t<p>Il na\u00eet \u00e0 Pise en 1564 et, d\u00e8s sa jeunesse, se consacre \u00e0 la culture formelle de son talent artistique ; cependant, jusqu\u2019\u00e0 son inscription \u00e0 l\u2019universit\u00e9, vers l\u2019\u00e2ge de seize ans, il d\u00e9veloppe une vive passion pour les \u00e9tudes de math\u00e9matiques et de g\u00e9om\u00e9trie euclidienne. Ses premiers trait\u00e9s, r\u00e9dig\u00e9s en latin et en langue vulgaire, sont des essais didactiques consacr\u00e9s \u00e0 la construction et \u00e0 l\u2019usage d\u2019instruments scientifiques et m\u00e9caniques, ou des d\u00e9monstrations math\u00e9matiques de th\u00e9or\u00e8mes, de structures logiques et de cosmologies ; il s\u2019engage toutefois rapidement dans la voie de la r\u00e9futation de certains dogmes aristot\u00e9liciens par l\u2019exp\u00e9rimentation directe.<\/p><p>L\u2019observation et l\u2019empirisme resteront \u00e0 la base de la m\u00e9thode galil\u00e9enne tout au long de sa carri\u00e8re, tant acad\u00e9mique que, pour une courte p\u00e9riode \u00e0 Padoue, militaire en tant qu\u2019ing\u00e9nieur et conseiller priv\u00e9.<\/p><p>En 1597, Galileo Galilei prend connaissance de la tr\u00e8s restreinte <i>intelligentia<\/i> europ\u00e9enne copernicienne et entre indirectement dans une relation \u00e9pistolaire intermittente avec Johannes Kepler, gr\u00e2ce au don \u00e0 la chaire de Padoue de son \u0153uvre astronomique <i>Mysterium Cosmographicum<\/i> (1596), transmis par Paul Homberger, \u00e0 la demande m\u00eame de l\u2019astronome allemand d\u00e9sireux de partager ses calculs et ses d\u00e9couvertes avec les acad\u00e9mies d\u2019Europe.<\/p><p>De ce renouveau scientifique naissent les inventions et les \u0153uvres aujourd\u2019hui les plus connues de Galil\u00e9e, apr\u00e8s son retour en Toscane comme math\u00e9maticien et philosophe du grand-duc : notamment la lunette astronomique d\u00e9crite techniquement dans le <i>Sidereus Nuncius<\/i> (1610), d\u00e9di\u00e9 \u00e0 Cosimo II de&rsquo; Medici, puis \u2013 apr\u00e8s un long intervalle \u2013 <i>L\u2019Essayeur<\/i> (1623), un magistral essai de pol\u00e9mique scientifique et litt\u00e9raire qui anticipe en partie le <i>Dialogue sur les deux grands syst\u00e8mes du mond<\/i> (1624-1630), publi\u00e9 en 1632 \u00e0 Florence chez Giovan Battista Landini.<\/p><p>Ces deux \u0153uvres suscitent un vif int\u00e9r\u00eat, tant chez les contemporains de Galil\u00e9e que chez les chercheurs actuels, pour son choix singulier d\u2019utiliser la langue vulgaire plut\u00f4t que le latin pour traiter des questions scientifiques. La langue vulgaire favorisa une diffusion maximale dans la p\u00e9ninsule italienne, m\u00eame parmi ses d\u00e9tracteurs et les inquisiteurs, tandis que l\u2019usage du latin aurait \u2013 et aura, gr\u00e2ce aux traductions tardives voulues par Galil\u00e9e \u2013 assur\u00e9 une diffusion aupr\u00e8s des lecteurs et partisans des th\u00e8ses coperniciennes dans toute l\u2019Europe.<\/p><p>S\u2019il est difficile de nier la connaissance par Galileo Galilei du <i>Convivio <\/i>de Dante Alighieri et de ses apologies de la langue vulgaire, fond\u00e9es sur la triple motivation de la \u00ab cautela di disconvenevole ordinazione \u00bb, de la \u00ab prontezza di liberalitade \u00bb et de \u00ab lo naturale amore a propria loquela \u00bb, il est peut-\u00eatre plus probable de rapporter ce choix \u00e0 l\u2019influence d\u2019Alessandro Piccolomini pendant la p\u00e9riode padouane de Galileo, ainsi qu\u2019\u00e0 sa volont\u00e9 d\u2019attirer la bienveillance de la maison des M\u00e9dicis, en ennoblissant \u00e0 la fois la fonction politique de la langue florentine et les innovations scientifiques et technologiques rendues possibles par la lunette et la m\u00e9thode exp\u00e9rimentale, comme l\u2019atteste la correspondance priv\u00e9e de Galileo.<\/p>\t\t\t\t\t<\/div>\n\t\t\t\t\t\t<\/div>\n\t\t\t\t<\/div>\n\t\t\t\t<div class=\"elementor-element elementor-element-562b28b elementor-widget elementor-widget-olema_core_separator\" data-id=\"562b28b\" data-element_type=\"widget\" data-widget_type=\"olema_core_separator.default\">\n\t\t\t\t<div class=\"elementor-widget-container\">\n\t\t\t<div class=\"qodef-shortcode qodef-m  qodef-separator clear \">\n\t<div class=\"qodef-m-line\" ><\/div>\n<\/div>\t\t<\/div>\n\t\t\t\t<\/div>\n\t\t\t\t<section class=\"elementor-section elementor-inner-section elementor-element elementor-element-a390aa0 elementor-section-boxed elementor-section-height-default elementor-section-height-default qodef-elementor-content-no\" data-id=\"a390aa0\" data-element_type=\"section\">\n\t\t\t\t\t\t<div class=\"elementor-container elementor-column-gap-default\">\n\t\t\t\t\t\t\t<div class=\"elementor-row\">\n\t\t\t\t\t<div class=\"elementor-column elementor-col-50 elementor-inner-column elementor-element elementor-element-a852a80\" data-id=\"a852a80\" data-element_type=\"column\">\n\t\t\t<div class=\"elementor-column-wrap elementor-element-populated\">\n\t\t\t\t\t\t\t<div class=\"elementor-widget-wrap\">\n\t\t\t\t\t\t<div class=\"elementor-element elementor-element-77aa6b5 elementor-widget elementor-widget-olema_core_section_title\" data-id=\"77aa6b5\" data-element_type=\"widget\" data-widget_type=\"olema_core_section_title.default\">\n\t\t\t\t<div class=\"elementor-widget-container\">\n\t\t\t<div class=\"qodef-shortcode qodef-m  qodef-section-title qodef-alignment--left  qodef--has-appear\"  style=\"max-width: unset\">\n\t\t\t<h2 class=\"qodef-m-title\" >\n\t\t\t\t\tDistribuzione delle traduzioni di \"Dialogo sopra i due massimi sistemi\" nel mondo\t\t\t<\/h2>\n\t<\/div>\t\t<\/div>\n\t\t\t\t<\/div>\n\t\t\t\t\t\t<\/div>\n\t\t\t\t\t<\/div>\n\t\t<\/div>\n\t\t\t\t<div class=\"elementor-column elementor-col-50 elementor-inner-column elementor-element elementor-element-a12b335\" data-id=\"a12b335\" data-element_type=\"column\">\n\t\t\t<div class=\"elementor-column-wrap elementor-element-populated\">\n\t\t\t\t\t\t\t<div class=\"elementor-widget-wrap\">\n\t\t\t\t\t\t<div class=\"elementor-element elementor-element-4e778ad elementor-widget elementor-widget-image\" data-id=\"4e778ad\" data-element_type=\"widget\" data-widget_type=\"image.default\">\n\t\t\t\t<div class=\"elementor-widget-container\">\n\t\t\t\t\t\t\t\t<div class=\"elementor-image\">\n\t\t\t\t\t\t\t\t\t\t\t\t\t<a href=\"https:\/\/docs.google.com\/spreadsheets\/d\/1AVegcgjgbh9P6QRRRFxqYcUunaiQlDr3CvVcJfsEwJo\/edit#gid=1612953718\" target=\"_blank\">\n\t\t\t\t\t\t\t<img width=\"600\" height=\"371\" src=\"https:\/\/entradit.it\/wp-content\/uploads\/2026\/03\/Dialogo-sopra-i-due-massimi-sistemi_numero-edizioni.png\" class=\"attachment-large size-large\" alt=\"\" loading=\"lazy\" srcset=\"https:\/\/entradit.it\/wp-content\/uploads\/2026\/03\/Dialogo-sopra-i-due-massimi-sistemi_numero-edizioni.png 600w, https:\/\/entradit.it\/wp-content\/uploads\/2026\/03\/Dialogo-sopra-i-due-massimi-sistemi_numero-edizioni-300x186.png 300w\" sizes=\"(max-width: 600px) 100vw, 600px\" \/>\t\t\t\t\t\t\t\t<\/a>\n\t\t\t\t\t\t\t\t\t\t\t\t\t\t<\/div>\n\t\t\t\t\t\t<\/div>\n\t\t\t\t<\/div>\n\t\t\t\t\t\t<\/div>\n\t\t\t\t\t<\/div>\n\t\t<\/div>\n\t\t\t\t\t\t\t\t<\/div>\n\t\t\t\t\t<\/div>\n\t\t<\/section>\n\t\t\t\t<div class=\"elementor-element elementor-element-166ee6e elementor-widget elementor-widget-spacer\" data-id=\"166ee6e\" data-element_type=\"widget\" data-widget_type=\"spacer.default\">\n\t\t\t\t<div class=\"elementor-widget-container\">\n\t\t\t\t\t<div class=\"elementor-spacer\">\n\t\t\t<div class=\"elementor-spacer-inner\"><\/div>\n\t\t<\/div>\n\t\t\t\t<\/div>\n\t\t\t\t<\/div>\n\t\t\t\t<section class=\"elementor-section elementor-inner-section elementor-element elementor-element-75fa9c2 elementor-section-boxed elementor-section-height-default elementor-section-height-default qodef-elementor-content-no\" data-id=\"75fa9c2\" data-element_type=\"section\">\n\t\t\t\t\t\t<div class=\"elementor-container elementor-column-gap-default\">\n\t\t\t\t\t\t\t<div class=\"elementor-row\">\n\t\t\t\t\t<div class=\"elementor-column elementor-col-50 elementor-inner-column elementor-element elementor-element-41feac0\" data-id=\"41feac0\" data-element_type=\"column\">\n\t\t\t<div class=\"elementor-column-wrap elementor-element-populated\">\n\t\t\t\t\t\t\t<div class=\"elementor-widget-wrap\">\n\t\t\t\t\t\t<div class=\"elementor-element elementor-element-3278090 elementor-widget elementor-widget-olema_core_section_title\" data-id=\"3278090\" data-element_type=\"widget\" data-widget_type=\"olema_core_section_title.default\">\n\t\t\t\t<div class=\"elementor-widget-container\">\n\t\t\t<div class=\"qodef-shortcode qodef-m  qodef-section-title qodef-alignment--left  qodef--has-appear\"  style=\"max-width: unset\">\n\t\t\t<h2 class=\"qodef-m-title\" >\n\t\t\t\t\tDistribuzione delle traduzioni di \"Il Saggiatore\" nel mondo\t\t\t<\/h2>\n\t<\/div>\t\t<\/div>\n\t\t\t\t<\/div>\n\t\t\t\t\t\t<\/div>\n\t\t\t\t\t<\/div>\n\t\t<\/div>\n\t\t\t\t<div class=\"elementor-column elementor-col-50 elementor-inner-column elementor-element elementor-element-8a3991f\" data-id=\"8a3991f\" data-element_type=\"column\">\n\t\t\t<div class=\"elementor-column-wrap elementor-element-populated\">\n\t\t\t\t\t\t\t<div class=\"elementor-widget-wrap\">\n\t\t\t\t\t\t<div class=\"elementor-element elementor-element-dd8ed80 elementor-widget elementor-widget-image\" data-id=\"dd8ed80\" data-element_type=\"widget\" data-widget_type=\"image.default\">\n\t\t\t\t<div class=\"elementor-widget-container\">\n\t\t\t\t\t\t\t\t<div class=\"elementor-image\">\n\t\t\t\t\t\t\t\t\t\t\t\t\t<a href=\"https:\/\/docs.google.com\/spreadsheets\/d\/1AVegcgjgbh9P6QRRRFxqYcUunaiQlDr3CvVcJfsEwJo\/edit#gid=1612953718\" target=\"_blank\">\n\t\t\t\t\t\t\t<img width=\"600\" height=\"371\" src=\"https:\/\/entradit.it\/wp-content\/uploads\/2026\/03\/Il-Saggiatore_numero-edizioni.png\" class=\"attachment-large size-large\" alt=\"\" loading=\"lazy\" srcset=\"https:\/\/entradit.it\/wp-content\/uploads\/2026\/03\/Il-Saggiatore_numero-edizioni.png 600w, https:\/\/entradit.it\/wp-content\/uploads\/2026\/03\/Il-Saggiatore_numero-edizioni-300x186.png 300w\" sizes=\"(max-width: 600px) 100vw, 600px\" \/>\t\t\t\t\t\t\t\t<\/a>\n\t\t\t\t\t\t\t\t\t\t\t\t\t\t<\/div>\n\t\t\t\t\t\t<\/div>\n\t\t\t\t<\/div>\n\t\t\t\t\t\t<\/div>\n\t\t\t\t\t<\/div>\n\t\t<\/div>\n\t\t\t\t\t\t\t\t<\/div>\n\t\t\t\t\t<\/div>\n\t\t<\/section>\n\t\t\t\t<div class=\"elementor-element elementor-element-87f39cc elementor-widget elementor-widget-olema_core_separator\" data-id=\"87f39cc\" data-element_type=\"widget\" data-widget_type=\"olema_core_separator.default\">\n\t\t\t\t<div class=\"elementor-widget-container\">\n\t\t\t<div class=\"qodef-shortcode qodef-m  qodef-separator clear \">\n\t<div class=\"qodef-m-line\" ><\/div>\n<\/div>\t\t<\/div>\n\t\t\t\t<\/div>\n\t\t\t\t<div class=\"elementor-element elementor-element-861970a elementor-widget elementor-widget-olema_core_section_title\" data-id=\"861970a\" data-element_type=\"widget\" data-widget_type=\"olema_core_section_title.default\">\n\t\t\t\t<div class=\"elementor-widget-container\">\n\t\t\t<div class=\"qodef-shortcode qodef-m  qodef-section-title qodef-alignment--left  qodef--has-appear\"  style=\"max-width: unset\">\n\t\t\t<h2 class=\"qodef-m-title\" >\n\t\t\t\t\tBibliographie\t\t\t<\/h2>\n\t<\/div>\t\t<\/div>\n\t\t\t\t<\/div>\n\t\t\t\t<div class=\"elementor-element elementor-element-0058603 elementor-widget elementor-widget-text-editor\" data-id=\"0058603\" data-element_type=\"widget\" data-widget_type=\"text-editor.default\">\n\t\t\t\t<div class=\"elementor-widget-container\">\n\t\t\t\t\t\t\t\t<div class=\"elementor-text-editor elementor-clearfix\">\n\t\t\t\t<p><a href=\"https:\/\/www.treccani.it\/enciclopedia\/galileo-galilei\/\">Galilei, Galileo<\/a>, Enciclopedia Treccani<\/p><p>[1] <a href=\"http:\/\/doi.org\/10.30687\/978-88-6969-450-9\">Marco Bianchi<\/a>, Galileo in Europa. La scelta del volgare e la traduzione latina del Dialogo sopra i due massimi sistemi, \u00abFilologie medievali e moderne\u00bb 23(19), Edizioni Ca\u2019 Foscari, 2020, pp. 63-64<\/p><p>[2] Massimo Bucciantini, Galileo e Keplero. Filosofia, cosmologia e teologia nell\u2019et\u00e0 della Controriforma, Einaudi, Torino, 2003, p. 22.<\/p><p>[3] Marco Bianchi, op. cit., pp. 17-18.<\/p><p>[4] Convivio, I, 5. Rispettivamente la coerenza tra la lingua propria della cosa trattata e la lingua della trattazione, la massima disponibilit\u00e0 di divulgazione presso i lettori contemporanei, e un amore dovuto per la propria lingua d\u2019uso.<\/p><p>[5] Marco Bianchi, op. cit. pp. 18-23.<\/p><p>[6] Id., pp. 29-48.<\/p>\t\t\t\t\t<\/div>\n\t\t\t\t\t\t<\/div>\n\t\t\t\t<\/div>\n\t\t\t\t\t\t<\/div>\n\t\t\t\t\t<\/div>\n\t\t<\/div>\n\t\t\t\t\t\t\t\t<\/div>\n\t\t\t\t\t<\/div>\n\t\t<\/section>\n\t\t\t\t\t\t\t\t\t<\/div>\n\t\t\t<\/div>\n\t\t\t\t\t<\/div>\n\t\t","protected":false},"excerpt":{"rendered":"<p>Il na\u00eet \u00e0 Pise en 1564 et, d\u00e8s sa jeunesse, se consacre \u00e0 la culture formelle de son talent artistique ; cependant, jusqu\u2019\u00e0 son inscription \u00e0 l\u2019universit\u00e9, vers l\u2019\u00e2ge de seize ans, il d\u00e9veloppe une vive passion pour les \u00e9tudes de math\u00e9matiques et de g\u00e9om\u00e9trie euclidienne. Ses premiers trait\u00e9s, r\u00e9dig\u00e9s en latin et en langue [&hellip;]<\/p>\n","protected":false},"author":1,"featured_media":0,"parent":0,"menu_order":0,"comment_status":"closed","ping_status":"closed","template":"","meta":[],"yoast_head":"<!-- This site is optimized with the Yoast SEO plugin v19.6.1 - https:\/\/yoast.com\/wordpress\/plugins\/seo\/ -->\n<title>Galileo Galilei - Entradit<\/title>\n<meta name=\"robots\" content=\"index, follow, max-snippet:-1, max-image-preview:large, max-video-preview:-1\" \/>\n<link rel=\"canonical\" href=\"https:\/\/entradit.it\/fr\/galileo-galilei\/\" \/>\n<meta property=\"og:locale\" content=\"fr_FR\" \/>\n<meta property=\"og:type\" content=\"article\" \/>\n<meta property=\"og:title\" content=\"Galileo Galilei - Entradit\" \/>\n<meta property=\"og:description\" content=\"Il na\u00eet \u00e0 Pise en 1564 et, d\u00e8s sa jeunesse, se consacre \u00e0 la culture formelle de son talent artistique ; cependant, jusqu\u2019\u00e0 son inscription \u00e0 l\u2019universit\u00e9, vers l\u2019\u00e2ge de seize ans, il d\u00e9veloppe une vive passion pour les \u00e9tudes de math\u00e9matiques et de g\u00e9om\u00e9trie euclidienne. Ses premiers trait\u00e9s, r\u00e9dig\u00e9s en latin et en langue [&hellip;]\" \/>\n<meta property=\"og:url\" content=\"https:\/\/entradit.it\/fr\/galileo-galilei\/\" \/>\n<meta property=\"og:site_name\" content=\"Entradit\" \/>\n<meta property=\"article:modified_time\" content=\"2026-03-20T11:59:07+00:00\" \/>\n<meta property=\"og:image\" content=\"https:\/\/entradit.it\/wp-content\/uploads\/2026\/03\/Galileo-Galilei_common-license-806x1024.jpg\" \/>\n<meta name=\"twitter:card\" content=\"summary_large_image\" \/>\n<meta name=\"twitter:label1\" content=\"Dur\u00e9e de lecture estim\u00e9e\" \/>\n\t<meta name=\"twitter:data1\" content=\"4 minutes\" \/>\n<script type=\"application\/ld+json\" class=\"yoast-schema-graph\">{\"@context\":\"https:\/\/schema.org\",\"@graph\":[{\"@type\":\"WebPage\",\"@id\":\"https:\/\/entradit.it\/fr\/galileo-galilei\/\",\"url\":\"https:\/\/entradit.it\/fr\/galileo-galilei\/\",\"name\":\"Galileo Galilei - Entradit\",\"isPartOf\":{\"@id\":\"https:\/\/entradit.it\/fr\/#website\"},\"datePublished\":\"2026-03-20T11:56:28+00:00\",\"dateModified\":\"2026-03-20T11:59:07+00:00\",\"breadcrumb\":{\"@id\":\"https:\/\/entradit.it\/fr\/galileo-galilei\/#breadcrumb\"},\"inLanguage\":\"fr-FR\",\"potentialAction\":[{\"@type\":\"ReadAction\",\"target\":[\"https:\/\/entradit.it\/fr\/galileo-galilei\/\"]}]},{\"@type\":\"BreadcrumbList\",\"@id\":\"https:\/\/entradit.it\/fr\/galileo-galilei\/#breadcrumb\",\"itemListElement\":[{\"@type\":\"ListItem\",\"position\":1,\"name\":\"Home\",\"item\":\"https:\/\/entradit.it\/fr\/\"},{\"@type\":\"ListItem\",\"position\":2,\"name\":\"Galileo Galilei\"}]},{\"@type\":\"WebSite\",\"@id\":\"https:\/\/entradit.it\/fr\/#website\",\"url\":\"https:\/\/entradit.it\/fr\/\",\"name\":\"Entradit\",\"description\":\"L\u2019Edizione nazionale del Compendio delle traduzioni italiane nel mondo\",\"potentialAction\":[{\"@type\":\"SearchAction\",\"target\":{\"@type\":\"EntryPoint\",\"urlTemplate\":\"https:\/\/entradit.it\/fr\/?s={search_term_string}\"},\"query-input\":\"required name=search_term_string\"}],\"inLanguage\":\"fr-FR\"}]}<\/script>\n<!-- \/ Yoast SEO plugin. -->","yoast_head_json":{"title":"Galileo Galilei - Entradit","robots":{"index":"index","follow":"follow","max-snippet":"max-snippet:-1","max-image-preview":"max-image-preview:large","max-video-preview":"max-video-preview:-1"},"canonical":"https:\/\/entradit.it\/fr\/galileo-galilei\/","og_locale":"fr_FR","og_type":"article","og_title":"Galileo Galilei - Entradit","og_description":"Il na\u00eet \u00e0 Pise en 1564 et, d\u00e8s sa jeunesse, se consacre \u00e0 la culture formelle de son talent artistique ; cependant, jusqu\u2019\u00e0 son inscription \u00e0 l\u2019universit\u00e9, vers l\u2019\u00e2ge de seize ans, il d\u00e9veloppe une vive passion pour les \u00e9tudes de math\u00e9matiques et de g\u00e9om\u00e9trie euclidienne. Ses premiers trait\u00e9s, r\u00e9dig\u00e9s en latin et en langue [&hellip;]","og_url":"https:\/\/entradit.it\/fr\/galileo-galilei\/","og_site_name":"Entradit","article_modified_time":"2026-03-20T11:59:07+00:00","og_image":[{"url":"https:\/\/entradit.it\/wp-content\/uploads\/2026\/03\/Galileo-Galilei_common-license-806x1024.jpg"}],"twitter_card":"summary_large_image","twitter_misc":{"Dur\u00e9e de lecture estim\u00e9e":"4 minutes"},"schema":{"@context":"https:\/\/schema.org","@graph":[{"@type":"WebPage","@id":"https:\/\/entradit.it\/fr\/galileo-galilei\/","url":"https:\/\/entradit.it\/fr\/galileo-galilei\/","name":"Galileo Galilei - Entradit","isPartOf":{"@id":"https:\/\/entradit.it\/fr\/#website"},"datePublished":"2026-03-20T11:56:28+00:00","dateModified":"2026-03-20T11:59:07+00:00","breadcrumb":{"@id":"https:\/\/entradit.it\/fr\/galileo-galilei\/#breadcrumb"},"inLanguage":"fr-FR","potentialAction":[{"@type":"ReadAction","target":["https:\/\/entradit.it\/fr\/galileo-galilei\/"]}]},{"@type":"BreadcrumbList","@id":"https:\/\/entradit.it\/fr\/galileo-galilei\/#breadcrumb","itemListElement":[{"@type":"ListItem","position":1,"name":"Home","item":"https:\/\/entradit.it\/fr\/"},{"@type":"ListItem","position":2,"name":"Galileo Galilei"}]},{"@type":"WebSite","@id":"https:\/\/entradit.it\/fr\/#website","url":"https:\/\/entradit.it\/fr\/","name":"Entradit","description":"L\u2019Edizione nazionale del Compendio delle traduzioni italiane nel mondo","potentialAction":[{"@type":"SearchAction","target":{"@type":"EntryPoint","urlTemplate":"https:\/\/entradit.it\/fr\/?s={search_term_string}"},"query-input":"required name=search_term_string"}],"inLanguage":"fr-FR"}]}},"_links":{"self":[{"href":"https:\/\/entradit.it\/fr\/wp-json\/wp\/v2\/pages\/6338"}],"collection":[{"href":"https:\/\/entradit.it\/fr\/wp-json\/wp\/v2\/pages"}],"about":[{"href":"https:\/\/entradit.it\/fr\/wp-json\/wp\/v2\/types\/page"}],"author":[{"embeddable":true,"href":"https:\/\/entradit.it\/fr\/wp-json\/wp\/v2\/users\/1"}],"replies":[{"embeddable":true,"href":"https:\/\/entradit.it\/fr\/wp-json\/wp\/v2\/comments?post=6338"}],"version-history":[{"count":4,"href":"https:\/\/entradit.it\/fr\/wp-json\/wp\/v2\/pages\/6338\/revisions"}],"predecessor-version":[{"id":6479,"href":"https:\/\/entradit.it\/fr\/wp-json\/wp\/v2\/pages\/6338\/revisions\/6479"}],"wp:attachment":[{"href":"https:\/\/entradit.it\/fr\/wp-json\/wp\/v2\/media?parent=6338"}],"curies":[{"name":"wp","href":"https:\/\/api.w.org\/{rel}","templated":true}]}}